{"id":14696,"date":"2020-10-13T02:48:45","date_gmt":"2020-10-13T02:48:45","guid":{"rendered":"https:\/\/shoefootprint.com\/versand-und-rueckgabe\/"},"modified":"2024-10-14T19:28:49","modified_gmt":"2024-10-14T19:28:49","slug":"versand-und-rueckgabe","status":"publish","type":"page","link":"https:\/\/shoefootprint.com\/de\/versand-und-rueckgabe\/","title":{"rendered":"Versand und R\u00fcckgabe"},"content":{"rendered":"\t\t<div data-elementor-type=\"wp-page\" data-elementor-id=\"14696\" class=\"elementor elementor-14696 elementor-546\">\n\t\t\t\t\t\t<section class=\"elementor-section elementor-top-section elementor-element elementor-element-d5bbbbe elementor-section-boxed elementor-section-height-default elementor-section-height-default\" data-id=\"d5bbbbe\" data-element_type=\"section\" data-e-type=\"section\">\n\t\t\t\t\t\t<div class=\"elementor-container elementor-column-gap-extended\">\n\t\t\t\t\t<div class=\"elementor-column elementor-col-33 elementor-top-column elementor-element elementor-element-194966c\" data-id=\"194966c\" data-element_type=\"column\" data-e-type=\"column\">\n\t\t\t<div class=\"elementor-widget-wrap\">\n\t\t\t\t\t\t\t<\/div>\n\t\t<\/div>\n\t\t\t\t<div class=\"elementor-column elementor-col-33 elementor-top-column elementor-element elementor-element-a8f22a2\" data-id=\"a8f22a2\" data-element_type=\"column\" data-e-type=\"column\" data-settings=\"{&quot;background_background&quot;:&quot;classic&quot;}\">\n\t\t\t<div class=\"elementor-widget-wrap elementor-element-populated\">\n\t\t\t\t\t\t<div class=\"elementor-element elementor-element-4d6925f elementor-widget elementor-widget-text-editor\" data-id=\"4d6925f\" data-element_type=\"widget\" data-e-type=\"widget\" data-widget_type=\"text-editor.default\">\n\t\t\t\t<div class=\"elementor-widget-container\">\n\t\t\t\t\t\t\t\t\t<h3 class=\"elementor-widget-container\">Versand<\/h3>\n<div class=\"elementor-widget-container\">\n<div>Der Bestellvorgang kann je nach Produkt 2-10 Werktage dauern. Wenn Sie also eine sehr dringende Bestellung aufgeben m\u00f6chten, kontaktieren Sie uns bitte, bevor Sie Ihre Bestellung aufgeben, damit wir Ihnen ein genaues Datum f\u00fcr den Versand und die Lieferung nennen k\u00f6nnen.  <\/div>\n<\/div>\n\t\t\t\t\t\t\t\t<\/div>\n\t\t\t\t<\/div>\n\t\t\t\t<div class=\"elementor-element elementor-element-cf5c770 elementor-widget elementor-widget-text-editor\" data-id=\"cf5c770\" data-element_type=\"widget\" data-e-type=\"widget\" data-widget_type=\"text-editor.default\">\n\t\t\t\t<div class=\"elementor-widget-container\">\n\t\t\t\t\t\t\t\t\t<h3>Liefert<\/h3>\n<p>Wenn Sie mit der Ware, die Sie erhalten haben, nicht zufrieden sind, k\u00f6nnen Sie sie innerhalb von 14 Tagen nach Erhalt an uns zur\u00fccksenden, sofern sie sich im Originalzustand befindet. R\u00fccksendungen m\u00fcssen per E-Mail gemeldet werden: <strong><span style=\"text-decoration: underline;\">info.shoefootprint@gmail.com<\/span><\/strong> <\/p>\n<p>Nach der R\u00fccksendung haben Sie Anspruch auf einen Umtausch oder eine R\u00fcckerstattung, wobei die Kosten f\u00fcr das Originalporto und die Verpackung nicht enthalten sind. Wir k\u00f6nnen keine Artikel erstatten oder umtauschen, die anscheinend getragen oder gewaschen wurden oder sich nicht im Originalzustand befinden. <\/p>\n\t\t\t\t\t\t\t\t<\/div>\n\t\t\t\t<\/div>\n\t\t\t\t<div class=\"elementor-element elementor-element-eee4ce5 elementor-widget elementor-widget-text-editor\" data-id=\"eee4ce5\" data-element_type=\"widget\" data-e-type=\"widget\" data-widget_type=\"text-editor.default\">\n\t\t\t\t<div class=\"elementor-widget-container\">\n\t\t\t\t\t\t\t\t\t<ul>\n<li>\n<p>Alle zur\u00fcckgegebenen Artikel m\u00fcssen ungetragen, ungewaschen und mit den Original-Etiketten und\/oder der Original-Verpackung versehen sein, falls zutreffend.<\/p>\n<\/li>\n<li>\n<p>Wir sind nicht verantwortlich f\u00fcr die R\u00fccksendekosten der Artikel.<\/p>\n<\/li>\n<li>\n<p>Alle Artikel m\u00fcssen sich in einem originalen, wiederverkaufsf\u00e4higen Zustand befinden.<\/p>\n<\/li>\n<li>\n<p>Bitte vergewissern Sie sich, dass alle zur\u00fcckgesandten Artikel gut verpackt sind, damit sie auf dem Postweg nicht besch\u00e4digt werden.<\/p>\n<\/li>\n<li>\n<p>Wenn Sie Schuhe zur\u00fcckschicken, vergewissern Sie sich bitte, dass der Karton mit einer \u00e4u\u00dferen Verpackungsschicht gesch\u00fctzt ist. Der Karton ist Teil des Produkts, daher kann jede Besch\u00e4digung dazu f\u00fchren, dass die R\u00fcckgabe abgelehnt wird. <\/p>\n<\/li>\n<li>\n<p>Bitte vergewissern Sie sich, dass alle R\u00fccksendungen mit einem verfolgbaren, versicherten Service verschickt werden.<\/p>\n<\/li>\n<li>\n<p>Wir k\u00f6nnen keine Verantwortung f\u00fcr Artikel \u00fcbernehmen, die auf dem R\u00fccktransport besch\u00e4digt werden oder verloren gehen.<\/p>\n<\/li>\n<li>\n<p>Weitere Informationen zur R\u00fcckgabe finden Sie in unseren Allgemeinen Gesch\u00e4ftsbedingungen.<\/p>\n<\/li>\n<\/ul>\n\t\t\t\t\t\t\t\t<\/div>\n\t\t\t\t<\/div>\n\t\t\t\t<div class=\"elementor-element elementor-element-1f8fd0e elementor-widget elementor-widget-heading\" data-id=\"1f8fd0e\" data-element_type=\"widget\" data-e-type=\"widget\" data-widget_type=\"heading.default\">\n\t\t\t\t<div class=\"elementor-widget-container\">\n\t\t\t\t\t<h4 class=\"elementor-heading-title elementor-size-default\">Versand weltweit<\/h4>\t\t\t\t<\/div>\n\t\t\t\t<\/div>\n\t\t\t\t<div class=\"elementor-element elementor-element-6a9309e elementor-widget elementor-widget-text-editor\" data-id=\"6a9309e\" data-element_type=\"widget\" data-e-type=\"widget\" data-widget_type=\"text-editor.default\">\n\t\t\t\t<div class=\"elementor-widget-container\">\n\t\t\t\t\t\t\t\t\t<p>Wir sind stolz darauf, unseren gesch\u00e4tzten Kunden einen weltweiten Versand anbieten zu k\u00f6nnen. Bitte beachten Sie, dass die Versandzeiten je nach Ihrem Standort variieren k\u00f6nnen. Im Allgemeinen k\u00f6nnen Sie davon ausgehen, dass Ihre Bestellung innerhalb von <strong>7 bis 14 Tagen<\/strong> bei Ihnen eintrifft. Wenn Sie Fragen zu Ihrer Bestellung haben oder weitere Hilfe ben\u00f6tigen, wenden Sie sich bitte an unser Kundenservice-Team.   <\/p>\n\t\t\t\t\t\t\t\t<\/div>\n\t\t\t\t<\/div>\n\t\t\t\t<section class=\"elementor-section elementor-inner-section elementor-element elementor-element-eb04fc1 elementor-section-boxed elementor-section-height-default elementor-section-height-default\" data-id=\"eb04fc1\" data-element_type=\"section\" data-e-type=\"section\">\n\t\t\t\t\t\t<div class=\"elementor-container elementor-column-gap-no\">\n\t\t\t\t\t<div class=\"elementor-column elementor-col-50 elementor-inner-column elementor-element elementor-element-8f6e4ef\" data-id=\"8f6e4ef\" data-element_type=\"column\" data-e-type=\"column\">\n\t\t\t<div class=\"elementor-widget-wrap elementor-element-populated\">\n\t\t\t\t\t\t<div class=\"elementor-element elementor-element-a2bcedb elementor-widget elementor-widget-text-editor\" data-id=\"a2bcedb\" data-element_type=\"widget\" data-e-type=\"widget\" data-widget_type=\"text-editor.default\">\n\t\t\t\t<div class=\"elementor-widget-container\">\n\t\t\t\t\t\t\t\t\t<p><a class=\"razzi-button button-outline button-big\" href=\"https:\/\/shoefootprint.com\/de\/faqs\/\">Haben Sie weitere Fragen?<\/a><\/p>\n\t\t\t\t\t\t\t\t<\/div>\n\t\t\t\t<\/div>\n\t\t\t\t\t<\/div>\n\t\t<\/div>\n\t\t\t\t<div class=\"elementor-column elementor-col-50 elementor-inner-column elementor-element elementor-element-0a235ed\" data-id=\"0a235ed\" data-element_type=\"column\" data-e-type=\"column\">\n\t\t\t<div class=\"elementor-widget-wrap elementor-element-populated\">\n\t\t\t\t\t\t<div class=\"elementor-element elementor-element-74ae363 elementor-widget elementor-widget-text-editor\" data-id=\"74ae363\" data-element_type=\"widget\" data-e-type=\"widget\" data-widget_type=\"text-editor.default\">\n\t\t\t\t<div class=\"elementor-widget-container\">\n\t\t\t\t\t\t\t\t\t<p><a class=\"razzi-button button-outline button-big\" href=\"https:\/\/shoefootprint.com\/de\/kontaktieren-sie-uns\/\">M\u00f6chten Sie uns kontaktieren?<\/a><\/p>\n\t\t\t\t\t\t\t\t<\/div>\n\t\t\t\t<\/div>\n\t\t\t\t\t<\/div>\n\t\t<\/div>\n\t\t\t\t\t<\/div>\n\t\t<\/section>\n\t\t\t\t\t<\/div>\n\t\t<\/div>\n\t\t\t\t<div class=\"elementor-column elementor-col-33 elementor-top-column elementor-element elementor-element-43ee965\" data-id=\"43ee965\" data-element_type=\"column\" data-e-type=\"column\">\n\t\t\t<div class=\"elementor-widget-wrap\">\n\t\t\t\t\t\t\t<\/div>\n\t\t<\/div>\n\t\t\t\t\t<\/div>\n\t\t<\/section>\n\t\t\t\t<\/div>\n\t\t","protected":false},"excerpt":{"rendered":"<p>Versand Der Bestellvorgang kann je nach Produkt 2-10 Werktage dauern. Wenn Sie also eine sehr dringende Bestellung aufgeben m\u00f6chten, kontaktieren Sie uns bitte, bevor Sie Ihre Bestellung aufgeben, damit wir Ihnen ein genaues Datum f\u00fcr den Versand und die Lieferung nennen k\u00f6nnen. Liefert Wenn Sie mit der Ware, die Sie erhalten haben, nicht zufrieden sind, [&hellip;]<\/p>\n","protected":false},"author":1,"featured_media":0,"parent":0,"menu_order":0,"comment_status":"closed","ping_status":"closed","template":"","meta":{"footnotes":""},"class_list":["post-14696","page","type-page","status-publish","hentry"],"yoast_head":"<!-- This site is optimized with the Yoast SEO plugin v26.8 - https:\/\/yoast.com\/product\/yoast-seo-wordpress\/ -->\n<title>Versand und R\u00fcckgabe - Shoe footprint<\/title>\n<meta name=\"robots\" content=\"index, follow, max-snippet:-1, max-image-preview:large, max-video-preview:-1\" \/>\n<link rel=\"canonical\" href=\"https:\/\/shoefootprint.com\/shipping-returns\/\" \/>\n<meta property=\"og:locale\" content=\"de_DE\" \/>\n<meta property=\"og:type\" content=\"article\" \/>\n<meta property=\"og:title\" content=\"Versand und R\u00fcckgabe - Shoe footprint\" \/>\n<meta property=\"og:description\" content=\"Versand Der Bestellvorgang kann je nach Produkt 2-10 Werktage dauern. Wenn Sie also eine sehr dringende Bestellung aufgeben m\u00f6chten, kontaktieren Sie uns bitte, bevor Sie Ihre Bestellung aufgeben, damit wir Ihnen ein genaues Datum f\u00fcr den Versand und die Lieferung nennen k\u00f6nnen. Liefert Wenn Sie mit der Ware, die Sie erhalten haben, nicht zufrieden sind, [&hellip;]\" \/>\n<meta property=\"og:url\" content=\"https:\/\/shoefootprint.com\/shipping-returns\/\" \/>\n<meta property=\"og:site_name\" content=\"Shoe footprint\" \/>\n<meta property=\"article:modified_time\" content=\"2024-10-14T19:28:49+00:00\" \/>\n<meta name=\"twitter:card\" content=\"summary_large_image\" \/>\n<meta name=\"twitter:label1\" content=\"Gesch\u00e4tzte Lesezeit\" \/>\n\t<meta name=\"twitter:data1\" content=\"2\u00a0Minuten\" \/>\n<script type=\"application\/ld+json\" class=\"yoast-schema-graph\">{\"@context\":\"https:\/\/schema.org\",\"@graph\":[{\"@type\":\"WebPage\",\"@id\":\"https:\/\/shoefootprint.com\/shipping-returns\/\",\"url\":\"https:\/\/shoefootprint.com\/shipping-returns\/\",\"name\":\"Versand und R\u00fcckgabe - Shoe footprint\",\"isPartOf\":{\"@id\":\"https:\/\/shoefootprint.com\/#website\"},\"datePublished\":\"2020-10-13T02:48:45+00:00\",\"dateModified\":\"2024-10-14T19:28:49+00:00\",\"breadcrumb\":{\"@id\":\"https:\/\/shoefootprint.com\/shipping-returns\/#breadcrumb\"},\"inLanguage\":\"de\",\"potentialAction\":[{\"@type\":\"ReadAction\",\"target\":[\"https:\/\/shoefootprint.com\/shipping-returns\/\"]}]},{\"@type\":\"BreadcrumbList\",\"@id\":\"https:\/\/shoefootprint.com\/shipping-returns\/#breadcrumb\",\"itemListElement\":[{\"@type\":\"ListItem\",\"position\":1,\"name\":\"Home\",\"item\":\"https:\/\/shoefootprint.com\/\"},{\"@type\":\"ListItem\",\"position\":2,\"name\":\"Versand und R\u00fcckgabe\"}]},{\"@type\":\"WebSite\",\"@id\":\"https:\/\/shoefootprint.com\/#website\",\"url\":\"https:\/\/shoefootprint.com\/\",\"name\":\"Shoe footprint\",\"description\":\"\",\"potentialAction\":[{\"@type\":\"SearchAction\",\"target\":{\"@type\":\"EntryPoint\",\"urlTemplate\":\"https:\/\/shoefootprint.com\/?s={search_term_string}\"},\"query-input\":{\"@type\":\"PropertyValueSpecification\",\"valueRequired\":true,\"valueName\":\"search_term_string\"}}],\"inLanguage\":\"de\"}]}<\/script>\n<!-- \/ Yoast SEO plugin. -->","yoast_head_json":{"title":"Versand und R\u00fcckgabe - Shoe footprint","robots":{"index":"index","follow":"follow","max-snippet":"max-snippet:-1","max-image-preview":"max-image-preview:large","max-video-preview":"max-video-preview:-1"},"canonical":"https:\/\/shoefootprint.com\/shipping-returns\/","og_locale":"de_DE","og_type":"article","og_title":"Versand und R\u00fcckgabe - Shoe footprint","og_description":"Versand Der Bestellvorgang kann je nach Produkt 2-10 Werktage dauern. Wenn Sie also eine sehr dringende Bestellung aufgeben m\u00f6chten, kontaktieren Sie uns bitte, bevor Sie Ihre Bestellung aufgeben, damit wir Ihnen ein genaues Datum f\u00fcr den Versand und die Lieferung nennen k\u00f6nnen. Liefert Wenn Sie mit der Ware, die Sie erhalten haben, nicht zufrieden sind, [&hellip;]","og_url":"https:\/\/shoefootprint.com\/shipping-returns\/","og_site_name":"Shoe footprint","article_modified_time":"2024-10-14T19:28:49+00:00","twitter_card":"summary_large_image","twitter_misc":{"Gesch\u00e4tzte Lesezeit":"2\u00a0Minuten"},"schema":{"@context":"https:\/\/schema.org","@graph":[{"@type":"WebPage","@id":"https:\/\/shoefootprint.com\/shipping-returns\/","url":"https:\/\/shoefootprint.com\/shipping-returns\/","name":"Versand und R\u00fcckgabe - Shoe footprint","isPartOf":{"@id":"https:\/\/shoefootprint.com\/#website"},"datePublished":"2020-10-13T02:48:45+00:00","dateModified":"2024-10-14T19:28:49+00:00","breadcrumb":{"@id":"https:\/\/shoefootprint.com\/shipping-returns\/#breadcrumb"},"inLanguage":"de","potentialAction":[{"@type":"ReadAction","target":["https:\/\/shoefootprint.com\/shipping-returns\/"]}]},{"@type":"BreadcrumbList","@id":"https:\/\/shoefootprint.com\/shipping-returns\/#breadcrumb","itemListElement":[{"@type":"ListItem","position":1,"name":"Home","item":"https:\/\/shoefootprint.com\/"},{"@type":"ListItem","position":2,"name":"Versand und R\u00fcckgabe"}]},{"@type":"WebSite","@id":"https:\/\/shoefootprint.com\/#website","url":"https:\/\/shoefootprint.com\/","name":"Shoe footprint","description":"","potentialAction":[{"@type":"SearchAction","target":{"@type":"EntryPoint","urlTemplate":"https:\/\/shoefootprint.com\/?s={search_term_string}"},"query-input":{"@type":"PropertyValueSpecification","valueRequired":true,"valueName":"search_term_string"}}],"inLanguage":"de"}]}},"_links":{"self":[{"href":"https:\/\/shoefootprint.com\/de\/wp-json\/wp\/v2\/pages\/14696","targetHints":{"allow":["GET"]}}],"collection":[{"href":"https:\/\/shoefootprint.com\/de\/wp-json\/wp\/v2\/pages"}],"about":[{"href":"https:\/\/shoefootprint.com\/de\/wp-json\/wp\/v2\/types\/page"}],"author":[{"embeddable":true,"href":"https:\/\/shoefootprint.com\/de\/wp-json\/wp\/v2\/users\/1"}],"replies":[{"embeddable":true,"href":"https:\/\/shoefootprint.com\/de\/wp-json\/wp\/v2\/comments?post=14696"}],"version-history":[{"count":1,"href":"https:\/\/shoefootprint.com\/de\/wp-json\/wp\/v2\/pages\/14696\/revisions"}],"predecessor-version":[{"id":14697,"href":"https:\/\/shoefootprint.com\/de\/wp-json\/wp\/v2\/pages\/14696\/revisions\/14697"}],"wp:attachment":[{"href":"https:\/\/shoefootprint.com\/de\/wp-json\/wp\/v2\/media?parent=14696"}],"curies":[{"name":"wp","href":"https:\/\/api.w.org\/{rel}","templated":true}]}}