{"id":14706,"date":"2024-10-07T05:16:18","date_gmt":"2024-10-07T05:16:18","guid":{"rendered":"https:\/\/shoefootprint.com\/loeschung-von-benutzerdaten\/"},"modified":"2024-10-14T19:29:37","modified_gmt":"2024-10-14T19:29:37","slug":"loeschung-von-benutzerdaten","status":"publish","type":"page","link":"https:\/\/shoefootprint.com\/de\/loeschung-von-benutzerdaten\/","title":{"rendered":"L\u00f6schung von Benutzerdaten"},"content":{"rendered":"\n<p class=\"has-x-large-font-size\"><strong>Richtlinie zur Datenl\u00f6schung (konform mit GDPR)<\/strong><\/p>\n\n<p>Wir von Shoefootprint.com verpflichten uns, Ihre Privatsph\u00e4re zu respektieren und zu sch\u00fctzen. In \u00dcbereinstimmung mit der General Data Protection Regulation (GDPR) erl\u00e4utert diese Richtlinie die Prozesse, die wir f\u00fcr die L\u00f6schung von Benutzerkonten eingerichtet haben, und wie Antr\u00e4ge auf Datenl\u00f6schung gestellt werden k\u00f6nnen. <\/p>\n\n<h3 class=\"wp-block-heading\">1. <strong>Option f\u00fcr Benutzer zum L\u00f6schen ihrer Konten<\/strong><\/h3>\n\n<p>Wenn Sie ein registrierter Benutzer sind, haben Sie die M\u00f6glichkeit, Ihr Konto jederzeit \u00fcber Ihre Benutzereinstellungen zu l\u00f6schen. Dadurch werden Ihre pers\u00f6nlichen Daten dauerhaft aus unserem System entfernt, einschlie\u00dflich aller \u00fcber Facebook oder andere Plattformen Dritter geteilten Informationen. <\/p>\n\n<p>Um Ihr Konto zu l\u00f6schen, folgen Sie den Anweisungen in unserem Leitfaden: <br\/>Konto > Einstellungen > Mein Konto l\u00f6schen.<\/p>\n\n<h3 class=\"wp-block-heading\">2. <strong>Datenl\u00f6schung durch Admin (f\u00fcr Nicht-Benutzer)<\/strong><\/h3>\n\n<p>Wenn Sie nicht in der Lage sind, Ihr Konto direkt zu l\u00f6schen, oder wenn Ihr Konto ohne direkte Benutzerregistrierung erstellt wurde (z.B. durch Facebook-Login), k\u00f6nnen Sie einen Antrag auf L\u00f6schung der Daten stellen.<\/p>\n\n<p>Wenden Sie sich dazu an unseren Datenschutzbeauftragten (DSB), indem Sie eine E-Mail an:<br\/><strong><a>help@shoefootprint.com<\/a><\/strong><\/p>\n\n<p>Bitte geben Sie in Ihrem Antrag die folgenden Informationen an:<\/p>\n\n<ul class=\"wp-block-list\">\n<li>Ihr vollst\u00e4ndiger Name<\/li>\n\n\n\n<li>Die mit dem Konto verkn\u00fcpfte E-Mail-Adresse<\/li>\n\n\n\n<li>Details zu den spezifischen Daten oder dem Konto, das Sie l\u00f6schen m\u00f6chten<\/li>\n<\/ul>\n\n<p>Nach Erhalt Ihrer Anfrage werden wir diese innerhalb von 30 Tagen unter Einhaltung der GDPR-Vorschriften bearbeiten. Wir k\u00f6nnen zus\u00e4tzliche Informationen anfordern, um Ihre Identit\u00e4t zu \u00fcberpr\u00fcfen. <\/p>\n\n<h3 class=\"wp-block-heading\">3. <strong>Entfernen von Facebook-Daten<\/strong><\/h3>\n\n<p>Wenn Sie Facebook benutzt haben, um sich auf unserer Website zu registrieren oder einzuloggen, k\u00f6nnen Sie die L\u00f6schung aller zwischen Shoefootprint.com und Facebook ausgetauschten Daten verlangen. Sie k\u00f6nnen den Zugriff \u00fcber Ihre Facebook-Einstellungen widerrufen, wodurch der weitere Datenaustausch gestoppt wird. Um sicherzustellen, dass alle zugeh\u00f6rigen Daten aus unserem System gel\u00f6scht werden, folgen Sie bitte unserem Prozess zur Kontol\u00f6schung oder stellen Sie einen Antrag auf Datenl\u00f6schung.  <\/p>\n\n<p>Weitere Informationen zur Verwaltung Ihrer Facebook-Datenberechtigungen finden Sie unter:<br\/><a href=\"https:\/\/www.facebook.com\/about\/privacy\/\">Facebooks Datenschutzrichtlinie<\/a><\/p>\n\n<p><\/p>\n","protected":false},"excerpt":{"rendered":"<p>Richtlinie zur Datenl\u00f6schung (konform mit GDPR) Wir von Shoefootprint.com verpflichten uns, Ihre Privatsph\u00e4re zu respektieren und zu sch\u00fctzen. In \u00dcbereinstimmung mit der General Data Protection Regulation (GDPR) erl\u00e4utert diese Richtlinie die Prozesse, die wir f\u00fcr die L\u00f6schung von Benutzerkonten eingerichtet haben, und wie Antr\u00e4ge auf Datenl\u00f6schung gestellt werden k\u00f6nnen. 1. Option f\u00fcr Benutzer zum L\u00f6schen [&hellip;]<\/p>\n","protected":false},"author":1,"featured_media":0,"parent":0,"menu_order":0,"comment_status":"closed","ping_status":"closed","template":"","meta":{"footnotes":""},"class_list":["post-14706","page","type-page","status-publish","hentry"],"yoast_head":"<!-- This site is optimized with the Yoast SEO plugin v26.8 - https:\/\/yoast.com\/product\/yoast-seo-wordpress\/ -->\n<title>L\u00f6schung von Benutzerdaten - Shoe footprint<\/title>\n<meta name=\"robots\" content=\"index, follow, max-snippet:-1, max-image-preview:large, max-video-preview:-1\" \/>\n<link rel=\"canonical\" href=\"https:\/\/shoefootprint.com\/user-data-deletion\/\" \/>\n<meta property=\"og:locale\" content=\"de_DE\" \/>\n<meta property=\"og:type\" content=\"article\" \/>\n<meta property=\"og:title\" content=\"L\u00f6schung von Benutzerdaten - Shoe footprint\" \/>\n<meta property=\"og:description\" content=\"Richtlinie zur Datenl\u00f6schung (konform mit GDPR) Wir von Shoefootprint.com verpflichten uns, Ihre Privatsph\u00e4re zu respektieren und zu sch\u00fctzen. In \u00dcbereinstimmung mit der General Data Protection Regulation (GDPR) erl\u00e4utert diese Richtlinie die Prozesse, die wir f\u00fcr die L\u00f6schung von Benutzerkonten eingerichtet haben, und wie Antr\u00e4ge auf Datenl\u00f6schung gestellt werden k\u00f6nnen. 1. Option f\u00fcr Benutzer zum L\u00f6schen [&hellip;]\" \/>\n<meta property=\"og:url\" content=\"https:\/\/shoefootprint.com\/user-data-deletion\/\" \/>\n<meta property=\"og:site_name\" content=\"Shoe footprint\" \/>\n<meta property=\"article:modified_time\" content=\"2024-10-14T19:29:37+00:00\" \/>\n<meta name=\"twitter:card\" content=\"summary_large_image\" \/>\n<meta name=\"twitter:label1\" content=\"Gesch\u00e4tzte Lesezeit\" \/>\n\t<meta name=\"twitter:data1\" content=\"2\u00a0Minuten\" \/>\n<script type=\"application\/ld+json\" class=\"yoast-schema-graph\">{\"@context\":\"https:\/\/schema.org\",\"@graph\":[{\"@type\":\"WebPage\",\"@id\":\"https:\/\/shoefootprint.com\/user-data-deletion\/\",\"url\":\"https:\/\/shoefootprint.com\/user-data-deletion\/\",\"name\":\"L\u00f6schung von Benutzerdaten - Shoe footprint\",\"isPartOf\":{\"@id\":\"https:\/\/shoefootprint.com\/#website\"},\"datePublished\":\"2024-10-07T05:16:18+00:00\",\"dateModified\":\"2024-10-14T19:29:37+00:00\",\"breadcrumb\":{\"@id\":\"https:\/\/shoefootprint.com\/user-data-deletion\/#breadcrumb\"},\"inLanguage\":\"de\",\"potentialAction\":[{\"@type\":\"ReadAction\",\"target\":[\"https:\/\/shoefootprint.com\/user-data-deletion\/\"]}]},{\"@type\":\"BreadcrumbList\",\"@id\":\"https:\/\/shoefootprint.com\/user-data-deletion\/#breadcrumb\",\"itemListElement\":[{\"@type\":\"ListItem\",\"position\":1,\"name\":\"Home\",\"item\":\"https:\/\/shoefootprint.com\/\"},{\"@type\":\"ListItem\",\"position\":2,\"name\":\"L\u00f6schung von Benutzerdaten\"}]},{\"@type\":\"WebSite\",\"@id\":\"https:\/\/shoefootprint.com\/#website\",\"url\":\"https:\/\/shoefootprint.com\/\",\"name\":\"Shoe footprint\",\"description\":\"\",\"potentialAction\":[{\"@type\":\"SearchAction\",\"target\":{\"@type\":\"EntryPoint\",\"urlTemplate\":\"https:\/\/shoefootprint.com\/?s={search_term_string}\"},\"query-input\":{\"@type\":\"PropertyValueSpecification\",\"valueRequired\":true,\"valueName\":\"search_term_string\"}}],\"inLanguage\":\"de\"}]}<\/script>\n<!-- \/ Yoast SEO plugin. -->","yoast_head_json":{"title":"L\u00f6schung von Benutzerdaten - Shoe footprint","robots":{"index":"index","follow":"follow","max-snippet":"max-snippet:-1","max-image-preview":"max-image-preview:large","max-video-preview":"max-video-preview:-1"},"canonical":"https:\/\/shoefootprint.com\/user-data-deletion\/","og_locale":"de_DE","og_type":"article","og_title":"L\u00f6schung von Benutzerdaten - Shoe footprint","og_description":"Richtlinie zur Datenl\u00f6schung (konform mit GDPR) Wir von Shoefootprint.com verpflichten uns, Ihre Privatsph\u00e4re zu respektieren und zu sch\u00fctzen. In \u00dcbereinstimmung mit der General Data Protection Regulation (GDPR) erl\u00e4utert diese Richtlinie die Prozesse, die wir f\u00fcr die L\u00f6schung von Benutzerkonten eingerichtet haben, und wie Antr\u00e4ge auf Datenl\u00f6schung gestellt werden k\u00f6nnen. 1. Option f\u00fcr Benutzer zum L\u00f6schen [&hellip;]","og_url":"https:\/\/shoefootprint.com\/user-data-deletion\/","og_site_name":"Shoe footprint","article_modified_time":"2024-10-14T19:29:37+00:00","twitter_card":"summary_large_image","twitter_misc":{"Gesch\u00e4tzte Lesezeit":"2\u00a0Minuten"},"schema":{"@context":"https:\/\/schema.org","@graph":[{"@type":"WebPage","@id":"https:\/\/shoefootprint.com\/user-data-deletion\/","url":"https:\/\/shoefootprint.com\/user-data-deletion\/","name":"L\u00f6schung von Benutzerdaten - Shoe footprint","isPartOf":{"@id":"https:\/\/shoefootprint.com\/#website"},"datePublished":"2024-10-07T05:16:18+00:00","dateModified":"2024-10-14T19:29:37+00:00","breadcrumb":{"@id":"https:\/\/shoefootprint.com\/user-data-deletion\/#breadcrumb"},"inLanguage":"de","potentialAction":[{"@type":"ReadAction","target":["https:\/\/shoefootprint.com\/user-data-deletion\/"]}]},{"@type":"BreadcrumbList","@id":"https:\/\/shoefootprint.com\/user-data-deletion\/#breadcrumb","itemListElement":[{"@type":"ListItem","position":1,"name":"Home","item":"https:\/\/shoefootprint.com\/"},{"@type":"ListItem","position":2,"name":"L\u00f6schung von Benutzerdaten"}]},{"@type":"WebSite","@id":"https:\/\/shoefootprint.com\/#website","url":"https:\/\/shoefootprint.com\/","name":"Shoe footprint","description":"","potentialAction":[{"@type":"SearchAction","target":{"@type":"EntryPoint","urlTemplate":"https:\/\/shoefootprint.com\/?s={search_term_string}"},"query-input":{"@type":"PropertyValueSpecification","valueRequired":true,"valueName":"search_term_string"}}],"inLanguage":"de"}]}},"_links":{"self":[{"href":"https:\/\/shoefootprint.com\/de\/wp-json\/wp\/v2\/pages\/14706","targetHints":{"allow":["GET"]}}],"collection":[{"href":"https:\/\/shoefootprint.com\/de\/wp-json\/wp\/v2\/pages"}],"about":[{"href":"https:\/\/shoefootprint.com\/de\/wp-json\/wp\/v2\/types\/page"}],"author":[{"embeddable":true,"href":"https:\/\/shoefootprint.com\/de\/wp-json\/wp\/v2\/users\/1"}],"replies":[{"embeddable":true,"href":"https:\/\/shoefootprint.com\/de\/wp-json\/wp\/v2\/comments?post=14706"}],"version-history":[{"count":1,"href":"https:\/\/shoefootprint.com\/de\/wp-json\/wp\/v2\/pages\/14706\/revisions"}],"predecessor-version":[{"id":14707,"href":"https:\/\/shoefootprint.com\/de\/wp-json\/wp\/v2\/pages\/14706\/revisions\/14707"}],"wp:attachment":[{"href":"https:\/\/shoefootprint.com\/de\/wp-json\/wp\/v2\/media?parent=14706"}],"curies":[{"name":"wp","href":"https:\/\/api.w.org\/{rel}","templated":true}]}}