{"id":18536,"date":"2024-10-14T20:58:54","date_gmt":"2024-10-14T20:58:54","guid":{"rendered":"https:\/\/shoefootprint.com\/product\/ugg-neumel-plattform-chelsea-boot-rauch-pflaume\/"},"modified":"2024-10-14T20:58:54","modified_gmt":"2024-10-14T20:58:54","slug":"ugg-neumel-plattform-chelsea-boot-rauch-pflaume","status":"publish","type":"product","link":"https:\/\/shoefootprint.com\/de\/product\/ugg-neumel-plattform-chelsea-boot-rauch-pflaume\/","title":{"rendered":"UGG Neumel Plattform Chelsea Boot Rauch Pflaume"},"content":{"rendered":"<h2 class=\"elementor-heading-title elementor-size-default\">Versand und R\u00fcckgabe<\/h2>\n<p>Der Bestellvorgang kann je nach Produkt bis zu 2-10 Werktage dauern. Wenn Sie also extrem dringend bestellen, kontaktieren Sie uns bitte, bevor Sie Ihre Bestellung aufgeben, und wir geben Ihnen ein genaues Versand- und Lieferdatum.<\/p>\n<h3>Liefert<\/h3>\n<p>Wenn Sie mit der erhaltenen Ware nicht zufrieden sind, k\u00f6nnen Sie diese innerhalb von 14 Tagen nach Erhalt an uns zur\u00fccksenden, sofern sie sich im Originalzustand befindet. R\u00fccksendungen m\u00fcssen per E-Mail an <a href=\"mailto:info@shoefootprint.com\">info@shoefootprint.com<\/a> Nach der R\u00fccksendung haben Sie Anspruch auf einen Umtausch oder eine R\u00fcckerstattung, die die Kosten f\u00fcr das Originalporto und die Verpackung nicht beinhaltet. Wir sind nicht in der Lage, Artikel zu erstatten oder umzutauschen, die anscheinend getragen, gewaschen oder nicht im Originalzustand sind. <\/p>\n<ul>\n<li>Alle zur\u00fcckgegebenen Artikel m\u00fcssen ungetragen, ungewaschen und mit den Original-Etiketten und\/oder der Original-Verpackung versehen sein, falls zutreffend.<\/li>\n<li>Wir sind nicht verantwortlich f\u00fcr die R\u00fccksendekosten der Artikel.<\/li>\n<li>Alle Artikel m\u00fcssen sich in einem originalen, wiederverkaufsf\u00e4higen Zustand befinden.<\/li>\n<li>Bitte vergewissern Sie sich, dass alle zur\u00fcckgesandten Artikel gut verpackt sind, damit sie auf dem Postweg nicht besch\u00e4digt werden.<\/li>\n<li>Wenn Sie Schuhe zur\u00fcckschicken, vergewissern Sie sich bitte, dass der Karton mit einer \u00e4u\u00dferen Verpackungsschicht gesch\u00fctzt ist. Der Karton ist Teil des Produkts, daher kann jede Besch\u00e4digung dazu f\u00fchren, dass die R\u00fcckgabe abgelehnt wird. <\/li>\n<li>Bitte vergewissern Sie sich, dass alle R\u00fccksendungen mit einem verfolgbaren, versicherten Service verschickt werden.<\/li>\n<li>Wir k\u00f6nnen keine Verantwortung f\u00fcr Artikel \u00fcbernehmen, die auf dem R\u00fccktransport besch\u00e4digt werden oder verloren gehen.<\/li>\n<li>Weitere Informationen zur R\u00fcckgabe finden Sie in unseren Allgemeinen Gesch\u00e4ftsbedingungen.<\/li>\n<\/ul>\n","protected":false},"excerpt":{"rendered":"<div class=\"accordion__content\">\n<div class=\"prose\"><strong>SKU<\/strong>: 1134526-SKP<br \/>\n<strong>Erscheinungsdatum<\/strong>: September 2023<br \/>\n<strong>Farbvariante<\/strong>: SMOKE PLUM<\/div>\n<\/div>\n","protected":false},"featured_media":16462,"comment_status":"open","ping_status":"closed","template":"","meta":[],"product_cat":[274],"product_tag":[],"class_list":{"0":"post-18536","1":"product","2":"type-product","3":"status-publish","4":"has-post-thumbnail","6":"product_brand-ugg-de-2","7":"product_cat-ugg-de","9":"first","10":"instock","11":"shipping-taxable","12":"purchasable","13":"product-type-variable"},"yoast_head":"<!-- This site is optimized with the Yoast SEO plugin v26.8 - https:\/\/yoast.com\/product\/yoast-seo-wordpress\/ -->\n<title>UGG Neumel Plattform Chelsea Boot Rauch Pflaume - Shoe footprint<\/title>\n<meta name=\"robots\" content=\"index, follow, max-snippet:-1, max-image-preview:large, max-video-preview:-1\" \/>\n<link rel=\"canonical\" href=\"https:\/\/shoefootprint.com\/product\/ugg-neumel-platform-chelsea-boot-smoke-plum\/\" \/>\n<meta property=\"og:locale\" content=\"de_DE\" \/>\n<meta property=\"og:type\" content=\"article\" \/>\n<meta property=\"og:title\" content=\"UGG Neumel Plattform Chelsea Boot Rauch Pflaume - Shoe footprint\" \/>\n<meta property=\"og:description\" content=\"SKU: 1134526-SKP Erscheinungsdatum: September 2023 Farbvariante: SMOKE PLUM\" \/>\n<meta property=\"og:url\" content=\"https:\/\/shoefootprint.com\/product\/ugg-neumel-platform-chelsea-boot-smoke-plum\/\" \/>\n<meta property=\"og:site_name\" content=\"Shoe footprint\" \/>\n<meta property=\"og:image\" content=\"https:\/\/shoefootprint.com\/wp-content\/uploads\/2024\/10\/ugg-neumel-platform-chelsea-boot-smoke-plum-chaussures-ugg-sneaker-request-109293.webp\" \/>\n\t<meta property=\"og:image:width\" content=\"800\" \/>\n\t<meta property=\"og:image:height\" content=\"480\" \/>\n\t<meta property=\"og:image:type\" content=\"image\/webp\" \/>\n<meta name=\"twitter:card\" content=\"summary_large_image\" \/>\n<meta name=\"twitter:label1\" content=\"Gesch\u00e4tzte Lesezeit\" \/>\n\t<meta name=\"twitter:data1\" content=\"1\u00a0Minute\" \/>\n<script type=\"application\/ld+json\" class=\"yoast-schema-graph\">{\"@context\":\"https:\/\/schema.org\",\"@graph\":[{\"@type\":\"WebPage\",\"@id\":\"https:\/\/shoefootprint.com\/product\/ugg-neumel-platform-chelsea-boot-smoke-plum\/\",\"url\":\"https:\/\/shoefootprint.com\/product\/ugg-neumel-platform-chelsea-boot-smoke-plum\/\",\"name\":\"UGG Neumel Plattform Chelsea Boot Rauch Pflaume - Shoe footprint\",\"isPartOf\":{\"@id\":\"https:\/\/shoefootprint.com\/#website\"},\"primaryImageOfPage\":{\"@id\":\"https:\/\/shoefootprint.com\/product\/ugg-neumel-platform-chelsea-boot-smoke-plum\/#primaryimage\"},\"image\":{\"@id\":\"https:\/\/shoefootprint.com\/product\/ugg-neumel-platform-chelsea-boot-smoke-plum\/#primaryimage\"},\"thumbnailUrl\":\"https:\/\/shoefootprint.com\/wp-content\/uploads\/2024\/10\/ugg-neumel-platform-chelsea-boot-smoke-plum-chaussures-ugg-sneaker-request-109293.webp\",\"datePublished\":\"2024-10-14T20:58:54+00:00\",\"breadcrumb\":{\"@id\":\"https:\/\/shoefootprint.com\/product\/ugg-neumel-platform-chelsea-boot-smoke-plum\/#breadcrumb\"},\"inLanguage\":\"de\",\"potentialAction\":[{\"@type\":\"ReadAction\",\"target\":[\"https:\/\/shoefootprint.com\/product\/ugg-neumel-platform-chelsea-boot-smoke-plum\/\"]}]},{\"@type\":\"ImageObject\",\"inLanguage\":\"de\",\"@id\":\"https:\/\/shoefootprint.com\/product\/ugg-neumel-platform-chelsea-boot-smoke-plum\/#primaryimage\",\"url\":\"https:\/\/shoefootprint.com\/wp-content\/uploads\/2024\/10\/ugg-neumel-platform-chelsea-boot-smoke-plum-chaussures-ugg-sneaker-request-109293.webp\",\"contentUrl\":\"https:\/\/shoefootprint.com\/wp-content\/uploads\/2024\/10\/ugg-neumel-platform-chelsea-boot-smoke-plum-chaussures-ugg-sneaker-request-109293.webp\",\"width\":800,\"height\":480},{\"@type\":\"BreadcrumbList\",\"@id\":\"https:\/\/shoefootprint.com\/product\/ugg-neumel-platform-chelsea-boot-smoke-plum\/#breadcrumb\",\"itemListElement\":[{\"@type\":\"ListItem\",\"position\":1,\"name\":\"Home\",\"item\":\"https:\/\/shoefootprint.com\/\"},{\"@type\":\"ListItem\",\"position\":2,\"name\":\"Shop\",\"item\":\"https:\/\/shoefootprint.com\/shop\/\"},{\"@type\":\"ListItem\",\"position\":3,\"name\":\"UGG Neumel Plattform Chelsea Boot Rauch Pflaume\"}]},{\"@type\":\"WebSite\",\"@id\":\"https:\/\/shoefootprint.com\/#website\",\"url\":\"https:\/\/shoefootprint.com\/\",\"name\":\"Shoe footprint\",\"description\":\"\",\"potentialAction\":[{\"@type\":\"SearchAction\",\"target\":{\"@type\":\"EntryPoint\",\"urlTemplate\":\"https:\/\/shoefootprint.com\/?s={search_term_string}\"},\"query-input\":{\"@type\":\"PropertyValueSpecification\",\"valueRequired\":true,\"valueName\":\"search_term_string\"}}],\"inLanguage\":\"de\"}]}<\/script>\n<!-- \/ Yoast SEO plugin. -->","yoast_head_json":{"title":"UGG Neumel Plattform Chelsea Boot Rauch Pflaume - Shoe footprint","robots":{"index":"index","follow":"follow","max-snippet":"max-snippet:-1","max-image-preview":"max-image-preview:large","max-video-preview":"max-video-preview:-1"},"canonical":"https:\/\/shoefootprint.com\/product\/ugg-neumel-platform-chelsea-boot-smoke-plum\/","og_locale":"de_DE","og_type":"article","og_title":"UGG Neumel Plattform Chelsea Boot Rauch Pflaume - Shoe footprint","og_description":"SKU: 1134526-SKP Erscheinungsdatum: September 2023 Farbvariante: SMOKE PLUM","og_url":"https:\/\/shoefootprint.com\/product\/ugg-neumel-platform-chelsea-boot-smoke-plum\/","og_site_name":"Shoe footprint","og_image":[{"width":800,"height":480,"url":"https:\/\/shoefootprint.com\/wp-content\/uploads\/2024\/10\/ugg-neumel-platform-chelsea-boot-smoke-plum-chaussures-ugg-sneaker-request-109293.webp","type":"image\/webp"}],"twitter_card":"summary_large_image","twitter_misc":{"Gesch\u00e4tzte Lesezeit":"1\u00a0Minute"},"schema":{"@context":"https:\/\/schema.org","@graph":[{"@type":"WebPage","@id":"https:\/\/shoefootprint.com\/product\/ugg-neumel-platform-chelsea-boot-smoke-plum\/","url":"https:\/\/shoefootprint.com\/product\/ugg-neumel-platform-chelsea-boot-smoke-plum\/","name":"UGG Neumel Plattform Chelsea Boot Rauch Pflaume - Shoe footprint","isPartOf":{"@id":"https:\/\/shoefootprint.com\/#website"},"primaryImageOfPage":{"@id":"https:\/\/shoefootprint.com\/product\/ugg-neumel-platform-chelsea-boot-smoke-plum\/#primaryimage"},"image":{"@id":"https:\/\/shoefootprint.com\/product\/ugg-neumel-platform-chelsea-boot-smoke-plum\/#primaryimage"},"thumbnailUrl":"https:\/\/shoefootprint.com\/wp-content\/uploads\/2024\/10\/ugg-neumel-platform-chelsea-boot-smoke-plum-chaussures-ugg-sneaker-request-109293.webp","datePublished":"2024-10-14T20:58:54+00:00","breadcrumb":{"@id":"https:\/\/shoefootprint.com\/product\/ugg-neumel-platform-chelsea-boot-smoke-plum\/#breadcrumb"},"inLanguage":"de","potentialAction":[{"@type":"ReadAction","target":["https:\/\/shoefootprint.com\/product\/ugg-neumel-platform-chelsea-boot-smoke-plum\/"]}]},{"@type":"ImageObject","inLanguage":"de","@id":"https:\/\/shoefootprint.com\/product\/ugg-neumel-platform-chelsea-boot-smoke-plum\/#primaryimage","url":"https:\/\/shoefootprint.com\/wp-content\/uploads\/2024\/10\/ugg-neumel-platform-chelsea-boot-smoke-plum-chaussures-ugg-sneaker-request-109293.webp","contentUrl":"https:\/\/shoefootprint.com\/wp-content\/uploads\/2024\/10\/ugg-neumel-platform-chelsea-boot-smoke-plum-chaussures-ugg-sneaker-request-109293.webp","width":800,"height":480},{"@type":"BreadcrumbList","@id":"https:\/\/shoefootprint.com\/product\/ugg-neumel-platform-chelsea-boot-smoke-plum\/#breadcrumb","itemListElement":[{"@type":"ListItem","position":1,"name":"Home","item":"https:\/\/shoefootprint.com\/"},{"@type":"ListItem","position":2,"name":"Shop","item":"https:\/\/shoefootprint.com\/shop\/"},{"@type":"ListItem","position":3,"name":"UGG Neumel Plattform Chelsea Boot Rauch Pflaume"}]},{"@type":"WebSite","@id":"https:\/\/shoefootprint.com\/#website","url":"https:\/\/shoefootprint.com\/","name":"Shoe footprint","description":"","potentialAction":[{"@type":"SearchAction","target":{"@type":"EntryPoint","urlTemplate":"https:\/\/shoefootprint.com\/?s={search_term_string}"},"query-input":{"@type":"PropertyValueSpecification","valueRequired":true,"valueName":"search_term_string"}}],"inLanguage":"de"}]}},"_links":{"self":[{"href":"https:\/\/shoefootprint.com\/de\/wp-json\/wp\/v2\/product\/18536","targetHints":{"allow":["GET"]}}],"collection":[{"href":"https:\/\/shoefootprint.com\/de\/wp-json\/wp\/v2\/product"}],"about":[{"href":"https:\/\/shoefootprint.com\/de\/wp-json\/wp\/v2\/types\/product"}],"replies":[{"embeddable":true,"href":"https:\/\/shoefootprint.com\/de\/wp-json\/wp\/v2\/comments?post=18536"}],"wp:featuredmedia":[{"embeddable":true,"href":"https:\/\/shoefootprint.com\/de\/wp-json\/wp\/v2\/media\/16462"}],"wp:attachment":[{"href":"https:\/\/shoefootprint.com\/de\/wp-json\/wp\/v2\/media?parent=18536"}],"wp:term":[{"taxonomy":"product_cat","embeddable":true,"href":"https:\/\/shoefootprint.com\/de\/wp-json\/wp\/v2\/product_cat?post=18536"},{"taxonomy":"product_tag","embeddable":true,"href":"https:\/\/shoefootprint.com\/de\/wp-json\/wp\/v2\/product_tag?post=18536"}],"curies":[{"name":"wp","href":"https:\/\/api.w.org\/{rel}","templated":true}]}}