{"id":19121,"date":"2024-10-02T18:33:21","date_gmt":"2024-10-02T18:33:21","guid":{"rendered":"https:\/\/shoefootprint.com\/product\/wildleder-rucksack-waldgruen\/"},"modified":"2024-10-02T18:33:21","modified_gmt":"2024-10-02T18:33:21","slug":"wildleder-rucksack-waldgruen","status":"publish","type":"product","link":"https:\/\/shoefootprint.com\/de\/product\/wildleder-rucksack-waldgruen\/","title":{"rendered":"Wildleder-Rucksack Waldgr\u00fcn"},"content":{"rendered":"<p>Versand und R\u00fcckgabe<br \/>\nVersand<br \/>\nDer Bestellvorgang kann je nach Produkt bis zu 2-10 Werktage dauern. Wenn Sie also eine sehr dringende Bestellung aufgeben m\u00f6chten, kontaktieren Sie uns bitte, bevor Sie Ihre Bestellung aufgeben, damit wir Ihnen ein genaues Datum f\u00fcr den Versand und die Lieferung nennen k\u00f6nnen.<\/p>\n<p>Liefert<\/p>\n<p>Wenn Sie mit der erhaltenen Ware nicht zufrieden sind, k\u00f6nnen Sie diese innerhalb von 14 Tagen nach Erhalt an uns zur\u00fccksenden, sofern sie sich im Originalzustand befindet. R\u00fccksendungen m\u00fcssen per E-Mail gemeldet werden Unter Sobald Sie zur\u00fcckgegeben haben, haben Sie Anspruch auf einen Umtausch oder eine R\u00fcckerstattung, die die Kosten f\u00fcr das Originalporto und die Verpackung nicht beinhaltet. Wir sind nicht in der Lage, Artikel zu erstatten oder umzutauschen, die anscheinend getragen, gewaschen oder nicht im Originalzustand sind. <\/p>\n<p>Alle zur\u00fcckgegebenen Artikel m\u00fcssen ungetragen, ungewaschen und mit den Original-Etiketten und\/oder der Original-Verpackung versehen sein, falls zutreffend.<\/p>\n<p>Wir sind nicht verantwortlich f\u00fcr die R\u00fccksendekosten der Artikel.<\/p>\n<p>Alle Artikel m\u00fcssen sich in einem originalen, wiederverkaufsf\u00e4higen Zustand befinden.<\/p>\n<p>Bitte vergewissern Sie sich, dass alle zur\u00fcckgesandten Artikel gut verpackt sind, damit sie auf dem Postweg nicht besch\u00e4digt werden.<\/p>\n<p>Wenn Sie Schuhe zur\u00fcckschicken, vergewissern Sie sich bitte, dass der Karton mit einer \u00e4u\u00dferen Verpackungsschicht gesch\u00fctzt ist. Der Karton ist Teil des Produkts, daher kann jede Besch\u00e4digung dazu f\u00fchren, dass die R\u00fcckgabe abgelehnt wird. <\/p>\n<p>Bitte vergewissern Sie sich, dass alle R\u00fccksendungen mit einem verfolgbaren, versicherten Service verschickt werden.<\/p>\n<p>Wir k\u00f6nnen keine Verantwortung f\u00fcr Artikel \u00fcbernehmen, die auf dem R\u00fccktransport besch\u00e4digt werden oder verloren gehen.<\/p>\n<p>Weitere Informationen zur R\u00fcckgabe finden Sie in unseren Allgemeinen Gesch\u00e4ftsbedingungen.<\/p>\n","protected":false},"excerpt":{"rendered":"<p>Artikelnummer : M2002RHB<br \/>\nErscheinungsdatum : Januar 2022<br \/>\nFarbgebung : NIGHTWATCH GR\u00dcN\/GRAU\/WEISS<\/p>\n","protected":false},"featured_media":14052,"comment_status":"open","ping_status":"closed","template":"","meta":[],"product_cat":[203],"product_tag":[],"class_list":{"0":"post-19121","1":"product","2":"type-product","3":"status-publish","4":"has-post-thumbnail","6":"product_brand-new-balance-de","7":"product_cat-new-balance-2002r","9":"first","10":"instock","11":"shipping-taxable","12":"purchasable","13":"product-type-variable"},"yoast_head":"<!-- This site is optimized with the Yoast SEO plugin v26.8 - https:\/\/yoast.com\/product\/yoast-seo-wordpress\/ -->\n<title>Wildleder-Rucksack Waldgr\u00fcn - Shoe footprint<\/title>\n<meta name=\"robots\" content=\"index, follow, max-snippet:-1, max-image-preview:large, max-video-preview:-1\" \/>\n<link rel=\"canonical\" href=\"https:\/\/shoefootprint.com\/product\/new-balance-2002r-suede-pack-forest-green\/\" \/>\n<meta property=\"og:locale\" content=\"de_DE\" \/>\n<meta property=\"og:type\" content=\"article\" \/>\n<meta property=\"og:title\" content=\"Wildleder-Rucksack Waldgr\u00fcn - Shoe footprint\" \/>\n<meta property=\"og:description\" content=\"Artikelnummer : M2002RHB Erscheinungsdatum : Januar 2022 Farbgebung : NIGHTWATCH GR\u00dcN\/GRAU\/WEISS\" \/>\n<meta property=\"og:url\" content=\"https:\/\/shoefootprint.com\/product\/new-balance-2002r-suede-pack-forest-green\/\" \/>\n<meta property=\"og:site_name\" content=\"Shoe footprint\" \/>\n<meta property=\"og:image\" content=\"https:\/\/shoefootprint.com\/wp-content\/uploads\/2024\/10\/new-balance-2002r-suede-pack-forest-green-sneakers-new-balance-sneaker-request-109480-1.webp\" \/>\n\t<meta property=\"og:image:width\" content=\"700\" \/>\n\t<meta property=\"og:image:height\" content=\"420\" \/>\n\t<meta property=\"og:image:type\" content=\"image\/webp\" \/>\n<meta name=\"twitter:card\" content=\"summary_large_image\" \/>\n<meta name=\"twitter:label1\" content=\"Gesch\u00e4tzte Lesezeit\" \/>\n\t<meta name=\"twitter:data1\" content=\"1\u00a0Minute\" \/>\n<script type=\"application\/ld+json\" class=\"yoast-schema-graph\">{\"@context\":\"https:\/\/schema.org\",\"@graph\":[{\"@type\":\"WebPage\",\"@id\":\"https:\/\/shoefootprint.com\/product\/new-balance-2002r-suede-pack-forest-green\/\",\"url\":\"https:\/\/shoefootprint.com\/product\/new-balance-2002r-suede-pack-forest-green\/\",\"name\":\"Wildleder-Rucksack Waldgr\u00fcn - Shoe footprint\",\"isPartOf\":{\"@id\":\"https:\/\/shoefootprint.com\/#website\"},\"primaryImageOfPage\":{\"@id\":\"https:\/\/shoefootprint.com\/product\/new-balance-2002r-suede-pack-forest-green\/#primaryimage\"},\"image\":{\"@id\":\"https:\/\/shoefootprint.com\/product\/new-balance-2002r-suede-pack-forest-green\/#primaryimage\"},\"thumbnailUrl\":\"https:\/\/shoefootprint.com\/wp-content\/uploads\/2024\/10\/new-balance-2002r-suede-pack-forest-green-sneakers-new-balance-sneaker-request-109480-1.webp\",\"datePublished\":\"2024-10-02T18:33:21+00:00\",\"breadcrumb\":{\"@id\":\"https:\/\/shoefootprint.com\/product\/new-balance-2002r-suede-pack-forest-green\/#breadcrumb\"},\"inLanguage\":\"de\",\"potentialAction\":[{\"@type\":\"ReadAction\",\"target\":[\"https:\/\/shoefootprint.com\/product\/new-balance-2002r-suede-pack-forest-green\/\"]}]},{\"@type\":\"ImageObject\",\"inLanguage\":\"de\",\"@id\":\"https:\/\/shoefootprint.com\/product\/new-balance-2002r-suede-pack-forest-green\/#primaryimage\",\"url\":\"https:\/\/shoefootprint.com\/wp-content\/uploads\/2024\/10\/new-balance-2002r-suede-pack-forest-green-sneakers-new-balance-sneaker-request-109480-1.webp\",\"contentUrl\":\"https:\/\/shoefootprint.com\/wp-content\/uploads\/2024\/10\/new-balance-2002r-suede-pack-forest-green-sneakers-new-balance-sneaker-request-109480-1.webp\",\"width\":700,\"height\":420},{\"@type\":\"BreadcrumbList\",\"@id\":\"https:\/\/shoefootprint.com\/product\/new-balance-2002r-suede-pack-forest-green\/#breadcrumb\",\"itemListElement\":[{\"@type\":\"ListItem\",\"position\":1,\"name\":\"Home\",\"item\":\"https:\/\/shoefootprint.com\/\"},{\"@type\":\"ListItem\",\"position\":2,\"name\":\"Shop\",\"item\":\"https:\/\/shoefootprint.com\/shop\/\"},{\"@type\":\"ListItem\",\"position\":3,\"name\":\"Wildleder-Rucksack Waldgr\u00fcn\"}]},{\"@type\":\"WebSite\",\"@id\":\"https:\/\/shoefootprint.com\/#website\",\"url\":\"https:\/\/shoefootprint.com\/\",\"name\":\"Shoe footprint\",\"description\":\"\",\"potentialAction\":[{\"@type\":\"SearchAction\",\"target\":{\"@type\":\"EntryPoint\",\"urlTemplate\":\"https:\/\/shoefootprint.com\/?s={search_term_string}\"},\"query-input\":{\"@type\":\"PropertyValueSpecification\",\"valueRequired\":true,\"valueName\":\"search_term_string\"}}],\"inLanguage\":\"de\"}]}<\/script>\n<!-- \/ Yoast SEO plugin. -->","yoast_head_json":{"title":"Wildleder-Rucksack Waldgr\u00fcn - Shoe footprint","robots":{"index":"index","follow":"follow","max-snippet":"max-snippet:-1","max-image-preview":"max-image-preview:large","max-video-preview":"max-video-preview:-1"},"canonical":"https:\/\/shoefootprint.com\/product\/new-balance-2002r-suede-pack-forest-green\/","og_locale":"de_DE","og_type":"article","og_title":"Wildleder-Rucksack Waldgr\u00fcn - Shoe footprint","og_description":"Artikelnummer : M2002RHB Erscheinungsdatum : Januar 2022 Farbgebung : NIGHTWATCH GR\u00dcN\/GRAU\/WEISS","og_url":"https:\/\/shoefootprint.com\/product\/new-balance-2002r-suede-pack-forest-green\/","og_site_name":"Shoe footprint","og_image":[{"width":700,"height":420,"url":"https:\/\/shoefootprint.com\/wp-content\/uploads\/2024\/10\/new-balance-2002r-suede-pack-forest-green-sneakers-new-balance-sneaker-request-109480-1.webp","type":"image\/webp"}],"twitter_card":"summary_large_image","twitter_misc":{"Gesch\u00e4tzte Lesezeit":"1\u00a0Minute"},"schema":{"@context":"https:\/\/schema.org","@graph":[{"@type":"WebPage","@id":"https:\/\/shoefootprint.com\/product\/new-balance-2002r-suede-pack-forest-green\/","url":"https:\/\/shoefootprint.com\/product\/new-balance-2002r-suede-pack-forest-green\/","name":"Wildleder-Rucksack Waldgr\u00fcn - Shoe footprint","isPartOf":{"@id":"https:\/\/shoefootprint.com\/#website"},"primaryImageOfPage":{"@id":"https:\/\/shoefootprint.com\/product\/new-balance-2002r-suede-pack-forest-green\/#primaryimage"},"image":{"@id":"https:\/\/shoefootprint.com\/product\/new-balance-2002r-suede-pack-forest-green\/#primaryimage"},"thumbnailUrl":"https:\/\/shoefootprint.com\/wp-content\/uploads\/2024\/10\/new-balance-2002r-suede-pack-forest-green-sneakers-new-balance-sneaker-request-109480-1.webp","datePublished":"2024-10-02T18:33:21+00:00","breadcrumb":{"@id":"https:\/\/shoefootprint.com\/product\/new-balance-2002r-suede-pack-forest-green\/#breadcrumb"},"inLanguage":"de","potentialAction":[{"@type":"ReadAction","target":["https:\/\/shoefootprint.com\/product\/new-balance-2002r-suede-pack-forest-green\/"]}]},{"@type":"ImageObject","inLanguage":"de","@id":"https:\/\/shoefootprint.com\/product\/new-balance-2002r-suede-pack-forest-green\/#primaryimage","url":"https:\/\/shoefootprint.com\/wp-content\/uploads\/2024\/10\/new-balance-2002r-suede-pack-forest-green-sneakers-new-balance-sneaker-request-109480-1.webp","contentUrl":"https:\/\/shoefootprint.com\/wp-content\/uploads\/2024\/10\/new-balance-2002r-suede-pack-forest-green-sneakers-new-balance-sneaker-request-109480-1.webp","width":700,"height":420},{"@type":"BreadcrumbList","@id":"https:\/\/shoefootprint.com\/product\/new-balance-2002r-suede-pack-forest-green\/#breadcrumb","itemListElement":[{"@type":"ListItem","position":1,"name":"Home","item":"https:\/\/shoefootprint.com\/"},{"@type":"ListItem","position":2,"name":"Shop","item":"https:\/\/shoefootprint.com\/shop\/"},{"@type":"ListItem","position":3,"name":"Wildleder-Rucksack Waldgr\u00fcn"}]},{"@type":"WebSite","@id":"https:\/\/shoefootprint.com\/#website","url":"https:\/\/shoefootprint.com\/","name":"Shoe footprint","description":"","potentialAction":[{"@type":"SearchAction","target":{"@type":"EntryPoint","urlTemplate":"https:\/\/shoefootprint.com\/?s={search_term_string}"},"query-input":{"@type":"PropertyValueSpecification","valueRequired":true,"valueName":"search_term_string"}}],"inLanguage":"de"}]}},"_links":{"self":[{"href":"https:\/\/shoefootprint.com\/de\/wp-json\/wp\/v2\/product\/19121","targetHints":{"allow":["GET"]}}],"collection":[{"href":"https:\/\/shoefootprint.com\/de\/wp-json\/wp\/v2\/product"}],"about":[{"href":"https:\/\/shoefootprint.com\/de\/wp-json\/wp\/v2\/types\/product"}],"replies":[{"embeddable":true,"href":"https:\/\/shoefootprint.com\/de\/wp-json\/wp\/v2\/comments?post=19121"}],"wp:featuredmedia":[{"embeddable":true,"href":"https:\/\/shoefootprint.com\/de\/wp-json\/wp\/v2\/media\/14052"}],"wp:attachment":[{"href":"https:\/\/shoefootprint.com\/de\/wp-json\/wp\/v2\/media?parent=19121"}],"wp:term":[{"taxonomy":"product_cat","embeddable":true,"href":"https:\/\/shoefootprint.com\/de\/wp-json\/wp\/v2\/product_cat?post=19121"},{"taxonomy":"product_tag","embeddable":true,"href":"https:\/\/shoefootprint.com\/de\/wp-json\/wp\/v2\/product_tag?post=19121"}],"curies":[{"name":"wp","href":"https:\/\/api.w.org\/{rel}","templated":true}]}}