{"id":19185,"date":"2024-10-03T10:57:24","date_gmt":"2024-10-03T10:57:24","guid":{"rendered":"https:\/\/shoefootprint.com\/product\/4-gefrorene-retro-momente\/"},"modified":"2024-10-24T03:03:21","modified_gmt":"2024-10-24T03:03:21","slug":"4-gefrorene-retro-momente","status":"publish","type":"product","link":"https:\/\/shoefootprint.com\/de\/product\/4-gefrorene-retro-momente\/","title":{"rendered":"4 Retro Frozen Moments"},"content":{"rendered":"<h2 class=\"elementor-heading-title elementor-size-default\">Versand und R\u00fccksendungen<\/h2>\n<div class=\"elementor-element elementor-element-61326755 elementor-widget elementor-widget-text-editor\" data-id=\"61326755\" data-element_type=\"widget\" data-widget_type=\"text-editor.default\">\n<h3 class=\"elementor-widget-container\">Versand<\/h3>\n<div class=\"elementor-widget-container\">\n<div>Der Bestellprozess kann je nach Produkt bis zu 2-10 Werktage in Anspruch nehmen. Wenn Ihre Bestellung sehr dringend ist, kontaktieren Sie uns bitte, bevor Sie Ihre Bestellung aufgeben, und wir werden Ihnen ein genaues Versand- und Lieferdatum mitteilen.<\/div>\n<div>\n<div><\/div>\n<h3>R\u00fccksendungen<\/h3>\n<p>Wenn Sie mit der erhaltenen Ware nicht zufrieden sind, k\u00f6nnen Sie diese innerhalb von 14 Tagen nach Erhalt an uns zur\u00fccksenden, sofern sie sich im Originalzustand befindet. R\u00fccksendungen m\u00fcssen per E-Mail an info@shoefootprint.com Nach der R\u00fccksendung haben Sie Anspruch auf einen Umtausch oder eine R\u00fcckerstattung, die die Kosten f\u00fcr das Originalporto und die Verpackung nicht beinhaltet. Wir sind nicht in der Lage, Artikel zu erstatten oder umzutauschen, die anscheinend getragen, gewaschen oder nicht im Originalzustand sind. <\/p>\n<ul>\n<li>Alle zur\u00fcckgesendeten Artikel m\u00fcssen ungetragen, ungewaschen und vollst\u00e4ndig mit den originalen Etiketten und\/oder der Verpackung (sofern zutreffend) sein.<\/li>\n<li>Wir \u00fcbernehmen nicht die R\u00fccksendekosten f\u00fcr die Artikel.<\/li>\n<li>Alle Artikel m\u00fcssen sich im Originalzustand und in einem wiederverkaufsf\u00e4higen Zustand befinden.<\/li>\n<li>Bitte stellen Sie sicher, dass alle zur\u00fcckgesendeten Artikel gut verpackt sind, damit sie auf dem Postweg nicht besch\u00e4digt werden.<\/li>\n<li>Wenn Sie Schuhe zur\u00fccksenden, stellen Sie bitte sicher, dass die Box mit einer \u00e4u\u00dferen Verpackungsschicht gesch\u00fctzt ist. Die Box ist Teil des Produkts; daher kann eine Besch\u00e4digung dazu f\u00fchren, dass die R\u00fccksendung abgelehnt wird <\/li>\n<li>Bitte stellen Sie sicher, dass alle R\u00fccksendepakete mit einem nachverfolgbaren, versicherten Service versendet werden.<\/li>\n<li>Wir k\u00f6nnen keine Verantwortung f\u00fcr Artikel \u00fcbernehmen, die w\u00e4hrend des R\u00fccktransports besch\u00e4digt oder verloren gehen.<\/li>\n<li>Bitte beachten Sie unsere Allgemeinen Gesch\u00e4ftsbedingungen f\u00fcr weitere Informationen zu R\u00fccksendungen.<\/li>\n<\/ul>\n<\/div>\n<\/div>\n<\/div>\n","protected":false},"excerpt":{"rendered":"<ul data-sourcepos=\"3:1-8:0\">\n<li data-sourcepos=\"3:1-3:87\">The Air Jordan 4 Retro Frozen Moments is a women&#8217;s shoe that debuted in August 2023.<\/li>\n<li data-sourcepos=\"4:1-4:90\">It features a light iron ore, sail, neutral grey, black, and metallic silver colorway.<\/li>\n<li data-sourcepos=\"5:1-5:71\">The upper is made of a mix of suede and leather for a premium look.<\/li>\n<li data-sourcepos=\"6:1-6:64\">Metallic silver accents are visible on the eyelets and wings.<\/li>\n<li data-sourcepos=\"7:1-8:0\">A white midsole and outsole completes the look.<\/li>\n<\/ul>\n<p><strong>Release Date<\/strong> : August 2023 <strong>Colorway<\/strong> : LIGHT IRON ORE\/SAIL-NEUTRAL GREY-BLACK-METALLIC SILVER<\/p>\n","protected":false},"featured_media":14077,"comment_status":"open","ping_status":"closed","template":"","meta":[],"product_cat":[230,246],"product_tag":[],"class_list":{"0":"post-19185","1":"product","2":"type-product","3":"status-publish","4":"has-post-thumbnail","6":"product_brand-nike-de-2","7":"product_cat-air-jordan-de","8":"product_cat-nike-de","10":"first","11":"instock","12":"shipping-taxable","13":"purchasable","14":"product-type-variable"},"yoast_head":"<!-- This site is optimized with the Yoast SEO plugin v26.8 - https:\/\/yoast.com\/product\/yoast-seo-wordpress\/ -->\n<title>4 Retro Frozen Moments - Shoe footprint<\/title>\n<meta name=\"robots\" content=\"index, follow, max-snippet:-1, max-image-preview:large, max-video-preview:-1\" \/>\n<link rel=\"canonical\" href=\"https:\/\/shoefootprint.com\/product\/4-retro-frozen-moments\/\" \/>\n<meta property=\"og:locale\" content=\"de_DE\" \/>\n<meta property=\"og:type\" content=\"article\" \/>\n<meta property=\"og:title\" content=\"4 Retro Frozen Moments - Shoe footprint\" \/>\n<meta property=\"og:description\" content=\"The Air Jordan 4 Retro Frozen Moments is a women&#039;s shoe that debuted in August 2023.  It features a light iron ore, sail, neutral grey, black, and metallic silver colorway.  The upper is made of a mix of suede and leather for a premium look.  Metallic silver accents are visible on the eyelets and wings.  A white midsole and outsole completes the look. Release Date : August 2023 Colorway : LIGHT IRON ORE\/SAIL-NEUTRAL GREY-BLACK-METALLIC SILVER\" \/>\n<meta property=\"og:url\" content=\"https:\/\/shoefootprint.com\/product\/4-retro-frozen-moments\/\" \/>\n<meta property=\"og:site_name\" content=\"Shoe footprint\" \/>\n<meta property=\"article:modified_time\" content=\"2024-10-24T03:03:21+00:00\" \/>\n<meta property=\"og:image\" content=\"https:\/\/shoefootprint.com\/wp-content\/uploads\/2024\/10\/air-jordan-4-retro-frozen-moments-sneakers-air-jordan-sneaker-request-142515-1.webp\" \/>\n\t<meta property=\"og:image:width\" content=\"700\" \/>\n\t<meta property=\"og:image:height\" content=\"420\" \/>\n\t<meta property=\"og:image:type\" content=\"image\/webp\" \/>\n<meta name=\"twitter:card\" content=\"summary_large_image\" \/>\n<meta name=\"twitter:label1\" content=\"Gesch\u00e4tzte Lesezeit\" \/>\n\t<meta name=\"twitter:data1\" content=\"1\u00a0Minute\" \/>\n<script type=\"application\/ld+json\" class=\"yoast-schema-graph\">{\"@context\":\"https:\/\/schema.org\",\"@graph\":[{\"@type\":\"WebPage\",\"@id\":\"https:\/\/shoefootprint.com\/product\/4-retro-frozen-moments\/\",\"url\":\"https:\/\/shoefootprint.com\/product\/4-retro-frozen-moments\/\",\"name\":\"4 Retro Frozen Moments - Shoe footprint\",\"isPartOf\":{\"@id\":\"https:\/\/shoefootprint.com\/#website\"},\"primaryImageOfPage\":{\"@id\":\"https:\/\/shoefootprint.com\/product\/4-retro-frozen-moments\/#primaryimage\"},\"image\":{\"@id\":\"https:\/\/shoefootprint.com\/product\/4-retro-frozen-moments\/#primaryimage\"},\"thumbnailUrl\":\"https:\/\/shoefootprint.com\/wp-content\/uploads\/2024\/10\/air-jordan-4-retro-frozen-moments-sneakers-air-jordan-sneaker-request-142515-1.webp\",\"datePublished\":\"2024-10-03T10:57:24+00:00\",\"dateModified\":\"2024-10-24T03:03:21+00:00\",\"breadcrumb\":{\"@id\":\"https:\/\/shoefootprint.com\/product\/4-retro-frozen-moments\/#breadcrumb\"},\"inLanguage\":\"de\",\"potentialAction\":[{\"@type\":\"ReadAction\",\"target\":[\"https:\/\/shoefootprint.com\/product\/4-retro-frozen-moments\/\"]}]},{\"@type\":\"ImageObject\",\"inLanguage\":\"de\",\"@id\":\"https:\/\/shoefootprint.com\/product\/4-retro-frozen-moments\/#primaryimage\",\"url\":\"https:\/\/shoefootprint.com\/wp-content\/uploads\/2024\/10\/air-jordan-4-retro-frozen-moments-sneakers-air-jordan-sneaker-request-142515-1.webp\",\"contentUrl\":\"https:\/\/shoefootprint.com\/wp-content\/uploads\/2024\/10\/air-jordan-4-retro-frozen-moments-sneakers-air-jordan-sneaker-request-142515-1.webp\",\"width\":700,\"height\":420},{\"@type\":\"BreadcrumbList\",\"@id\":\"https:\/\/shoefootprint.com\/product\/4-retro-frozen-moments\/#breadcrumb\",\"itemListElement\":[{\"@type\":\"ListItem\",\"position\":1,\"name\":\"Home\",\"item\":\"https:\/\/shoefootprint.com\/\"},{\"@type\":\"ListItem\",\"position\":2,\"name\":\"Shop\",\"item\":\"https:\/\/shoefootprint.com\/shop\/\"},{\"@type\":\"ListItem\",\"position\":3,\"name\":\"4 Retro Frozen Moments\"}]},{\"@type\":\"WebSite\",\"@id\":\"https:\/\/shoefootprint.com\/#website\",\"url\":\"https:\/\/shoefootprint.com\/\",\"name\":\"Shoe footprint\",\"description\":\"\",\"potentialAction\":[{\"@type\":\"SearchAction\",\"target\":{\"@type\":\"EntryPoint\",\"urlTemplate\":\"https:\/\/shoefootprint.com\/?s={search_term_string}\"},\"query-input\":{\"@type\":\"PropertyValueSpecification\",\"valueRequired\":true,\"valueName\":\"search_term_string\"}}],\"inLanguage\":\"de\"}]}<\/script>\n<!-- \/ Yoast SEO plugin. -->","yoast_head_json":{"title":"4 Retro Frozen Moments - Shoe footprint","robots":{"index":"index","follow":"follow","max-snippet":"max-snippet:-1","max-image-preview":"max-image-preview:large","max-video-preview":"max-video-preview:-1"},"canonical":"https:\/\/shoefootprint.com\/product\/4-retro-frozen-moments\/","og_locale":"de_DE","og_type":"article","og_title":"4 Retro Frozen Moments - Shoe footprint","og_description":"The Air Jordan 4 Retro Frozen Moments is a women's shoe that debuted in August 2023.  It features a light iron ore, sail, neutral grey, black, and metallic silver colorway.  The upper is made of a mix of suede and leather for a premium look.  Metallic silver accents are visible on the eyelets and wings.  A white midsole and outsole completes the look. Release Date : August 2023 Colorway : LIGHT IRON ORE\/SAIL-NEUTRAL GREY-BLACK-METALLIC SILVER","og_url":"https:\/\/shoefootprint.com\/product\/4-retro-frozen-moments\/","og_site_name":"Shoe footprint","article_modified_time":"2024-10-24T03:03:21+00:00","og_image":[{"width":700,"height":420,"url":"https:\/\/shoefootprint.com\/wp-content\/uploads\/2024\/10\/air-jordan-4-retro-frozen-moments-sneakers-air-jordan-sneaker-request-142515-1.webp","type":"image\/webp"}],"twitter_card":"summary_large_image","twitter_misc":{"Gesch\u00e4tzte Lesezeit":"1\u00a0Minute"},"schema":{"@context":"https:\/\/schema.org","@graph":[{"@type":"WebPage","@id":"https:\/\/shoefootprint.com\/product\/4-retro-frozen-moments\/","url":"https:\/\/shoefootprint.com\/product\/4-retro-frozen-moments\/","name":"4 Retro Frozen Moments - Shoe footprint","isPartOf":{"@id":"https:\/\/shoefootprint.com\/#website"},"primaryImageOfPage":{"@id":"https:\/\/shoefootprint.com\/product\/4-retro-frozen-moments\/#primaryimage"},"image":{"@id":"https:\/\/shoefootprint.com\/product\/4-retro-frozen-moments\/#primaryimage"},"thumbnailUrl":"https:\/\/shoefootprint.com\/wp-content\/uploads\/2024\/10\/air-jordan-4-retro-frozen-moments-sneakers-air-jordan-sneaker-request-142515-1.webp","datePublished":"2024-10-03T10:57:24+00:00","dateModified":"2024-10-24T03:03:21+00:00","breadcrumb":{"@id":"https:\/\/shoefootprint.com\/product\/4-retro-frozen-moments\/#breadcrumb"},"inLanguage":"de","potentialAction":[{"@type":"ReadAction","target":["https:\/\/shoefootprint.com\/product\/4-retro-frozen-moments\/"]}]},{"@type":"ImageObject","inLanguage":"de","@id":"https:\/\/shoefootprint.com\/product\/4-retro-frozen-moments\/#primaryimage","url":"https:\/\/shoefootprint.com\/wp-content\/uploads\/2024\/10\/air-jordan-4-retro-frozen-moments-sneakers-air-jordan-sneaker-request-142515-1.webp","contentUrl":"https:\/\/shoefootprint.com\/wp-content\/uploads\/2024\/10\/air-jordan-4-retro-frozen-moments-sneakers-air-jordan-sneaker-request-142515-1.webp","width":700,"height":420},{"@type":"BreadcrumbList","@id":"https:\/\/shoefootprint.com\/product\/4-retro-frozen-moments\/#breadcrumb","itemListElement":[{"@type":"ListItem","position":1,"name":"Home","item":"https:\/\/shoefootprint.com\/"},{"@type":"ListItem","position":2,"name":"Shop","item":"https:\/\/shoefootprint.com\/shop\/"},{"@type":"ListItem","position":3,"name":"4 Retro Frozen Moments"}]},{"@type":"WebSite","@id":"https:\/\/shoefootprint.com\/#website","url":"https:\/\/shoefootprint.com\/","name":"Shoe footprint","description":"","potentialAction":[{"@type":"SearchAction","target":{"@type":"EntryPoint","urlTemplate":"https:\/\/shoefootprint.com\/?s={search_term_string}"},"query-input":{"@type":"PropertyValueSpecification","valueRequired":true,"valueName":"search_term_string"}}],"inLanguage":"de"}]}},"_links":{"self":[{"href":"https:\/\/shoefootprint.com\/de\/wp-json\/wp\/v2\/product\/19185","targetHints":{"allow":["GET"]}}],"collection":[{"href":"https:\/\/shoefootprint.com\/de\/wp-json\/wp\/v2\/product"}],"about":[{"href":"https:\/\/shoefootprint.com\/de\/wp-json\/wp\/v2\/types\/product"}],"replies":[{"embeddable":true,"href":"https:\/\/shoefootprint.com\/de\/wp-json\/wp\/v2\/comments?post=19185"}],"wp:featuredmedia":[{"embeddable":true,"href":"https:\/\/shoefootprint.com\/de\/wp-json\/wp\/v2\/media\/14077"}],"wp:attachment":[{"href":"https:\/\/shoefootprint.com\/de\/wp-json\/wp\/v2\/media?parent=19185"}],"wp:term":[{"taxonomy":"product_cat","embeddable":true,"href":"https:\/\/shoefootprint.com\/de\/wp-json\/wp\/v2\/product_cat?post=19185"},{"taxonomy":"product_tag","embeddable":true,"href":"https:\/\/shoefootprint.com\/de\/wp-json\/wp\/v2\/product_tag?post=19185"}],"curies":[{"name":"wp","href":"https:\/\/api.w.org\/{rel}","templated":true}]}}