{"id":32353,"date":"2024-10-23T11:43:12","date_gmt":"2024-10-23T11:43:12","guid":{"rendered":"https:\/\/shoefootprint.com\/product\/nike-air-zoom-vomero-orewood\/"},"modified":"2024-10-24T08:13:34","modified_gmt":"2024-10-24T08:13:34","slug":"nike-air-zoom-vomero-orewood","status":"publish","type":"product","link":"https:\/\/shoefootprint.com\/de\/product\/nike-air-zoom-vomero-orewood\/","title":{"rendered":"Nike Air Zoom Vomero Orewood"},"content":{"rendered":"<h2 class=\"elementor-heading-title elementor-size-default\">Versand und R\u00fccksendungen<\/h2>\n<p>Der Bestellprozess kann je nach Produkt bis zu 2-10 Werktage in Anspruch nehmen. Wenn Ihre Bestellung sehr dringend ist, kontaktieren Sie uns bitte, bevor Sie Ihre Bestellung aufgeben, und wir werden Ihnen ein genaues Versand- und Lieferdatum mitteilen.<\/p>\n<h3>R\u00fccksendungen<\/h3>\n<p>Wenn Sie mit den erhaltenen Waren nicht zufrieden sind, k\u00f6nnen Sie diese innerhalb von 14 Tagen nach Erhalt zur\u00fccksenden, vorausgesetzt, sie befinden sich im Originalzustand. R\u00fccksendungen m\u00fcssen per E-Mail an <a href=\"mailto:info@shoefootprint.com\">info@shoefootprint.com<\/a> gemeldet werden. Nach der R\u00fccksendung haben Sie Anspruch auf einen Umtausch oder eine R\u00fcckerstattung, die die Kosten f\u00fcr den urspr\u00fcnglichen Versand und die Verpackung nicht umfasst. Wir k\u00f6nnen keine Artikel zur\u00fcckerstatten oder umtauschen, die abgenutzt, gewaschen oder nicht im Originalzustand sind.<\/p>\n<ul>\n<li>Alle zur\u00fcckgesendeten Artikel m\u00fcssen ungetragen, ungewaschen und vollst\u00e4ndig mit den originalen Etiketten und\/oder der Verpackung (sofern zutreffend) sein.<\/li>\n<li>Wir \u00fcbernehmen nicht die R\u00fccksendekosten f\u00fcr die Artikel.<\/li>\n<li>Alle Artikel m\u00fcssen sich im Originalzustand und in einem wiederverkaufsf\u00e4higen Zustand befinden.<\/li>\n<li>Bitte stellen Sie sicher, dass alle zur\u00fcckgesendeten Artikel gut verpackt sind, damit sie auf dem Postweg nicht besch\u00e4digt werden.<\/li>\n<li>Wenn Sie Schuhe zur\u00fccksenden, stellen Sie bitte sicher, dass die Box mit einer \u00e4u\u00dferen Verpackungsschicht gesch\u00fctzt ist. Die Box ist Teil des Produkts; daher kann eine Besch\u00e4digung dazu f\u00fchren, dass die R\u00fccksendung abgelehnt wird<\/li>\n<li>Bitte stellen Sie sicher, dass alle R\u00fccksendepakete mit einem nachverfolgbaren, versicherten Service versendet werden.<\/li>\n<li>Wir k\u00f6nnen keine Verantwortung f\u00fcr Artikel \u00fcbernehmen, die w\u00e4hrend des R\u00fccktransports besch\u00e4digt oder verloren gehen.<\/li>\n<li>Bitte beachten Sie unsere Allgemeinen Gesch\u00e4ftsbedingungen f\u00fcr weitere Informationen zu R\u00fccksendungen.<\/li>\n<\/ul>\n","protected":false},"excerpt":{"rendered":"<p><span class=\"chakra-text css-7846eu\"><strong>Colorway<\/strong> : Light Orewood Brown\/Black\/Armory Blue<\/span><\/p>\n","protected":false},"featured_media":31230,"comment_status":"open","ping_status":"closed","template":"","meta":[],"product_cat":[246,426],"product_tag":[],"class_list":{"0":"post-32353","1":"product","2":"type-product","3":"status-publish","4":"has-post-thumbnail","6":"product_brand-nike-de-2","7":"product_cat-nike-de","8":"product_cat-nike-sb-de","10":"first","11":"instock","12":"shipping-taxable","13":"purchasable","14":"product-type-variable"},"yoast_head":"<!-- This site is optimized with the Yoast SEO plugin v26.8 - https:\/\/yoast.com\/product\/yoast-seo-wordpress\/ -->\n<title>Nike Air Zoom Vomero Orewood - Shoe footprint<\/title>\n<meta name=\"robots\" content=\"index, follow, max-snippet:-1, max-image-preview:large, max-video-preview:-1\" \/>\n<link rel=\"canonical\" href=\"https:\/\/shoefootprint.com\/product\/nike-air-zoom-vomero-orewood\/\" \/>\n<meta property=\"og:locale\" content=\"de_DE\" \/>\n<meta property=\"og:type\" content=\"article\" \/>\n<meta property=\"og:title\" content=\"Nike Air Zoom Vomero Orewood - Shoe footprint\" \/>\n<meta property=\"og:description\" content=\"Colorway : Light Orewood Brown\/Black\/Armory Blue\" \/>\n<meta property=\"og:url\" content=\"https:\/\/shoefootprint.com\/product\/nike-air-zoom-vomero-orewood\/\" \/>\n<meta property=\"og:site_name\" content=\"Shoe footprint\" \/>\n<meta property=\"article:modified_time\" content=\"2024-10-24T08:13:34+00:00\" \/>\n<meta property=\"og:image\" content=\"https:\/\/shoefootprint.com\/wp-content\/uploads\/2024\/10\/85872e64-removebg-preview.png\" \/>\n\t<meta property=\"og:image:width\" content=\"500\" \/>\n\t<meta property=\"og:image:height\" content=\"500\" \/>\n\t<meta property=\"og:image:type\" content=\"image\/png\" \/>\n<meta name=\"twitter:card\" content=\"summary_large_image\" \/>\n<meta name=\"twitter:label1\" content=\"Gesch\u00e4tzte Lesezeit\" \/>\n\t<meta name=\"twitter:data1\" content=\"1\u00a0Minute\" \/>\n<script type=\"application\/ld+json\" class=\"yoast-schema-graph\">{\"@context\":\"https:\/\/schema.org\",\"@graph\":[{\"@type\":\"WebPage\",\"@id\":\"https:\/\/shoefootprint.com\/product\/nike-air-zoom-vomero-orewood\/\",\"url\":\"https:\/\/shoefootprint.com\/product\/nike-air-zoom-vomero-orewood\/\",\"name\":\"Nike Air Zoom Vomero Orewood - Shoe footprint\",\"isPartOf\":{\"@id\":\"https:\/\/shoefootprint.com\/#website\"},\"primaryImageOfPage\":{\"@id\":\"https:\/\/shoefootprint.com\/product\/nike-air-zoom-vomero-orewood\/#primaryimage\"},\"image\":{\"@id\":\"https:\/\/shoefootprint.com\/product\/nike-air-zoom-vomero-orewood\/#primaryimage\"},\"thumbnailUrl\":\"https:\/\/shoefootprint.com\/wp-content\/uploads\/2024\/10\/85872e64-removebg-preview.png\",\"datePublished\":\"2024-10-23T11:43:12+00:00\",\"dateModified\":\"2024-10-24T08:13:34+00:00\",\"breadcrumb\":{\"@id\":\"https:\/\/shoefootprint.com\/product\/nike-air-zoom-vomero-orewood\/#breadcrumb\"},\"inLanguage\":\"de\",\"potentialAction\":[{\"@type\":\"ReadAction\",\"target\":[\"https:\/\/shoefootprint.com\/product\/nike-air-zoom-vomero-orewood\/\"]}]},{\"@type\":\"ImageObject\",\"inLanguage\":\"de\",\"@id\":\"https:\/\/shoefootprint.com\/product\/nike-air-zoom-vomero-orewood\/#primaryimage\",\"url\":\"https:\/\/shoefootprint.com\/wp-content\/uploads\/2024\/10\/85872e64-removebg-preview.png\",\"contentUrl\":\"https:\/\/shoefootprint.com\/wp-content\/uploads\/2024\/10\/85872e64-removebg-preview.png\",\"width\":500,\"height\":500},{\"@type\":\"BreadcrumbList\",\"@id\":\"https:\/\/shoefootprint.com\/product\/nike-air-zoom-vomero-orewood\/#breadcrumb\",\"itemListElement\":[{\"@type\":\"ListItem\",\"position\":1,\"name\":\"Home\",\"item\":\"https:\/\/shoefootprint.com\/\"},{\"@type\":\"ListItem\",\"position\":2,\"name\":\"Shop\",\"item\":\"https:\/\/shoefootprint.com\/shop\/\"},{\"@type\":\"ListItem\",\"position\":3,\"name\":\"Nike Air Zoom Vomero Orewood\"}]},{\"@type\":\"WebSite\",\"@id\":\"https:\/\/shoefootprint.com\/#website\",\"url\":\"https:\/\/shoefootprint.com\/\",\"name\":\"Shoe footprint\",\"description\":\"\",\"potentialAction\":[{\"@type\":\"SearchAction\",\"target\":{\"@type\":\"EntryPoint\",\"urlTemplate\":\"https:\/\/shoefootprint.com\/?s={search_term_string}\"},\"query-input\":{\"@type\":\"PropertyValueSpecification\",\"valueRequired\":true,\"valueName\":\"search_term_string\"}}],\"inLanguage\":\"de\"}]}<\/script>\n<!-- \/ Yoast SEO plugin. -->","yoast_head_json":{"title":"Nike Air Zoom Vomero Orewood - Shoe footprint","robots":{"index":"index","follow":"follow","max-snippet":"max-snippet:-1","max-image-preview":"max-image-preview:large","max-video-preview":"max-video-preview:-1"},"canonical":"https:\/\/shoefootprint.com\/product\/nike-air-zoom-vomero-orewood\/","og_locale":"de_DE","og_type":"article","og_title":"Nike Air Zoom Vomero Orewood - Shoe footprint","og_description":"Colorway : Light Orewood Brown\/Black\/Armory Blue","og_url":"https:\/\/shoefootprint.com\/product\/nike-air-zoom-vomero-orewood\/","og_site_name":"Shoe footprint","article_modified_time":"2024-10-24T08:13:34+00:00","og_image":[{"width":500,"height":500,"url":"https:\/\/shoefootprint.com\/wp-content\/uploads\/2024\/10\/85872e64-removebg-preview.png","type":"image\/png"}],"twitter_card":"summary_large_image","twitter_misc":{"Gesch\u00e4tzte Lesezeit":"1\u00a0Minute"},"schema":{"@context":"https:\/\/schema.org","@graph":[{"@type":"WebPage","@id":"https:\/\/shoefootprint.com\/product\/nike-air-zoom-vomero-orewood\/","url":"https:\/\/shoefootprint.com\/product\/nike-air-zoom-vomero-orewood\/","name":"Nike Air Zoom Vomero Orewood - Shoe footprint","isPartOf":{"@id":"https:\/\/shoefootprint.com\/#website"},"primaryImageOfPage":{"@id":"https:\/\/shoefootprint.com\/product\/nike-air-zoom-vomero-orewood\/#primaryimage"},"image":{"@id":"https:\/\/shoefootprint.com\/product\/nike-air-zoom-vomero-orewood\/#primaryimage"},"thumbnailUrl":"https:\/\/shoefootprint.com\/wp-content\/uploads\/2024\/10\/85872e64-removebg-preview.png","datePublished":"2024-10-23T11:43:12+00:00","dateModified":"2024-10-24T08:13:34+00:00","breadcrumb":{"@id":"https:\/\/shoefootprint.com\/product\/nike-air-zoom-vomero-orewood\/#breadcrumb"},"inLanguage":"de","potentialAction":[{"@type":"ReadAction","target":["https:\/\/shoefootprint.com\/product\/nike-air-zoom-vomero-orewood\/"]}]},{"@type":"ImageObject","inLanguage":"de","@id":"https:\/\/shoefootprint.com\/product\/nike-air-zoom-vomero-orewood\/#primaryimage","url":"https:\/\/shoefootprint.com\/wp-content\/uploads\/2024\/10\/85872e64-removebg-preview.png","contentUrl":"https:\/\/shoefootprint.com\/wp-content\/uploads\/2024\/10\/85872e64-removebg-preview.png","width":500,"height":500},{"@type":"BreadcrumbList","@id":"https:\/\/shoefootprint.com\/product\/nike-air-zoom-vomero-orewood\/#breadcrumb","itemListElement":[{"@type":"ListItem","position":1,"name":"Home","item":"https:\/\/shoefootprint.com\/"},{"@type":"ListItem","position":2,"name":"Shop","item":"https:\/\/shoefootprint.com\/shop\/"},{"@type":"ListItem","position":3,"name":"Nike Air Zoom Vomero Orewood"}]},{"@type":"WebSite","@id":"https:\/\/shoefootprint.com\/#website","url":"https:\/\/shoefootprint.com\/","name":"Shoe footprint","description":"","potentialAction":[{"@type":"SearchAction","target":{"@type":"EntryPoint","urlTemplate":"https:\/\/shoefootprint.com\/?s={search_term_string}"},"query-input":{"@type":"PropertyValueSpecification","valueRequired":true,"valueName":"search_term_string"}}],"inLanguage":"de"}]}},"_links":{"self":[{"href":"https:\/\/shoefootprint.com\/de\/wp-json\/wp\/v2\/product\/32353","targetHints":{"allow":["GET"]}}],"collection":[{"href":"https:\/\/shoefootprint.com\/de\/wp-json\/wp\/v2\/product"}],"about":[{"href":"https:\/\/shoefootprint.com\/de\/wp-json\/wp\/v2\/types\/product"}],"replies":[{"embeddable":true,"href":"https:\/\/shoefootprint.com\/de\/wp-json\/wp\/v2\/comments?post=32353"}],"wp:featuredmedia":[{"embeddable":true,"href":"https:\/\/shoefootprint.com\/de\/wp-json\/wp\/v2\/media\/31230"}],"wp:attachment":[{"href":"https:\/\/shoefootprint.com\/de\/wp-json\/wp\/v2\/media?parent=32353"}],"wp:term":[{"taxonomy":"product_cat","embeddable":true,"href":"https:\/\/shoefootprint.com\/de\/wp-json\/wp\/v2\/product_cat?post=32353"},{"taxonomy":"product_tag","embeddable":true,"href":"https:\/\/shoefootprint.com\/de\/wp-json\/wp\/v2\/product_tag?post=32353"}],"curies":[{"name":"wp","href":"https:\/\/api.w.org\/{rel}","templated":true}]}}