{"id":14652,"date":"2020-10-13T07:28:49","date_gmt":"2020-10-13T07:28:49","guid":{"rendered":"https:\/\/shoefootprint.com\/duk\/"},"modified":"2024-10-24T09:55:27","modified_gmt":"2024-10-24T09:55:27","slug":"duk","status":"publish","type":"page","link":"https:\/\/shoefootprint.com\/lt\/duk\/","title":{"rendered":"DUK"},"content":{"rendered":"\t\t<div data-elementor-type=\"wp-page\" data-elementor-id=\"14652\" class=\"elementor elementor-14652 elementor-609\">\n\t\t\t\t\t\t<section class=\"elementor-section elementor-top-section elementor-element elementor-element-c22eabf elementor-section-boxed elementor-section-height-default elementor-section-height-default\" data-id=\"c22eabf\" data-element_type=\"section\" data-e-type=\"section\">\n\t\t\t\t\t\t<div class=\"elementor-container elementor-column-gap-extended\">\n\t\t\t\t\t<div class=\"elementor-column elementor-col-16 elementor-top-column elementor-element elementor-element-eb69a9e elementor-hidden-tablet elementor-hidden-phone\" data-id=\"eb69a9e\" data-element_type=\"column\" data-e-type=\"column\">\n\t\t\t<div class=\"elementor-widget-wrap\">\n\t\t\t\t\t\t\t<\/div>\n\t\t<\/div>\n\t\t\t\t<div class=\"elementor-column elementor-col-66 elementor-top-column elementor-element elementor-element-4c5906c\" data-id=\"4c5906c\" data-element_type=\"column\" data-e-type=\"column\">\n\t\t\t<div class=\"elementor-widget-wrap elementor-element-populated\">\n\t\t\t\t\t\t<div class=\"elementor-element elementor-element-e6dffa5 elementor-widget elementor-widget-text-editor\" data-id=\"e6dffa5\" data-element_type=\"widget\" data-e-type=\"widget\" data-widget_type=\"text-editor.default\">\n\t\t\t\t<div class=\"elementor-widget-container\">\n\t\t\t\t\t\t\t\t\t<p>*Suprantame, kad jums gali kilti klausim\u0173 apie pristatym\u0105, paslaugas ir politik\u0105, tod\u0117l esame pasireng\u0119 \u012f juos atsakyti. Nesvarbu, ar esate sportba\u010di\u0173 entuziastas ar pirmas klientas, besidomintis m\u016bs\u0173 u\u017esakymo procesu, mes jums pad\u0117sime. Per\u017ei\u016br\u0117kite m\u016bs\u0173 D.U.K skyri\u0173 ir raskite atsakymus \u012f da\u017eniausiai u\u017eduodamus klausimus. O jei nerandate, ko ie\u0161kote, nedvejodami kreipkit\u0117s pagalbos \u012f m\u016bs\u0173 klient\u0173 aptarnavimo komand\u0105. Shoefootprint esame \u012fsipareigoj\u0119 u\u017etikrinti jums skland\u0173 ir malon\u0173 apsipirkim\u0105 kiekviename \u017eingsnyje.<\/p>\t\t\t\t\t\t\t\t<\/div>\n\t\t\t\t<\/div>\n\t\t\t\t<div class=\"elementor-element elementor-element-01593e1 elementor-widget elementor-widget-razzi-heading\" data-id=\"01593e1\" data-element_type=\"widget\" data-e-type=\"widget\" data-widget_type=\"razzi-heading.default\">\n\t\t\t\t<div class=\"elementor-widget-container\">\n\t\t\t\t\t<div class=\"razzi-heading-wrapper\"><h4 class=\"razzi-heading-title\"> U\u017esakymai:<\/h4><\/div>\t\t\t\t<\/div>\n\t\t\t\t<\/div>\n\t\t\t\t<div class=\"elementor-element elementor-element-401bed2 elementor-widget elementor-widget-razzi-faq\" data-id=\"401bed2\" data-element_type=\"widget\" data-e-type=\"widget\" data-settings=\"{&quot;status&quot;:&quot;yes&quot;}\" data-widget_type=\"razzi-faq.default\">\n\t\t\t\t<div class=\"elementor-widget-container\">\n\t\t\t\t\t<div class=\"razzi-faq\"><div class=\"box-content active\"><h2 class=\"faq-title\">1. Kiek laiko trunka pristatymas?<span class=\"razzi-svg-icon razzi-svg-default\"><svg aria-hidden=\"true\" role=\"img\" focusable=\"false\" xmlns=\"http:\/\/www.w3.org\/2000\/svg\" width=\"24\" height=\"24\" viewBox=\"0 0 24 24\" fill=\"none\" stroke=\"currentColor\" stroke-width=\"2\" stroke-linecap=\"round\" stroke-linejoin=\"round\"><polyline points=\"6 9 12 15 18 9\"><\/polyline><\/svg><\/span><\/h2> <div class=\"faq-desc\"><p>Kai u\u017esakymas pateikiamas, jam apdoroti ir paruo\u0161ti i\u0161siuntimui prireikia 2-10 darbo dien\u0173. Po to pristatymas paprastai trunka 4-7 darbo dien\u0173, priklausomai nuo j\u016bs\u0173 buvimo vietos.<\/p><\/div><\/div><div class=\"box-content \"><h2 class=\"faq-title\">2. Ar galiu sekti savo u\u017esakym\u0105?<span class=\"razzi-svg-icon razzi-svg-default\"><svg aria-hidden=\"true\" role=\"img\" focusable=\"false\" xmlns=\"http:\/\/www.w3.org\/2000\/svg\" width=\"24\" height=\"24\" viewBox=\"0 0 24 24\" fill=\"none\" stroke=\"currentColor\" stroke-width=\"2\" stroke-linecap=\"round\" stroke-linejoin=\"round\"><polyline points=\"6 9 12 15 18 9\"><\/polyline><\/svg><\/span><\/h2> <div class=\"faq-desc\"><p>Taip, kai u\u017esakymas bus apdorotas ir i\u0161si\u0173stas, el. pa\u0161tu gausite siuntos sekimo numer\u012f, kad gal\u0117tum\u0117te sekti siuntos eig\u0105.<\/p><\/div><\/div><div class=\"box-content \"><h2 class=\"faq-title\">3. K\u0105 daryti, jei gavau netinkamo dyd\u017eio ar gamin\u012f?<span class=\"razzi-svg-icon razzi-svg-default\"><svg aria-hidden=\"true\" role=\"img\" focusable=\"false\" xmlns=\"http:\/\/www.w3.org\/2000\/svg\" width=\"24\" height=\"24\" viewBox=\"0 0 24 24\" fill=\"none\" stroke=\"currentColor\" stroke-width=\"2\" stroke-linecap=\"round\" stroke-linejoin=\"round\"><polyline points=\"6 9 12 15 18 9\"><\/polyline><\/svg><\/span><\/h2> <div class=\"faq-desc\"><p>Jei gavote netinkamo dyd\u017eio batus, per 14 dien\u0173 nuo pristatymo susisiekite su m\u016bs\u0173 klient\u0173 aptarnavimo komanda el. pa\u0161tu <strong>info@shoefootprint.com<\/strong> ir mes pad\u0117sime greitai gr\u0105\u017einti arba pakeisti dyd\u012f.<\/p><\/div><\/div><\/div>\t\t\t\t<\/div>\n\t\t\t\t<\/div>\n\t\t\t\t<div class=\"elementor-element elementor-element-f9145f0 elementor-widget elementor-widget-razzi-heading\" data-id=\"f9145f0\" data-element_type=\"widget\" data-e-type=\"widget\" data-widget_type=\"razzi-heading.default\">\n\t\t\t\t<div class=\"elementor-widget-container\">\n\t\t\t\t\t<div class=\"razzi-heading-wrapper\"><h4 class=\"razzi-heading-title\"> Pristatymas ir gr\u0105\u017einimas:<\/h4><\/div>\t\t\t\t<\/div>\n\t\t\t\t<\/div>\n\t\t\t\t<div class=\"elementor-element elementor-element-996aadc elementor-widget elementor-widget-razzi-faq\" data-id=\"996aadc\" data-element_type=\"widget\" data-e-type=\"widget\" data-settings=\"{&quot;status&quot;:&quot;yes&quot;}\" data-widget_type=\"razzi-faq.default\">\n\t\t\t\t<div class=\"elementor-widget-container\">\n\t\t\t\t\t<div class=\"razzi-faq\"><div class=\"box-content active\"><h2 class=\"faq-title\">1. Ar si\u016blote nemokam\u0105 pristatym\u0105?<span class=\"razzi-svg-icon razzi-svg-default\"><svg aria-hidden=\"true\" role=\"img\" focusable=\"false\" xmlns=\"http:\/\/www.w3.org\/2000\/svg\" width=\"24\" height=\"24\" viewBox=\"0 0 24 24\" fill=\"none\" stroke=\"currentColor\" stroke-width=\"2\" stroke-linecap=\"round\" stroke-linejoin=\"round\"><polyline points=\"6 9 12 15 18 9\"><\/polyline><\/svg><\/span><\/h2> <div class=\"faq-desc\"><p>Si\u016blome nemokam\u0105 pristatym\u0105 visiems pasirinktiems u\u017esakymams.<\/p><\/div><\/div><div class=\"box-content \"><h2 class=\"faq-title\">2. Kokia yra j\u016bs\u0173 gr\u0105\u017einimo politika?<span class=\"razzi-svg-icon razzi-svg-default\"><svg aria-hidden=\"true\" role=\"img\" focusable=\"false\" xmlns=\"http:\/\/www.w3.org\/2000\/svg\" width=\"24\" height=\"24\" viewBox=\"0 0 24 24\" fill=\"none\" stroke=\"currentColor\" stroke-width=\"2\" stroke-linecap=\"round\" stroke-linejoin=\"round\"><polyline points=\"6 9 12 15 18 9\"><\/polyline><\/svg><\/span><\/h2> <div class=\"faq-desc\"><p>Jei nesate patenkinti pirkiniu, galite gr\u0105\u017einti ned\u0117v\u0117tus batus per 14 dien\u0173 nuo pristatymo. Batai turi b\u016bti originalioje pakuot\u0117je ir tokios pat b\u016bkl\u0117s. Atkreipkite d\u0117mes\u012f, kad u\u017e gr\u0105\u017einimo siuntimo i\u0161laidas atsako klientas.<\/p><\/div><\/div><\/div>\t\t\t\t<\/div>\n\t\t\t\t<\/div>\n\t\t\t\t<div class=\"elementor-element elementor-element-b754740 elementor-widget elementor-widget-razzi-heading\" data-id=\"b754740\" data-element_type=\"widget\" data-e-type=\"widget\" data-widget_type=\"razzi-heading.default\">\n\t\t\t\t<div class=\"elementor-widget-container\">\n\t\t\t\t\t<div class=\"razzi-heading-wrapper\"><h4 class=\"razzi-heading-title\"> Apmok\u0117jimas:<\/h4><\/div>\t\t\t\t<\/div>\n\t\t\t\t<\/div>\n\t\t\t\t<div class=\"elementor-element elementor-element-7ac59af elementor-widget elementor-widget-razzi-faq\" data-id=\"7ac59af\" data-element_type=\"widget\" data-e-type=\"widget\" data-settings=\"{&quot;status&quot;:&quot;yes&quot;}\" data-widget_type=\"razzi-faq.default\">\n\t\t\t\t<div class=\"elementor-widget-container\">\n\t\t\t\t\t<div class=\"razzi-faq\"><div class=\"box-content active\"><h2 class=\"faq-title\">1. Kokius mok\u0117jimo b\u016bdus priimate?<span class=\"razzi-svg-icon razzi-svg-default\"><svg aria-hidden=\"true\" role=\"img\" focusable=\"false\" xmlns=\"http:\/\/www.w3.org\/2000\/svg\" width=\"24\" height=\"24\" viewBox=\"0 0 24 24\" fill=\"none\" stroke=\"currentColor\" stroke-width=\"2\" stroke-linecap=\"round\" stroke-linejoin=\"round\"><polyline points=\"6 9 12 15 18 9\"><\/polyline><\/svg><\/span><\/h2> <div class=\"faq-desc\"><p>Priimame \u012fvairius mok\u0117jimo b\u016bdus, \u012fskaitant kredito ir debeto korteles (\"Visa\", \"MasterCard\", \"American Express\"), \"PayPal\" ir kitus saugius mok\u0117jimo b\u016bdus. Visos operacijos \u0161ifruojamos, kad j\u016bs\u0173 mok\u0117jimo duomenys b\u016bt\u0173 saug\u016bs. <\/p><\/div><\/div><\/div>\t\t\t\t<\/div>\n\t\t\t\t<\/div>\n\t\t\t\t\t<\/div>\n\t\t<\/div>\n\t\t\t\t<div class=\"elementor-column elementor-col-16 elementor-top-column elementor-element elementor-element-a422420 elementor-hidden-tablet elementor-hidden-phone\" data-id=\"a422420\" data-element_type=\"column\" data-e-type=\"column\">\n\t\t\t<div class=\"elementor-widget-wrap\">\n\t\t\t\t\t\t\t<\/div>\n\t\t<\/div>\n\t\t\t\t\t<\/div>\n\t\t<\/section>\n\t\t\t\t<\/div>\n\t\t","protected":false},"excerpt":{"rendered":"<p>*Suprantame, kad jums gali kilti klausim\u0173 apie pristatym\u0105, paslaugas ir politik\u0105, tod\u0117l esame pasireng\u0119 \u012f juos atsakyti. Nesvarbu, ar esate sportba\u010di\u0173 entuziastas ar pirmas klientas, besidomintis m\u016bs\u0173 u\u017esakymo procesu, mes jums pad\u0117sime. Per\u017ei\u016br\u0117kite m\u016bs\u0173 D.U.K skyri\u0173 ir raskite atsakymus \u012f da\u017eniausiai u\u017eduodamus klausimus. O jei nerandate, ko ie\u0161kote, nedvejodami kreipkit\u0117s pagalbos \u012f m\u016bs\u0173 klient\u0173 aptarnavimo [&hellip;]<\/p>\n","protected":false},"author":1,"featured_media":0,"parent":0,"menu_order":0,"comment_status":"closed","ping_status":"closed","template":"","meta":{"footnotes":""},"class_list":["post-14652","page","type-page","status-publish","hentry"],"yoast_head":"<!-- This site is optimized with the Yoast SEO plugin v26.8 - https:\/\/yoast.com\/product\/yoast-seo-wordpress\/ -->\n<title>DUK - Shoe footprint<\/title>\n<meta name=\"robots\" content=\"index, follow, max-snippet:-1, max-image-preview:large, max-video-preview:-1\" \/>\n<link rel=\"canonical\" href=\"https:\/\/shoefootprint.com\/faq\/\" \/>\n<meta property=\"og:locale\" content=\"lt_LT\" \/>\n<meta property=\"og:type\" content=\"article\" \/>\n<meta property=\"og:title\" content=\"DUK - Shoe footprint\" \/>\n<meta property=\"og:description\" content=\"*Suprantame, kad jums gali kilti klausim\u0173 apie pristatym\u0105, paslaugas ir politik\u0105, tod\u0117l esame pasireng\u0119 \u012f juos atsakyti. Nesvarbu, ar esate sportba\u010di\u0173 entuziastas ar pirmas klientas, besidomintis m\u016bs\u0173 u\u017esakymo procesu, mes jums pad\u0117sime. Per\u017ei\u016br\u0117kite m\u016bs\u0173 D.U.K skyri\u0173 ir raskite atsakymus \u012f da\u017eniausiai u\u017eduodamus klausimus. O jei nerandate, ko ie\u0161kote, nedvejodami kreipkit\u0117s pagalbos \u012f m\u016bs\u0173 klient\u0173 aptarnavimo [&hellip;]\" \/>\n<meta property=\"og:url\" content=\"https:\/\/shoefootprint.com\/faq\/\" \/>\n<meta property=\"og:site_name\" content=\"Shoe footprint\" \/>\n<meta property=\"article:modified_time\" content=\"2024-10-24T09:55:27+00:00\" \/>\n<meta name=\"twitter:card\" content=\"summary_large_image\" \/>\n<meta name=\"twitter:label1\" content=\"Est. reading time\" \/>\n\t<meta name=\"twitter:data1\" content=\"1 minut\u0117\" \/>\n<script type=\"application\/ld+json\" class=\"yoast-schema-graph\">{\"@context\":\"https:\/\/schema.org\",\"@graph\":[{\"@type\":\"WebPage\",\"@id\":\"https:\/\/shoefootprint.com\/faq\/\",\"url\":\"https:\/\/shoefootprint.com\/faq\/\",\"name\":\"DUK - Shoe footprint\",\"isPartOf\":{\"@id\":\"https:\/\/shoefootprint.com\/#website\"},\"datePublished\":\"2020-10-13T07:28:49+00:00\",\"dateModified\":\"2024-10-24T09:55:27+00:00\",\"breadcrumb\":{\"@id\":\"https:\/\/shoefootprint.com\/faq\/#breadcrumb\"},\"inLanguage\":\"lt-LT\",\"potentialAction\":[{\"@type\":\"ReadAction\",\"target\":[\"https:\/\/shoefootprint.com\/faq\/\"]}]},{\"@type\":\"BreadcrumbList\",\"@id\":\"https:\/\/shoefootprint.com\/faq\/#breadcrumb\",\"itemListElement\":[{\"@type\":\"ListItem\",\"position\":1,\"name\":\"Home\",\"item\":\"https:\/\/shoefootprint.com\/\"},{\"@type\":\"ListItem\",\"position\":2,\"name\":\"DUK\"}]},{\"@type\":\"WebSite\",\"@id\":\"https:\/\/shoefootprint.com\/#website\",\"url\":\"https:\/\/shoefootprint.com\/\",\"name\":\"Shoe footprint\",\"description\":\"\",\"potentialAction\":[{\"@type\":\"SearchAction\",\"target\":{\"@type\":\"EntryPoint\",\"urlTemplate\":\"https:\/\/shoefootprint.com\/?s={search_term_string}\"},\"query-input\":{\"@type\":\"PropertyValueSpecification\",\"valueRequired\":true,\"valueName\":\"search_term_string\"}}],\"inLanguage\":\"lt-LT\"}]}<\/script>\n<!-- \/ Yoast SEO plugin. -->","yoast_head_json":{"title":"DUK - Shoe footprint","robots":{"index":"index","follow":"follow","max-snippet":"max-snippet:-1","max-image-preview":"max-image-preview:large","max-video-preview":"max-video-preview:-1"},"canonical":"https:\/\/shoefootprint.com\/faq\/","og_locale":"lt_LT","og_type":"article","og_title":"DUK - Shoe footprint","og_description":"*Suprantame, kad jums gali kilti klausim\u0173 apie pristatym\u0105, paslaugas ir politik\u0105, tod\u0117l esame pasireng\u0119 \u012f juos atsakyti. Nesvarbu, ar esate sportba\u010di\u0173 entuziastas ar pirmas klientas, besidomintis m\u016bs\u0173 u\u017esakymo procesu, mes jums pad\u0117sime. Per\u017ei\u016br\u0117kite m\u016bs\u0173 D.U.K skyri\u0173 ir raskite atsakymus \u012f da\u017eniausiai u\u017eduodamus klausimus. O jei nerandate, ko ie\u0161kote, nedvejodami kreipkit\u0117s pagalbos \u012f m\u016bs\u0173 klient\u0173 aptarnavimo [&hellip;]","og_url":"https:\/\/shoefootprint.com\/faq\/","og_site_name":"Shoe footprint","article_modified_time":"2024-10-24T09:55:27+00:00","twitter_card":"summary_large_image","twitter_misc":{"Est. reading time":"1 minut\u0117"},"schema":{"@context":"https:\/\/schema.org","@graph":[{"@type":"WebPage","@id":"https:\/\/shoefootprint.com\/faq\/","url":"https:\/\/shoefootprint.com\/faq\/","name":"DUK - Shoe footprint","isPartOf":{"@id":"https:\/\/shoefootprint.com\/#website"},"datePublished":"2020-10-13T07:28:49+00:00","dateModified":"2024-10-24T09:55:27+00:00","breadcrumb":{"@id":"https:\/\/shoefootprint.com\/faq\/#breadcrumb"},"inLanguage":"lt-LT","potentialAction":[{"@type":"ReadAction","target":["https:\/\/shoefootprint.com\/faq\/"]}]},{"@type":"BreadcrumbList","@id":"https:\/\/shoefootprint.com\/faq\/#breadcrumb","itemListElement":[{"@type":"ListItem","position":1,"name":"Home","item":"https:\/\/shoefootprint.com\/"},{"@type":"ListItem","position":2,"name":"DUK"}]},{"@type":"WebSite","@id":"https:\/\/shoefootprint.com\/#website","url":"https:\/\/shoefootprint.com\/","name":"Shoe footprint","description":"","potentialAction":[{"@type":"SearchAction","target":{"@type":"EntryPoint","urlTemplate":"https:\/\/shoefootprint.com\/?s={search_term_string}"},"query-input":{"@type":"PropertyValueSpecification","valueRequired":true,"valueName":"search_term_string"}}],"inLanguage":"lt-LT"}]}},"_links":{"self":[{"href":"https:\/\/shoefootprint.com\/lt\/wp-json\/wp\/v2\/pages\/14652","targetHints":{"allow":["GET"]}}],"collection":[{"href":"https:\/\/shoefootprint.com\/lt\/wp-json\/wp\/v2\/pages"}],"about":[{"href":"https:\/\/shoefootprint.com\/lt\/wp-json\/wp\/v2\/types\/page"}],"author":[{"embeddable":true,"href":"https:\/\/shoefootprint.com\/lt\/wp-json\/wp\/v2\/users\/1"}],"replies":[{"embeddable":true,"href":"https:\/\/shoefootprint.com\/lt\/wp-json\/wp\/v2\/comments?post=14652"}],"version-history":[{"count":4,"href":"https:\/\/shoefootprint.com\/lt\/wp-json\/wp\/v2\/pages\/14652\/revisions"}],"predecessor-version":[{"id":35809,"href":"https:\/\/shoefootprint.com\/lt\/wp-json\/wp\/v2\/pages\/14652\/revisions\/35809"}],"wp:attachment":[{"href":"https:\/\/shoefootprint.com\/lt\/wp-json\/wp\/v2\/media?parent=14652"}],"curies":[{"name":"wp","href":"https:\/\/api.w.org\/{rel}","templated":true}]}}