{"id":14694,"date":"2020-10-13T02:48:45","date_gmt":"2020-10-13T02:48:45","guid":{"rendered":"https:\/\/shoefootprint.com\/pristatymas-ir-grazinimas\/"},"modified":"2024-10-14T19:28:49","modified_gmt":"2024-10-14T19:28:49","slug":"pristatymas-ir-grazinimas","status":"publish","type":"page","link":"https:\/\/shoefootprint.com\/lt\/pristatymas-ir-grazinimas\/","title":{"rendered":"Pristatymas ir gr\u0105\u017einimas"},"content":{"rendered":"\t\t<div data-elementor-type=\"wp-page\" data-elementor-id=\"14694\" class=\"elementor elementor-14694 elementor-546\">\n\t\t\t\t\t\t<section class=\"elementor-section elementor-top-section elementor-element elementor-element-d5bbbbe elementor-section-boxed elementor-section-height-default elementor-section-height-default\" data-id=\"d5bbbbe\" data-element_type=\"section\" data-e-type=\"section\">\n\t\t\t\t\t\t<div class=\"elementor-container elementor-column-gap-extended\">\n\t\t\t\t\t<div class=\"elementor-column elementor-col-33 elementor-top-column elementor-element elementor-element-194966c\" data-id=\"194966c\" data-element_type=\"column\" data-e-type=\"column\">\n\t\t\t<div class=\"elementor-widget-wrap\">\n\t\t\t\t\t\t\t<\/div>\n\t\t<\/div>\n\t\t\t\t<div class=\"elementor-column elementor-col-33 elementor-top-column elementor-element elementor-element-a8f22a2\" data-id=\"a8f22a2\" data-element_type=\"column\" data-e-type=\"column\" data-settings=\"{&quot;background_background&quot;:&quot;classic&quot;}\">\n\t\t\t<div class=\"elementor-widget-wrap elementor-element-populated\">\n\t\t\t\t\t\t<div class=\"elementor-element elementor-element-4d6925f elementor-widget elementor-widget-text-editor\" data-id=\"4d6925f\" data-element_type=\"widget\" data-e-type=\"widget\" data-widget_type=\"text-editor.default\">\n\t\t\t\t<div class=\"elementor-widget-container\">\n\t\t\t\t\t\t\t\t\t<h3 class=\"elementor-widget-container\">Pristatymas<\/h3>\n<div class=\"elementor-widget-container\">\n<div>U\u017esakymo procesas gali u\u017etrukti iki 2-10 darbo dien\u0173, priklausomai nuo produkt\u0173, tod\u0117l jei u\u017esakymas yra labai skubus, prie\u0161 pateikdami u\u017esakym\u0105 susisiekite su mumis ir mes jums nurodysime tiksli\u0105 pristatymo ir i\u0161siuntimo dat\u0105.  <\/div>\n<\/div>\n\t\t\t\t\t\t\t\t<\/div>\n\t\t\t\t<\/div>\n\t\t\t\t<div class=\"elementor-element elementor-element-cf5c770 elementor-widget elementor-widget-text-editor\" data-id=\"cf5c770\" data-element_type=\"widget\" data-e-type=\"widget\" data-widget_type=\"text-editor.default\">\n\t\t\t\t<div class=\"elementor-widget-container\">\n\t\t\t\t\t\t\t\t\t<h3>Gr\u0105\u017eina<\/h3>\n<p>Jei nesate patenkinti gautomis prek\u0117mis, galite jas gr\u0105\u017einti mums per 14 dien\u0173 nuo j\u0173 gavimo, jei jos yra originalios b\u016bkl\u0117s. Apie gr\u0105\u017einim\u0105 reikia prane\u0161ti el. pa\u0161tu: <strong><span style=\"text-decoration: underline;\">info.shoefootprint@gmail.com<\/span><\/strong> <\/p>\n<p>Gr\u0105\u017einus prek\u0119, tur\u0117site teis\u0119 j\u0105 pakeisti arba atgauti sumok\u0117tus pinigus, \u012f kuriuos nebus \u012fskai\u010diuotos originalaus pa\u0161to ir pakuot\u0117s i\u0161laidos. Negalime gr\u0105\u017einti pinig\u0173 ar pakeisti preki\u0173, kurios atrodo d\u0117v\u0117tos, skalbtos ar n\u0117ra originalios b\u016bkl\u0117s. <\/p>\n\t\t\t\t\t\t\t\t<\/div>\n\t\t\t\t<\/div>\n\t\t\t\t<div class=\"elementor-element elementor-element-eee4ce5 elementor-widget elementor-widget-text-editor\" data-id=\"eee4ce5\" data-element_type=\"widget\" data-e-type=\"widget\" data-widget_type=\"text-editor.default\">\n\t\t\t\t<div class=\"elementor-widget-container\">\n\t\t\t\t\t\t\t\t\t<ul>\n<li>\n<p>Visos gr\u0105\u017einamos prek\u0117s turi b\u016bti ned\u0117v\u0117tos, neskalbtos, su originaliomis etiket\u0117mis ir (arba) pakuote, jei taikoma.<\/p>\n<\/li>\n<li>\n<p>Mes neatsakome u\u017e preki\u0173 gr\u0105\u017einimo i\u0161laidas.<\/p>\n<\/li>\n<li>\n<p>Visi daiktai turi b\u016bti originalios, tinkamos perparduoti b\u016bkl\u0117s.<\/p>\n<\/li>\n<li>\n<p>\u012esitikinkite, kad visos gr\u0105\u017einamos prek\u0117s yra gerai supakuotos, kad neb\u016bt\u0173 pa\u017eeistos siun\u010diant pa\u0161tu.<\/p>\n<\/li>\n<li>\n<p>Jei gr\u0105\u017einate avalyn\u0119, \u012fsitikinkite, kad d\u0117\u017eut\u0117 yra apsaugota i\u0161oriniu pakuot\u0117s sluoksniu. D\u0117\u017eut\u0117 yra gaminio dalis, tod\u0117l d\u0117l bet kokio pa\u017eeidimo gali b\u016bti atsisakyta gr\u0105\u017einti gamin\u012f. <\/p>\n<\/li>\n<li>\n<p>\u012esitikinkite, kad visos gr\u0105\u017einamos siuntos siun\u010diamos su atsekamomis ir apdraustomis paslaugomis.<\/p>\n<\/li>\n<li>\n<p>Negalime prisiimti atsakomyb\u0117s u\u017e prekes, sugadintas ar prarastas jas gabenant atgal.<\/p>\n<\/li>\n<li>\n<p>Daugiau informacijos apie gr\u0105\u017einim\u0105 rasite m\u016bs\u0173 s\u0105lygose ir nuostatose.<\/p>\n<\/li>\n<\/ul>\n\t\t\t\t\t\t\t\t<\/div>\n\t\t\t\t<\/div>\n\t\t\t\t<div class=\"elementor-element elementor-element-1f8fd0e elementor-widget elementor-widget-heading\" data-id=\"1f8fd0e\" data-element_type=\"widget\" data-e-type=\"widget\" data-widget_type=\"heading.default\">\n\t\t\t\t<div class=\"elementor-widget-container\">\n\t\t\t\t\t<h4 class=\"elementor-heading-title elementor-size-default\">Pristatymas visame pasaulyje<\/h4>\t\t\t\t<\/div>\n\t\t\t\t<\/div>\n\t\t\t\t<div class=\"elementor-element elementor-element-6a9309e elementor-widget elementor-widget-text-editor\" data-id=\"6a9309e\" data-element_type=\"widget\" data-e-type=\"widget\" data-widget_type=\"text-editor.default\">\n\t\t\t\t<div class=\"elementor-widget-container\">\n\t\t\t\t\t\t\t\t\t<p>Did\u017eiuojam\u0117s gal\u0117dami pasi\u016blyti savo klientams pristatym\u0105 visame pasaulyje. Atkreipkite d\u0117mes\u012f, kad pristatymo laikas gali skirtis priklausomai nuo j\u016bs\u0173 buvimo vietos. Paprastai galite tik\u0117tis, kad j\u016bs\u0173 u\u017esakymas bus pristatytas per <strong>7-14 dien\u0173<\/strong>. Jei turite klausim\u0173 d\u0117l savo u\u017esakymo arba jums reikia papildomos pagalbos, nedvejodami kreipkit\u0117s \u012f m\u016bs\u0173 klient\u0173 aptarnavimo komand\u0105.   <\/p>\n\t\t\t\t\t\t\t\t<\/div>\n\t\t\t\t<\/div>\n\t\t\t\t<section class=\"elementor-section elementor-inner-section elementor-element elementor-element-eb04fc1 elementor-section-boxed elementor-section-height-default elementor-section-height-default\" data-id=\"eb04fc1\" data-element_type=\"section\" data-e-type=\"section\">\n\t\t\t\t\t\t<div class=\"elementor-container elementor-column-gap-no\">\n\t\t\t\t\t<div class=\"elementor-column elementor-col-50 elementor-inner-column elementor-element elementor-element-8f6e4ef\" data-id=\"8f6e4ef\" data-element_type=\"column\" data-e-type=\"column\">\n\t\t\t<div class=\"elementor-widget-wrap elementor-element-populated\">\n\t\t\t\t\t\t<div class=\"elementor-element elementor-element-a2bcedb elementor-widget elementor-widget-text-editor\" data-id=\"a2bcedb\" data-element_type=\"widget\" data-e-type=\"widget\" data-widget_type=\"text-editor.default\">\n\t\t\t\t<div class=\"elementor-widget-container\">\n\t\t\t\t\t\t\t\t\t<p><a class=\"razzi-button button-outline button-big\" href=\"https:\/\/shoefootprint.com\/lt\/duk\/\">Turite daugiau klausim\u0173?<\/a><\/p>\n\t\t\t\t\t\t\t\t<\/div>\n\t\t\t\t<\/div>\n\t\t\t\t\t<\/div>\n\t\t<\/div>\n\t\t\t\t<div class=\"elementor-column elementor-col-50 elementor-inner-column elementor-element elementor-element-0a235ed\" data-id=\"0a235ed\" data-element_type=\"column\" data-e-type=\"column\">\n\t\t\t<div class=\"elementor-widget-wrap elementor-element-populated\">\n\t\t\t\t\t\t<div class=\"elementor-element elementor-element-74ae363 elementor-widget elementor-widget-text-editor\" data-id=\"74ae363\" data-element_type=\"widget\" data-e-type=\"widget\" data-widget_type=\"text-editor.default\">\n\t\t\t\t<div class=\"elementor-widget-container\">\n\t\t\t\t\t\t\t\t\t<p><a class=\"razzi-button button-outline button-big\" href=\"https:\/\/shoefootprint.com\/lt\/susisiekite-su-mumis\/\">Norite susisiekti su mumis?<\/a><\/p>\n\t\t\t\t\t\t\t\t<\/div>\n\t\t\t\t<\/div>\n\t\t\t\t\t<\/div>\n\t\t<\/div>\n\t\t\t\t\t<\/div>\n\t\t<\/section>\n\t\t\t\t\t<\/div>\n\t\t<\/div>\n\t\t\t\t<div class=\"elementor-column elementor-col-33 elementor-top-column elementor-element elementor-element-43ee965\" data-id=\"43ee965\" data-element_type=\"column\" data-e-type=\"column\">\n\t\t\t<div class=\"elementor-widget-wrap\">\n\t\t\t\t\t\t\t<\/div>\n\t\t<\/div>\n\t\t\t\t\t<\/div>\n\t\t<\/section>\n\t\t\t\t<\/div>\n\t\t","protected":false},"excerpt":{"rendered":"<p>Pristatymas U\u017esakymo procesas gali u\u017etrukti iki 2-10 darbo dien\u0173, priklausomai nuo produkt\u0173, tod\u0117l jei u\u017esakymas yra labai skubus, prie\u0161 pateikdami u\u017esakym\u0105 susisiekite su mumis ir mes jums nurodysime tiksli\u0105 pristatymo ir i\u0161siuntimo dat\u0105. Gr\u0105\u017eina Jei nesate patenkinti gautomis prek\u0117mis, galite jas gr\u0105\u017einti mums per 14 dien\u0173 nuo j\u0173 gavimo, jei jos yra originalios b\u016bkl\u0117s. Apie [&hellip;]<\/p>\n","protected":false},"author":1,"featured_media":0,"parent":0,"menu_order":0,"comment_status":"closed","ping_status":"closed","template":"","meta":{"footnotes":""},"class_list":["post-14694","page","type-page","status-publish","hentry"],"yoast_head":"<!-- This site is optimized with the Yoast SEO plugin v26.8 - https:\/\/yoast.com\/product\/yoast-seo-wordpress\/ -->\n<title>Pristatymas ir gr\u0105\u017einimas - Shoe footprint<\/title>\n<meta name=\"robots\" content=\"index, follow, max-snippet:-1, max-image-preview:large, max-video-preview:-1\" \/>\n<link rel=\"canonical\" href=\"https:\/\/shoefootprint.com\/shipping-returns\/\" \/>\n<meta property=\"og:locale\" content=\"lt_LT\" \/>\n<meta property=\"og:type\" content=\"article\" \/>\n<meta property=\"og:title\" content=\"Pristatymas ir gr\u0105\u017einimas - Shoe footprint\" \/>\n<meta property=\"og:description\" content=\"Pristatymas U\u017esakymo procesas gali u\u017etrukti iki 2-10 darbo dien\u0173, priklausomai nuo produkt\u0173, tod\u0117l jei u\u017esakymas yra labai skubus, prie\u0161 pateikdami u\u017esakym\u0105 susisiekite su mumis ir mes jums nurodysime tiksli\u0105 pristatymo ir i\u0161siuntimo dat\u0105. Gr\u0105\u017eina Jei nesate patenkinti gautomis prek\u0117mis, galite jas gr\u0105\u017einti mums per 14 dien\u0173 nuo j\u0173 gavimo, jei jos yra originalios b\u016bkl\u0117s. Apie [&hellip;]\" \/>\n<meta property=\"og:url\" content=\"https:\/\/shoefootprint.com\/shipping-returns\/\" \/>\n<meta property=\"og:site_name\" content=\"Shoe footprint\" \/>\n<meta property=\"article:modified_time\" content=\"2024-10-14T19:28:49+00:00\" \/>\n<meta name=\"twitter:card\" content=\"summary_large_image\" \/>\n<meta name=\"twitter:label1\" content=\"Est. reading time\" \/>\n\t<meta name=\"twitter:data1\" content=\"2 minut\u0117s\" \/>\n<script type=\"application\/ld+json\" class=\"yoast-schema-graph\">{\"@context\":\"https:\/\/schema.org\",\"@graph\":[{\"@type\":\"WebPage\",\"@id\":\"https:\/\/shoefootprint.com\/shipping-returns\/\",\"url\":\"https:\/\/shoefootprint.com\/shipping-returns\/\",\"name\":\"Pristatymas ir gr\u0105\u017einimas - Shoe footprint\",\"isPartOf\":{\"@id\":\"https:\/\/shoefootprint.com\/#website\"},\"datePublished\":\"2020-10-13T02:48:45+00:00\",\"dateModified\":\"2024-10-14T19:28:49+00:00\",\"breadcrumb\":{\"@id\":\"https:\/\/shoefootprint.com\/shipping-returns\/#breadcrumb\"},\"inLanguage\":\"lt-LT\",\"potentialAction\":[{\"@type\":\"ReadAction\",\"target\":[\"https:\/\/shoefootprint.com\/shipping-returns\/\"]}]},{\"@type\":\"BreadcrumbList\",\"@id\":\"https:\/\/shoefootprint.com\/shipping-returns\/#breadcrumb\",\"itemListElement\":[{\"@type\":\"ListItem\",\"position\":1,\"name\":\"Home\",\"item\":\"https:\/\/shoefootprint.com\/\"},{\"@type\":\"ListItem\",\"position\":2,\"name\":\"Pristatymas ir gr\u0105\u017einimas\"}]},{\"@type\":\"WebSite\",\"@id\":\"https:\/\/shoefootprint.com\/#website\",\"url\":\"https:\/\/shoefootprint.com\/\",\"name\":\"Shoe footprint\",\"description\":\"\",\"potentialAction\":[{\"@type\":\"SearchAction\",\"target\":{\"@type\":\"EntryPoint\",\"urlTemplate\":\"https:\/\/shoefootprint.com\/?s={search_term_string}\"},\"query-input\":{\"@type\":\"PropertyValueSpecification\",\"valueRequired\":true,\"valueName\":\"search_term_string\"}}],\"inLanguage\":\"lt-LT\"}]}<\/script>\n<!-- \/ Yoast SEO plugin. -->","yoast_head_json":{"title":"Pristatymas ir gr\u0105\u017einimas - Shoe footprint","robots":{"index":"index","follow":"follow","max-snippet":"max-snippet:-1","max-image-preview":"max-image-preview:large","max-video-preview":"max-video-preview:-1"},"canonical":"https:\/\/shoefootprint.com\/shipping-returns\/","og_locale":"lt_LT","og_type":"article","og_title":"Pristatymas ir gr\u0105\u017einimas - Shoe footprint","og_description":"Pristatymas U\u017esakymo procesas gali u\u017etrukti iki 2-10 darbo dien\u0173, priklausomai nuo produkt\u0173, tod\u0117l jei u\u017esakymas yra labai skubus, prie\u0161 pateikdami u\u017esakym\u0105 susisiekite su mumis ir mes jums nurodysime tiksli\u0105 pristatymo ir i\u0161siuntimo dat\u0105. Gr\u0105\u017eina Jei nesate patenkinti gautomis prek\u0117mis, galite jas gr\u0105\u017einti mums per 14 dien\u0173 nuo j\u0173 gavimo, jei jos yra originalios b\u016bkl\u0117s. Apie [&hellip;]","og_url":"https:\/\/shoefootprint.com\/shipping-returns\/","og_site_name":"Shoe footprint","article_modified_time":"2024-10-14T19:28:49+00:00","twitter_card":"summary_large_image","twitter_misc":{"Est. reading time":"2 minut\u0117s"},"schema":{"@context":"https:\/\/schema.org","@graph":[{"@type":"WebPage","@id":"https:\/\/shoefootprint.com\/shipping-returns\/","url":"https:\/\/shoefootprint.com\/shipping-returns\/","name":"Pristatymas ir gr\u0105\u017einimas - Shoe footprint","isPartOf":{"@id":"https:\/\/shoefootprint.com\/#website"},"datePublished":"2020-10-13T02:48:45+00:00","dateModified":"2024-10-14T19:28:49+00:00","breadcrumb":{"@id":"https:\/\/shoefootprint.com\/shipping-returns\/#breadcrumb"},"inLanguage":"lt-LT","potentialAction":[{"@type":"ReadAction","target":["https:\/\/shoefootprint.com\/shipping-returns\/"]}]},{"@type":"BreadcrumbList","@id":"https:\/\/shoefootprint.com\/shipping-returns\/#breadcrumb","itemListElement":[{"@type":"ListItem","position":1,"name":"Home","item":"https:\/\/shoefootprint.com\/"},{"@type":"ListItem","position":2,"name":"Pristatymas ir gr\u0105\u017einimas"}]},{"@type":"WebSite","@id":"https:\/\/shoefootprint.com\/#website","url":"https:\/\/shoefootprint.com\/","name":"Shoe footprint","description":"","potentialAction":[{"@type":"SearchAction","target":{"@type":"EntryPoint","urlTemplate":"https:\/\/shoefootprint.com\/?s={search_term_string}"},"query-input":{"@type":"PropertyValueSpecification","valueRequired":true,"valueName":"search_term_string"}}],"inLanguage":"lt-LT"}]}},"_links":{"self":[{"href":"https:\/\/shoefootprint.com\/lt\/wp-json\/wp\/v2\/pages\/14694","targetHints":{"allow":["GET"]}}],"collection":[{"href":"https:\/\/shoefootprint.com\/lt\/wp-json\/wp\/v2\/pages"}],"about":[{"href":"https:\/\/shoefootprint.com\/lt\/wp-json\/wp\/v2\/types\/page"}],"author":[{"embeddable":true,"href":"https:\/\/shoefootprint.com\/lt\/wp-json\/wp\/v2\/users\/1"}],"replies":[{"embeddable":true,"href":"https:\/\/shoefootprint.com\/lt\/wp-json\/wp\/v2\/comments?post=14694"}],"version-history":[{"count":1,"href":"https:\/\/shoefootprint.com\/lt\/wp-json\/wp\/v2\/pages\/14694\/revisions"}],"predecessor-version":[{"id":14695,"href":"https:\/\/shoefootprint.com\/lt\/wp-json\/wp\/v2\/pages\/14694\/revisions\/14695"}],"wp:attachment":[{"href":"https:\/\/shoefootprint.com\/lt\/wp-json\/wp\/v2\/media?parent=14694"}],"curies":[{"name":"wp","href":"https:\/\/api.w.org\/{rel}","templated":true}]}}