{"id":14704,"date":"2024-10-07T05:16:18","date_gmt":"2024-10-07T05:16:18","guid":{"rendered":"https:\/\/shoefootprint.com\/naudotojo-duomenu-salinimas\/"},"modified":"2024-10-14T19:29:37","modified_gmt":"2024-10-14T19:29:37","slug":"naudotojo-duomenu-salinimas","status":"publish","type":"page","link":"https:\/\/shoefootprint.com\/lt\/naudotojo-duomenu-salinimas\/","title":{"rendered":"Naudotojo duomen\u0173 \u0161alinimas"},"content":{"rendered":"\n<p class=\"has-x-large-font-size\"><strong>Duomen\u0173 i\u0161trynimo politika (atitinka BDAR)<\/strong><\/p>\n\n<p>Shoefootprint.com yra \u012fsipareigojusi gerbti ir saugoti j\u016bs\u0173 privatum\u0105. Pagal Bendr\u0105j\u012f duomen\u0173 apsaugos reglament\u0105 (BDAR) \u0161ioje politikoje paai\u0161kinama, kokius procesus taikome, kad naudotojai gal\u0117t\u0173 i\u0161trinti savo paskyras, ir kaip galima pateikti duomen\u0173 i\u0161trynimo pra\u0161ymus. <\/p>\n\n<h3 class=\"wp-block-heading\">1. <strong>Galimyb\u0117 naudotojams i\u0161trinti savo paskyras<\/strong><\/h3>\n\n<p>Jei esate registruotas naudotojas, galite bet kada i\u0161trinti savo paskyr\u0105 naudodami naudotojo nustatymus. Tai visam laikui pa\u0161alins j\u016bs\u0173 asmeninius duomenis i\u0161 m\u016bs\u0173 sistemos, \u012fskaitant bet koki\u0105 informacij\u0105, kuria dalijamasi per \u201eFacebook\u201d ar kitas tre\u010di\u0173j\u0173 \u0161ali\u0173 platformas. <\/p>\n\n<p>Jei norite i\u0161trinti paskyr\u0105, vadovaukit\u0117s m\u016bs\u0173 vadove pateiktais nurodymais: <br\/>Paskyra > nustatymai > i\u0161trinti mano paskyr\u0105.<\/p>\n\n<h3 class=\"wp-block-heading\">2. <strong>Administratoriaus atliekamas duomen\u0173 i\u0161trynimas (nenaudotojams)<\/strong><\/h3>\n\n<p>Jei negalite tiesiogiai i\u0161trinti savo paskyros arba jei j\u016bs\u0173 paskyra buvo sukurta be tiesiogin\u0117s naudotojo registracijos (pvz., prisijungus prie \u201eFacebook\u201d), galite pateikti pra\u0161ym\u0105 i\u0161trinti duomenis.<\/p>\n\n<p>Nor\u0117dami tai padaryti, kreipkit\u0117s \u012f m\u016bs\u0173 duomen\u0173 apsaugos pareig\u016bn\u0105 (DAP) el. pa\u0161tu:<br\/><strong><a>help@shoefootprint.com.<\/a><\/strong><\/p>\n\n<p>Pra\u0161yme pateikite \u0161i\u0105 informacij\u0105:<\/p>\n\n<ul class=\"wp-block-list\">\n<li>J\u016bs\u0173 vardas ir pavard\u0117<\/li>\n\n\n\n<li>Su paskyra susietas el. pa\u0161to adresas<\/li>\n\n\n\n<li>I\u0161sami informacija apie konkre\u010dius duomenis arba paskyr\u0105, kuri\u0105 norite i\u0161trinti.<\/li>\n<\/ul>\n\n<p>Gav\u0119 j\u016bs\u0173 u\u017eklaus\u0105, j\u0105 i\u0161nagrin\u0117sime per 30 dien\u0173, laikydamiesi BDAR nuostat\u0173. Galime papra\u0161yti papildomos informacijos j\u016bs\u0173 tapatybei patvirtinti. <\/p>\n\n<h3 class=\"wp-block-heading\">3. <strong>\u201eFacebook\u201d duomen\u0173 pa\u0161alinimas<\/strong><\/h3>\n\n<p>Jei u\u017esiregistravote arba prisijung\u0117te prie m\u016bs\u0173 svetain\u0117s naudodamiesi \u201eFacebook\u201d, galite papra\u0161yti pa\u0161alinti bet kokius duomenis, kuriais \u201eShoefootprint.com\u201d ir \u201eFacebook\u201d dalijasi. Galite at\u0161aukti prieig\u0105 per savo \u201eFacebook\u201d nustatymus ir tai sustabdys tolesn\u012f dalijim\u0105si duomenimis. Nor\u0117dami u\u017etikrinti, kad visi susij\u0119 duomenys b\u016bt\u0173 i\u0161trinti i\u0161 m\u016bs\u0173 sistemos, laikykit\u0117s m\u016bs\u0173 paskyros i\u0161trynimo proceso arba pateikite pra\u0161ym\u0105 i\u0161trinti duomenis.  <\/p>\n\n<p>Daugiau informacijos apie \u201eFacebook\u201d duomen\u0173 leidim\u0173 valdym\u0105 rasite adresu:<br\/><a href=\"https:\/\/www.facebook.com\/about\/privacy\/\">\u201eFacebook\u201d privatumo politika.<\/a><\/p>\n\n<p><\/p>\n","protected":false},"excerpt":{"rendered":"<p>Duomen\u0173 i\u0161trynimo politika (atitinka BDAR) Shoefootprint.com yra \u012fsipareigojusi gerbti ir saugoti j\u016bs\u0173 privatum\u0105. Pagal Bendr\u0105j\u012f duomen\u0173 apsaugos reglament\u0105 (BDAR) \u0161ioje politikoje paai\u0161kinama, kokius procesus taikome, kad naudotojai gal\u0117t\u0173 i\u0161trinti savo paskyras, ir kaip galima pateikti duomen\u0173 i\u0161trynimo pra\u0161ymus. 1. Galimyb\u0117 naudotojams i\u0161trinti savo paskyras Jei esate registruotas naudotojas, galite bet kada i\u0161trinti savo paskyr\u0105 naudodami [&hellip;]<\/p>\n","protected":false},"author":1,"featured_media":0,"parent":0,"menu_order":0,"comment_status":"closed","ping_status":"closed","template":"","meta":{"footnotes":""},"class_list":["post-14704","page","type-page","status-publish","hentry"],"yoast_head":"<!-- This site is optimized with the Yoast SEO plugin v26.8 - https:\/\/yoast.com\/product\/yoast-seo-wordpress\/ -->\n<title>Naudotojo duomen\u0173 \u0161alinimas - Shoe footprint<\/title>\n<meta name=\"robots\" content=\"index, follow, max-snippet:-1, max-image-preview:large, max-video-preview:-1\" \/>\n<link rel=\"canonical\" href=\"https:\/\/shoefootprint.com\/user-data-deletion\/\" \/>\n<meta property=\"og:locale\" content=\"lt_LT\" \/>\n<meta property=\"og:type\" content=\"article\" \/>\n<meta property=\"og:title\" content=\"Naudotojo duomen\u0173 \u0161alinimas - Shoe footprint\" \/>\n<meta property=\"og:description\" content=\"Duomen\u0173 i\u0161trynimo politika (atitinka BDAR) Shoefootprint.com yra \u012fsipareigojusi gerbti ir saugoti j\u016bs\u0173 privatum\u0105. Pagal Bendr\u0105j\u012f duomen\u0173 apsaugos reglament\u0105 (BDAR) \u0161ioje politikoje paai\u0161kinama, kokius procesus taikome, kad naudotojai gal\u0117t\u0173 i\u0161trinti savo paskyras, ir kaip galima pateikti duomen\u0173 i\u0161trynimo pra\u0161ymus. 1. Galimyb\u0117 naudotojams i\u0161trinti savo paskyras Jei esate registruotas naudotojas, galite bet kada i\u0161trinti savo paskyr\u0105 naudodami [&hellip;]\" \/>\n<meta property=\"og:url\" content=\"https:\/\/shoefootprint.com\/user-data-deletion\/\" \/>\n<meta property=\"og:site_name\" content=\"Shoe footprint\" \/>\n<meta property=\"article:modified_time\" content=\"2024-10-14T19:29:37+00:00\" \/>\n<meta name=\"twitter:card\" content=\"summary_large_image\" \/>\n<meta name=\"twitter:label1\" content=\"Est. reading time\" \/>\n\t<meta name=\"twitter:data1\" content=\"2 minut\u0117s\" \/>\n<script type=\"application\/ld+json\" class=\"yoast-schema-graph\">{\"@context\":\"https:\/\/schema.org\",\"@graph\":[{\"@type\":\"WebPage\",\"@id\":\"https:\/\/shoefootprint.com\/user-data-deletion\/\",\"url\":\"https:\/\/shoefootprint.com\/user-data-deletion\/\",\"name\":\"Naudotojo duomen\u0173 \u0161alinimas - Shoe footprint\",\"isPartOf\":{\"@id\":\"https:\/\/shoefootprint.com\/#website\"},\"datePublished\":\"2024-10-07T05:16:18+00:00\",\"dateModified\":\"2024-10-14T19:29:37+00:00\",\"breadcrumb\":{\"@id\":\"https:\/\/shoefootprint.com\/user-data-deletion\/#breadcrumb\"},\"inLanguage\":\"lt-LT\",\"potentialAction\":[{\"@type\":\"ReadAction\",\"target\":[\"https:\/\/shoefootprint.com\/user-data-deletion\/\"]}]},{\"@type\":\"BreadcrumbList\",\"@id\":\"https:\/\/shoefootprint.com\/user-data-deletion\/#breadcrumb\",\"itemListElement\":[{\"@type\":\"ListItem\",\"position\":1,\"name\":\"Home\",\"item\":\"https:\/\/shoefootprint.com\/\"},{\"@type\":\"ListItem\",\"position\":2,\"name\":\"Naudotojo duomen\u0173 \u0161alinimas\"}]},{\"@type\":\"WebSite\",\"@id\":\"https:\/\/shoefootprint.com\/#website\",\"url\":\"https:\/\/shoefootprint.com\/\",\"name\":\"Shoe footprint\",\"description\":\"\",\"potentialAction\":[{\"@type\":\"SearchAction\",\"target\":{\"@type\":\"EntryPoint\",\"urlTemplate\":\"https:\/\/shoefootprint.com\/?s={search_term_string}\"},\"query-input\":{\"@type\":\"PropertyValueSpecification\",\"valueRequired\":true,\"valueName\":\"search_term_string\"}}],\"inLanguage\":\"lt-LT\"}]}<\/script>\n<!-- \/ Yoast SEO plugin. -->","yoast_head_json":{"title":"Naudotojo duomen\u0173 \u0161alinimas - Shoe footprint","robots":{"index":"index","follow":"follow","max-snippet":"max-snippet:-1","max-image-preview":"max-image-preview:large","max-video-preview":"max-video-preview:-1"},"canonical":"https:\/\/shoefootprint.com\/user-data-deletion\/","og_locale":"lt_LT","og_type":"article","og_title":"Naudotojo duomen\u0173 \u0161alinimas - Shoe footprint","og_description":"Duomen\u0173 i\u0161trynimo politika (atitinka BDAR) Shoefootprint.com yra \u012fsipareigojusi gerbti ir saugoti j\u016bs\u0173 privatum\u0105. Pagal Bendr\u0105j\u012f duomen\u0173 apsaugos reglament\u0105 (BDAR) \u0161ioje politikoje paai\u0161kinama, kokius procesus taikome, kad naudotojai gal\u0117t\u0173 i\u0161trinti savo paskyras, ir kaip galima pateikti duomen\u0173 i\u0161trynimo pra\u0161ymus. 1. Galimyb\u0117 naudotojams i\u0161trinti savo paskyras Jei esate registruotas naudotojas, galite bet kada i\u0161trinti savo paskyr\u0105 naudodami [&hellip;]","og_url":"https:\/\/shoefootprint.com\/user-data-deletion\/","og_site_name":"Shoe footprint","article_modified_time":"2024-10-14T19:29:37+00:00","twitter_card":"summary_large_image","twitter_misc":{"Est. reading time":"2 minut\u0117s"},"schema":{"@context":"https:\/\/schema.org","@graph":[{"@type":"WebPage","@id":"https:\/\/shoefootprint.com\/user-data-deletion\/","url":"https:\/\/shoefootprint.com\/user-data-deletion\/","name":"Naudotojo duomen\u0173 \u0161alinimas - Shoe footprint","isPartOf":{"@id":"https:\/\/shoefootprint.com\/#website"},"datePublished":"2024-10-07T05:16:18+00:00","dateModified":"2024-10-14T19:29:37+00:00","breadcrumb":{"@id":"https:\/\/shoefootprint.com\/user-data-deletion\/#breadcrumb"},"inLanguage":"lt-LT","potentialAction":[{"@type":"ReadAction","target":["https:\/\/shoefootprint.com\/user-data-deletion\/"]}]},{"@type":"BreadcrumbList","@id":"https:\/\/shoefootprint.com\/user-data-deletion\/#breadcrumb","itemListElement":[{"@type":"ListItem","position":1,"name":"Home","item":"https:\/\/shoefootprint.com\/"},{"@type":"ListItem","position":2,"name":"Naudotojo duomen\u0173 \u0161alinimas"}]},{"@type":"WebSite","@id":"https:\/\/shoefootprint.com\/#website","url":"https:\/\/shoefootprint.com\/","name":"Shoe footprint","description":"","potentialAction":[{"@type":"SearchAction","target":{"@type":"EntryPoint","urlTemplate":"https:\/\/shoefootprint.com\/?s={search_term_string}"},"query-input":{"@type":"PropertyValueSpecification","valueRequired":true,"valueName":"search_term_string"}}],"inLanguage":"lt-LT"}]}},"_links":{"self":[{"href":"https:\/\/shoefootprint.com\/lt\/wp-json\/wp\/v2\/pages\/14704","targetHints":{"allow":["GET"]}}],"collection":[{"href":"https:\/\/shoefootprint.com\/lt\/wp-json\/wp\/v2\/pages"}],"about":[{"href":"https:\/\/shoefootprint.com\/lt\/wp-json\/wp\/v2\/types\/page"}],"author":[{"embeddable":true,"href":"https:\/\/shoefootprint.com\/lt\/wp-json\/wp\/v2\/users\/1"}],"replies":[{"embeddable":true,"href":"https:\/\/shoefootprint.com\/lt\/wp-json\/wp\/v2\/comments?post=14704"}],"version-history":[{"count":1,"href":"https:\/\/shoefootprint.com\/lt\/wp-json\/wp\/v2\/pages\/14704\/revisions"}],"predecessor-version":[{"id":14705,"href":"https:\/\/shoefootprint.com\/lt\/wp-json\/wp\/v2\/pages\/14704\/revisions\/14705"}],"wp:attachment":[{"href":"https:\/\/shoefootprint.com\/lt\/wp-json\/wp\/v2\/media?parent=14704"}],"curies":[{"name":"wp","href":"https:\/\/api.w.org\/{rel}","templated":true}]}}