{"id":14714,"date":"2024-09-29T07:08:36","date_gmt":"2024-09-29T07:08:36","guid":{"rendered":"https:\/\/shoefootprint.com\/privatumo-politika\/"},"modified":"2024-10-14T19:32:53","modified_gmt":"2024-10-14T19:32:53","slug":"privatumo-politika","status":"publish","type":"page","link":"https:\/\/shoefootprint.com\/lt\/privatumo-politika\/","title":{"rendered":"Privatumo politika"},"content":{"rendered":"\n<h2 class=\"wp-block-heading\">Kas mes esame<\/h2>\n\n<p>M\u016bs\u0173 svetain\u0117s adresas yra: https:\/\/shoefootprint.com.<\/p>\n\n<h2 class=\"wp-block-heading\">Komentarai<\/h2>\n\n<p><strong class=\"privacy-policy-tutorial\"> <\/strong>Kai lankytojai palieka komentarus svetain\u0117je, mes renkame duomenis, rodomus komentar\u0173 formoje, taip pat lankytojo IP adres\u0105 ir nar\u0161ykl\u0117s vartotojo agento eilut\u0119, kad pad\u0117tume aptikti \u0161lam\u0161t\u0105.<\/p>\n\n<p>Anonimin\u0117 eilut\u0117, sukurta i\u0161 j\u016bs\u0173 el. pa\u0161to adreso (taip pat vadinama mai\u0161a), gali b\u016bti pateikta \u201eGravatar\u201d paslaugai, kad su\u017einotum\u0117te, ar j\u0105 naudojate. \u201eGravatar\u201d paslaug\u0173 privatumo politik\u0105 galite rasti \u010dia: https:\/\/automattic.com\/privacy\/. Patvirtinus j\u016bs\u0173 komentar\u0105, j\u016bs\u0173 profilio nuotrauka bus matoma visuomenei j\u016bs\u0173 komentaro kontekste. <\/p>\n\n<h2 class=\"wp-block-heading\">Laikmena<\/h2>\n\n<p><strong class=\"privacy-policy-tutorial\"> <\/strong>Jei \u012fkeliate vaizdus \u012f svetain\u0119, tur\u0117tum\u0117te vengti \u012fkelti vaizdus su \u012fterptais vietos duomenimis (EXIF GPS). Svetain\u0117s lankytojai gali atsisi\u0173sti ir i\u0161gauti bet kokius vietos duomenis i\u0161 svetain\u0117je esan\u010di\u0173 vaizd\u0173. <\/p>\n\n<h2 class=\"wp-block-heading\">Slapukus<\/h2>\n\n<p><strong class=\"privacy-policy-tutorial\"> <\/strong>Jei paliksite komentar\u0105 m\u016bs\u0173 svetain\u0117je, galite pasirinkti i\u0161saugoti savo vard\u0105, el. pa\u0161to adres\u0105 ir svetain\u0119 slapukuose. Tai yra j\u016bs\u0173 patogumui, kad jums nereik\u0117t\u0173 dar kart\u0105 u\u017epildyti savo duomen\u0173, kai paliekate kit\u0105 komentar\u0105. \u0160ie slapukai galios vienerius metus.  <\/p>\n\n<p>Jei apsilankysite m\u016bs\u0173 prisijungimo puslapyje, mes nustatysime laikin\u0105 slapuk\u0105, kad nustatytume, ar j\u016bs\u0173 nar\u0161ykl\u0117 priima slapukus. \u0160iame slapuke n\u0117ra asmenini\u0173 duomen\u0173 ir jis pa\u0161alinamas, kai u\u017edarote nar\u0161ykl\u0119. <\/p>\n\n<p>Kai prisijungsite, mes taip pat nustatysime kelis slapukus, kad i\u0161saugotume j\u016bs\u0173 prisijungimo informacij\u0105 ir ekrano pasirinkimus. Prisijungimo slapukai trunka dvi dienas, o ekrano parink\u010di\u0173 slapukai \u2013 metus. Jei pasirinksite \u201ePrisiminti mane\u201d, j\u016bs\u0173 prisijungimas i\u0161liks dvi savaites. Jei atsijungsite nuo savo paskyros, prisijungimo slapukai bus pa\u0161alinti.   <\/p>\n\n<p>Jei redaguosite ar paskelbsite straipsn\u012f, j\u016bs\u0173 nar\u0161ykl\u0117je bus i\u0161saugotas papildomas slapukas. \u0160is slapukas neapima joki\u0173 asmenini\u0173 duomen\u0173 ir tiesiog nurodo k\u0105 tik redaguoto straipsnio \u012fra\u0161o ID. Jis baigiasi po 1 dienos.  <\/p>\n\n<h2 class=\"wp-block-heading\">\u012ed\u0117tas turinys i\u0161 kit\u0173 svetaini\u0173<\/h2>\n\n<p><strong class=\"privacy-policy-tutorial\"> <\/strong>\u0160ios svetain\u0117s straipsniuose gali b\u016bti \u012fterptojo turinio (pvz., Vaizdo \u012fra\u0161\u0173, vaizd\u0173, straipsni\u0173 ir kt.). \u012eterptas turinys i\u0161 kit\u0173 svetaini\u0173 elgiasi lygiai taip pat, lyg lankytojas b\u016bt\u0173 apsilank\u0119s kitoje svetain\u0117je. <\/p>\n\n<p>\u0160ios svetain\u0117s gali rinkti duomenis apie jus, naudoti slapukus, \u012fterpti papildom\u0105 tre\u010di\u0173j\u0173 \u0161ali\u0173 steb\u0117jim\u0105 ir steb\u0117ti j\u016bs\u0173 s\u0105veik\u0105 su tuo \u012fterptuoju turiniu, \u012fskaitant j\u016bs\u0173 s\u0105veikos su \u012fterptuoju turiniu steb\u0117jim\u0105, jei turite paskyr\u0105 ir esate prisijung\u0119 prie tos svetain\u0117s.<\/p>\n\n<h2 class=\"wp-block-heading\">Su kuo mes dalijam\u0117s j\u016bs\u0173 duomenimis<\/h2>\n\n<p><strong class=\"privacy-policy-tutorial\"> <\/strong>Jei papra\u0161ysite i\u0161 naujo nustatyti slapta\u017eod\u012f, j\u016bs\u0173 IP adresas bus \u012ftrauktas \u012f nustatymo i\u0161 naujo el. lai\u0161k\u0105.<\/p>\n\n<h2 class=\"wp-block-heading\">Kiek laiko saugome j\u016bs\u0173 duomenis<\/h2>\n\n<p><strong class=\"privacy-policy-tutorial\"> <\/strong>Jei paliksite komentar\u0105, komentaras ir jo metaduomenys bus saugomi neribot\u0105 laik\u0105. Taip galime automati\u0161kai atpa\u017einti ir patvirtinti bet kokius tolesnius komentarus, u\u017euot laik\u0119 juos moderavimo eil\u0117je. <\/p>\n\n<p>Vartotojams, kurie registruojasi m\u016bs\u0173 svetain\u0117je (jei yra), mes taip pat saugome j\u0173 pateikt\u0105 asmenin\u0119 informacij\u0105 savo vartotojo profilyje. Visi vartotojai gali bet kada matyti, redaguoti ar i\u0161trinti savo asmenin\u0119 informacij\u0105 (i\u0161skyrus tai, kad jie negali pakeisti savo vartotojo vardo). Svetain\u0117s administratoriai taip pat gali matyti ir redaguoti \u0161i\u0105 informacij\u0105.  <\/p>\n\n<h2 class=\"wp-block-heading\">Kokias teises turite \u012f savo duomenis<\/h2>\n\n<p><strong class=\"privacy-policy-tutorial\"> <\/strong>Jei turite paskyr\u0105 \u0161ioje svetain\u0117je arba palikote komentar\u0173, galite papra\u0161yti gauti eksportuot\u0105 fail\u0105 su asmeniniais duomenimis, kuriuos turime apie jus, \u012fskaitant visus duomenis, kuriuos mums pateik\u0117te. Taip pat galite papra\u0161yti, kad i\u0161trintume visus m\u016bs\u0173 turimus j\u016bs\u0173 asmens duomenis. Tai neapima joki\u0173 duomen\u0173, kuriuos privalome saugoti administraciniais, teisiniais ar saugumo tikslais.  <\/p>\n\n<h2 class=\"wp-block-heading\">Kur siun\u010diami j\u016bs\u0173 duomenys<\/h2>\n\n<p><strong class=\"privacy-policy-tutorial\"> <\/strong>Lankytoj\u0173 komentarai gali b\u016bti tikrinami naudojant automatin\u0119 \u0161lam\u0161to aptikimo paslaug\u0105.<\/p>\n","protected":false},"excerpt":{"rendered":"<p>Kas mes esame M\u016bs\u0173 svetain\u0117s adresas yra: https:\/\/shoefootprint.com. Komentarai Kai lankytojai palieka komentarus svetain\u0117je, mes renkame duomenis, rodomus komentar\u0173 formoje, taip pat lankytojo IP adres\u0105 ir nar\u0161ykl\u0117s vartotojo agento eilut\u0119, kad pad\u0117tume aptikti \u0161lam\u0161t\u0105. Anonimin\u0117 eilut\u0117, sukurta i\u0161 j\u016bs\u0173 el. pa\u0161to adreso (taip pat vadinama mai\u0161a), gali b\u016bti pateikta \u201eGravatar\u201d paslaugai, kad su\u017einotum\u0117te, ar j\u0105 [&hellip;]<\/p>\n","protected":false},"author":1,"featured_media":0,"parent":0,"menu_order":0,"comment_status":"closed","ping_status":"closed","template":"","meta":{"footnotes":""},"class_list":["post-14714","page","type-page","status-publish","hentry"],"yoast_head":"<!-- This site is optimized with the Yoast SEO plugin v26.8 - https:\/\/yoast.com\/product\/yoast-seo-wordpress\/ -->\n<title>Privatumo politika - Shoe footprint<\/title>\n<meta name=\"robots\" content=\"index, follow, max-snippet:-1, max-image-preview:large, max-video-preview:-1\" \/>\n<link rel=\"canonical\" href=\"https:\/\/shoefootprint.com\/privacy-policy\/\" \/>\n<meta property=\"og:locale\" content=\"lt_LT\" \/>\n<meta property=\"og:type\" content=\"article\" \/>\n<meta property=\"og:title\" content=\"Privatumo politika - Shoe footprint\" \/>\n<meta property=\"og:description\" content=\"Kas mes esame M\u016bs\u0173 svetain\u0117s adresas yra: https:\/\/shoefootprint.com. Komentarai Kai lankytojai palieka komentarus svetain\u0117je, mes renkame duomenis, rodomus komentar\u0173 formoje, taip pat lankytojo IP adres\u0105 ir nar\u0161ykl\u0117s vartotojo agento eilut\u0119, kad pad\u0117tume aptikti \u0161lam\u0161t\u0105. Anonimin\u0117 eilut\u0117, sukurta i\u0161 j\u016bs\u0173 el. pa\u0161to adreso (taip pat vadinama mai\u0161a), gali b\u016bti pateikta \u201eGravatar\u201d paslaugai, kad su\u017einotum\u0117te, ar j\u0105 [&hellip;]\" \/>\n<meta property=\"og:url\" content=\"https:\/\/shoefootprint.com\/privacy-policy\/\" \/>\n<meta property=\"og:site_name\" content=\"Shoe footprint\" \/>\n<meta property=\"article:modified_time\" content=\"2024-10-14T19:32:53+00:00\" \/>\n<meta name=\"twitter:card\" content=\"summary_large_image\" \/>\n<meta name=\"twitter:label1\" content=\"Est. reading time\" \/>\n\t<meta name=\"twitter:data1\" content=\"3 minut\u0117s\" \/>\n<script type=\"application\/ld+json\" class=\"yoast-schema-graph\">{\"@context\":\"https:\/\/schema.org\",\"@graph\":[{\"@type\":\"WebPage\",\"@id\":\"https:\/\/shoefootprint.com\/privacy-policy\/\",\"url\":\"https:\/\/shoefootprint.com\/privacy-policy\/\",\"name\":\"Privatumo politika - Shoe footprint\",\"isPartOf\":{\"@id\":\"https:\/\/shoefootprint.com\/#website\"},\"datePublished\":\"2024-09-29T07:08:36+00:00\",\"dateModified\":\"2024-10-14T19:32:53+00:00\",\"breadcrumb\":{\"@id\":\"https:\/\/shoefootprint.com\/privacy-policy\/#breadcrumb\"},\"inLanguage\":\"lt-LT\",\"potentialAction\":[{\"@type\":\"ReadAction\",\"target\":[\"https:\/\/shoefootprint.com\/privacy-policy\/\"]}]},{\"@type\":\"BreadcrumbList\",\"@id\":\"https:\/\/shoefootprint.com\/privacy-policy\/#breadcrumb\",\"itemListElement\":[{\"@type\":\"ListItem\",\"position\":1,\"name\":\"Home\",\"item\":\"https:\/\/shoefootprint.com\/\"},{\"@type\":\"ListItem\",\"position\":2,\"name\":\"Privatumo politika\"}]},{\"@type\":\"WebSite\",\"@id\":\"https:\/\/shoefootprint.com\/#website\",\"url\":\"https:\/\/shoefootprint.com\/\",\"name\":\"Shoe footprint\",\"description\":\"\",\"potentialAction\":[{\"@type\":\"SearchAction\",\"target\":{\"@type\":\"EntryPoint\",\"urlTemplate\":\"https:\/\/shoefootprint.com\/?s={search_term_string}\"},\"query-input\":{\"@type\":\"PropertyValueSpecification\",\"valueRequired\":true,\"valueName\":\"search_term_string\"}}],\"inLanguage\":\"lt-LT\"}]}<\/script>\n<!-- \/ Yoast SEO plugin. -->","yoast_head_json":{"title":"Privatumo politika - Shoe footprint","robots":{"index":"index","follow":"follow","max-snippet":"max-snippet:-1","max-image-preview":"max-image-preview:large","max-video-preview":"max-video-preview:-1"},"canonical":"https:\/\/shoefootprint.com\/privacy-policy\/","og_locale":"lt_LT","og_type":"article","og_title":"Privatumo politika - Shoe footprint","og_description":"Kas mes esame M\u016bs\u0173 svetain\u0117s adresas yra: https:\/\/shoefootprint.com. Komentarai Kai lankytojai palieka komentarus svetain\u0117je, mes renkame duomenis, rodomus komentar\u0173 formoje, taip pat lankytojo IP adres\u0105 ir nar\u0161ykl\u0117s vartotojo agento eilut\u0119, kad pad\u0117tume aptikti \u0161lam\u0161t\u0105. Anonimin\u0117 eilut\u0117, sukurta i\u0161 j\u016bs\u0173 el. pa\u0161to adreso (taip pat vadinama mai\u0161a), gali b\u016bti pateikta \u201eGravatar\u201d paslaugai, kad su\u017einotum\u0117te, ar j\u0105 [&hellip;]","og_url":"https:\/\/shoefootprint.com\/privacy-policy\/","og_site_name":"Shoe footprint","article_modified_time":"2024-10-14T19:32:53+00:00","twitter_card":"summary_large_image","twitter_misc":{"Est. reading time":"3 minut\u0117s"},"schema":{"@context":"https:\/\/schema.org","@graph":[{"@type":"WebPage","@id":"https:\/\/shoefootprint.com\/privacy-policy\/","url":"https:\/\/shoefootprint.com\/privacy-policy\/","name":"Privatumo politika - Shoe footprint","isPartOf":{"@id":"https:\/\/shoefootprint.com\/#website"},"datePublished":"2024-09-29T07:08:36+00:00","dateModified":"2024-10-14T19:32:53+00:00","breadcrumb":{"@id":"https:\/\/shoefootprint.com\/privacy-policy\/#breadcrumb"},"inLanguage":"lt-LT","potentialAction":[{"@type":"ReadAction","target":["https:\/\/shoefootprint.com\/privacy-policy\/"]}]},{"@type":"BreadcrumbList","@id":"https:\/\/shoefootprint.com\/privacy-policy\/#breadcrumb","itemListElement":[{"@type":"ListItem","position":1,"name":"Home","item":"https:\/\/shoefootprint.com\/"},{"@type":"ListItem","position":2,"name":"Privatumo politika"}]},{"@type":"WebSite","@id":"https:\/\/shoefootprint.com\/#website","url":"https:\/\/shoefootprint.com\/","name":"Shoe footprint","description":"","potentialAction":[{"@type":"SearchAction","target":{"@type":"EntryPoint","urlTemplate":"https:\/\/shoefootprint.com\/?s={search_term_string}"},"query-input":{"@type":"PropertyValueSpecification","valueRequired":true,"valueName":"search_term_string"}}],"inLanguage":"lt-LT"}]}},"_links":{"self":[{"href":"https:\/\/shoefootprint.com\/lt\/wp-json\/wp\/v2\/pages\/14714","targetHints":{"allow":["GET"]}}],"collection":[{"href":"https:\/\/shoefootprint.com\/lt\/wp-json\/wp\/v2\/pages"}],"about":[{"href":"https:\/\/shoefootprint.com\/lt\/wp-json\/wp\/v2\/types\/page"}],"author":[{"embeddable":true,"href":"https:\/\/shoefootprint.com\/lt\/wp-json\/wp\/v2\/users\/1"}],"replies":[{"embeddable":true,"href":"https:\/\/shoefootprint.com\/lt\/wp-json\/wp\/v2\/comments?post=14714"}],"version-history":[{"count":1,"href":"https:\/\/shoefootprint.com\/lt\/wp-json\/wp\/v2\/pages\/14714\/revisions"}],"predecessor-version":[{"id":14715,"href":"https:\/\/shoefootprint.com\/lt\/wp-json\/wp\/v2\/pages\/14714\/revisions\/14715"}],"wp:attachment":[{"href":"https:\/\/shoefootprint.com\/lt\/wp-json\/wp\/v2\/media?parent=14714"}],"curies":[{"name":"wp","href":"https:\/\/api.w.org\/{rel}","templated":true}]}}