{"id":36215,"date":"2024-10-11T20:11:01","date_gmt":"2024-10-11T20:11:01","guid":{"rendered":"https:\/\/shoefootprint.com\/dydziu-pagalba\/"},"modified":"2024-11-05T14:31:19","modified_gmt":"2024-11-05T14:31:19","slug":"dydziu-pagalba","status":"publish","type":"page","link":"https:\/\/shoefootprint.com\/lt\/dydziu-pagalba\/","title":{"rendered":"Dyd\u017ei\u0173 pagalba"},"content":{"rendered":"\t\t<div data-elementor-type=\"wp-page\" data-elementor-id=\"36215\" class=\"elementor elementor-36215 elementor-13115\">\n\t\t\t\t<div class=\"elementor-element elementor-element-35a89fd e-flex e-con-boxed e-con e-parent\" data-id=\"35a89fd\" data-element_type=\"container\" data-e-type=\"container\">\n\t\t\t\t\t<div class=\"e-con-inner\">\n\t\t\t\t<div class=\"elementor-element elementor-element-2689f64 elementor-widget elementor-widget-heading\" data-id=\"2689f64\" data-element_type=\"widget\" data-e-type=\"widget\" data-widget_type=\"heading.default\">\n\t\t\t\t<div class=\"elementor-widget-container\">\n\t\t\t\t\t<h2 class=\"elementor-heading-title elementor-size-default\">Nike dyd\u017ei\u0173 lentel\u0117<\/h2>\t\t\t\t<\/div>\n\t\t\t\t<\/div>\n\t\t\t\t<div class=\"elementor-element elementor-element-7b3d2d1 elementor-widget elementor-widget-text-editor\" data-id=\"7b3d2d1\" data-element_type=\"widget\" data-e-type=\"widget\" data-widget_type=\"text-editor.default\">\n\t\t\t\t<div class=\"elementor-widget-container\">\n\t\t\t\t\t\t\t\t\t<h5>Apskritai, dauguma Nike bat\u0173 atitinka standartinius dyd\u017eius (TTS), tod\u0117l paprastai galite rinktis t\u0105 dyd\u012f, kur\u012f \u012fprastai ne\u0161iojate.<\/h5>\n<h5>Vert\u0117t\u0173 pamin\u0117ti, kad \u201eNike\u201c si\u016blo kelias dyd\u017ei\u0173 pasirinkimo galimybes, \u012fskaitant unisex GS dyd\u017eius ir moterims skirtus (W) dyd\u017eius. \u0160ios galimyb\u0117s paprastai yra prieinamos nuo EU 36 iki 40 dyd\u017ei\u0173. <\/h5>\n\t\t\t\t\t\t\t\t<\/div>\n\t\t\t\t<\/div>\n\t\t\t\t<div class=\"elementor-element elementor-element-155e4d3 elementor-widget elementor-widget-image\" data-id=\"155e4d3\" data-element_type=\"widget\" data-e-type=\"widget\" data-widget_type=\"image.default\">\n\t\t\t\t<div class=\"elementor-widget-container\">\n\t\t\t\t\t\t\t\t\t\t\t\t\t\t\t<img fetchpriority=\"high\" decoding=\"async\" width=\"640\" height=\"507\" src=\"https:\/\/shoefootprint.com\/wp-content\/uploads\/2024\/11\/Screenshot-2024-11-05-162517.png\" class=\"attachment-large size-large wp-image-44744\" alt=\"\" srcset=\"https:\/\/shoefootprint.com\/wp-content\/uploads\/2024\/11\/Screenshot-2024-11-05-162517.png 640w, https:\/\/shoefootprint.com\/wp-content\/uploads\/2024\/11\/Screenshot-2024-11-05-162517-300x238.png 300w, https:\/\/shoefootprint.com\/wp-content\/uploads\/2024\/11\/Screenshot-2024-11-05-162517-370x293.png 370w\" sizes=\"(max-width: 640px) 100vw, 640px\" \/>\t\t\t\t\t\t\t\t\t\t\t\t\t\t\t<\/div>\n\t\t\t\t<\/div>\n\t\t\t\t\t<\/div>\n\t\t\t\t<\/div>\n\t\t<div class=\"elementor-element elementor-element-8c43678 e-flex e-con-boxed e-con e-parent\" data-id=\"8c43678\" data-element_type=\"container\" data-e-type=\"container\">\n\t\t\t\t\t<div class=\"e-con-inner\">\n\t\t\t\t<div class=\"elementor-element elementor-element-a8e3dce elementor-widget elementor-widget-heading\" data-id=\"a8e3dce\" data-element_type=\"widget\" data-e-type=\"widget\" data-widget_type=\"heading.default\">\n\t\t\t\t<div class=\"elementor-widget-container\">\n\t\t\t\t\t<h2 class=\"elementor-heading-title elementor-size-default\">Adidas dyd\u017ei\u0173 lentel\u0117<br><\/h2>\t\t\t\t<\/div>\n\t\t\t\t<\/div>\n\t\t\t\t<div class=\"elementor-element elementor-element-589b1e8 elementor-widget elementor-widget-text-editor\" data-id=\"589b1e8\" data-element_type=\"widget\" data-e-type=\"widget\" data-widget_type=\"text-editor.default\">\n\t\t\t\t<div class=\"elementor-widget-container\">\n\t\t\t\t\t\t\t\t\t<h5>Nor\u0117dami pad\u0117ti jums rasti tinkam\u0105 dyd\u012f, pateikiame oficial\u0173 \u201eAdidas\u201c dyd\u017ei\u0173 lentel\u0119, kurioje nurodyti matmenys centimetrais, matuojant vidpad\u017eio ilg\u012f nuo kulno iki pir\u0161t\u0173. Taip gal\u0117site u\u017etikrinti geriausi\u0105 pritaikym\u0105 ir komfort\u0105 savo sportba\u010diams. <\/h5>\n\t\t\t\t\t\t\t\t<\/div>\n\t\t\t\t<\/div>\n\t\t\t\t<div class=\"elementor-element elementor-element-1bcdd4b elementor-widget elementor-widget-image\" data-id=\"1bcdd4b\" data-element_type=\"widget\" data-e-type=\"widget\" data-widget_type=\"image.default\">\n\t\t\t\t<div class=\"elementor-widget-container\">\n\t\t\t\t\t\t\t\t\t\t\t\t\t\t\t<img decoding=\"async\" width=\"638\" height=\"506\" src=\"https:\/\/shoefootprint.com\/wp-content\/uploads\/2024\/11\/Screenshot-2024-11-05-161618.png\" class=\"attachment-large size-large wp-image-44732\" alt=\"\" srcset=\"https:\/\/shoefootprint.com\/wp-content\/uploads\/2024\/11\/Screenshot-2024-11-05-161618.png 638w, https:\/\/shoefootprint.com\/wp-content\/uploads\/2024\/11\/Screenshot-2024-11-05-161618-300x238.png 300w, https:\/\/shoefootprint.com\/wp-content\/uploads\/2024\/11\/Screenshot-2024-11-05-161618-370x293.png 370w\" sizes=\"(max-width: 638px) 100vw, 638px\" \/>\t\t\t\t\t\t\t\t\t\t\t\t\t\t\t<\/div>\n\t\t\t\t<\/div>\n\t\t\t\t\t<\/div>\n\t\t\t\t<\/div>\n\t\t<div class=\"elementor-element elementor-element-0290cb2 e-flex e-con-boxed e-con e-parent\" data-id=\"0290cb2\" data-element_type=\"container\" data-e-type=\"container\">\n\t\t\t\t\t<div class=\"e-con-inner\">\n\t\t\t\t<div class=\"elementor-element elementor-element-025db95 elementor-widget elementor-widget-heading\" data-id=\"025db95\" data-element_type=\"widget\" data-e-type=\"widget\" data-widget_type=\"heading.default\">\n\t\t\t\t<div class=\"elementor-widget-container\">\n\t\t\t\t\t<h2 class=\"elementor-heading-title elementor-size-default\">New Balance dyd\u017ei\u0173 lentel\u0117<br><\/h2>\t\t\t\t<\/div>\n\t\t\t\t<\/div>\n\t\t\t\t<div class=\"elementor-element elementor-element-682ef04 elementor-widget elementor-widget-text-editor\" data-id=\"682ef04\" data-element_type=\"widget\" data-e-type=\"widget\" data-widget_type=\"text-editor.default\">\n\t\t\t\t<div class=\"elementor-widget-container\">\n\t\t\t\t\t\t\t\t\t<h5>\u201eNew Balance\u201c sportba\u010diai da\u017enai turi nuosekli\u0105 dyd\u017ei\u0173 sistem\u0105, tod\u0117l dauguma \u017emoni\u0173 gali \u012fsigyti savo \u012fprast\u0105 bat\u0173 dyd\u012f, pirkdami \u201eNew Balance\u201c sportba\u010dius.<\/p>\n<\/h5>\n<h5>Jei nesate tikri, kur\u012f dyd\u012f pasirinkti, \u201eNew Balance\u201c pateikia dyd\u017ei\u0173 lentel\u0119, kuri pad\u0117s nustatyti geriausi\u0105 pritaikym\u0105. \u0160i lentel\u0117 apima \u201ecm\u201c matmenis, kurie atitinka vidpad\u017eio ilg\u012f nuo kulno iki pir\u0161t\u0173, tod\u0117l lengva rasti tinkam\u0105 dyd\u012f j\u016bs\u0173 kojoms. Tur\u0117dami \u0161i\u0105 informacij\u0105, galite dr\u0105siai pasirinkti tobulus \u201eNew Balance\u201c sportba\u010dius, atitinkan\u010dius j\u016bs\u0173 poreikius.  <\/h5>\n\t\t\t\t\t\t\t\t<\/div>\n\t\t\t\t<\/div>\n\t\t\t\t<div class=\"elementor-element elementor-element-92d134d elementor-widget elementor-widget-image\" data-id=\"92d134d\" data-element_type=\"widget\" data-e-type=\"widget\" data-widget_type=\"image.default\">\n\t\t\t\t<div class=\"elementor-widget-container\">\n\t\t\t\t\t\t\t\t\t\t\t\t\t\t\t<img decoding=\"async\" width=\"640\" height=\"507\" src=\"https:\/\/shoefootprint.com\/wp-content\/uploads\/2024\/11\/Screenshot-2024-11-05-162305.png\" class=\"attachment-large size-large wp-image-44738\" alt=\"\" srcset=\"https:\/\/shoefootprint.com\/wp-content\/uploads\/2024\/11\/Screenshot-2024-11-05-162305.png 640w, https:\/\/shoefootprint.com\/wp-content\/uploads\/2024\/11\/Screenshot-2024-11-05-162305-300x238.png 300w, https:\/\/shoefootprint.com\/wp-content\/uploads\/2024\/11\/Screenshot-2024-11-05-162305-370x293.png 370w\" sizes=\"(max-width: 640px) 100vw, 640px\" \/>\t\t\t\t\t\t\t\t\t\t\t\t\t\t\t<\/div>\n\t\t\t\t<\/div>\n\t\t\t\t\t<\/div>\n\t\t\t\t<\/div>\n\t\t\t\t<\/div>\n\t\t","protected":false},"excerpt":{"rendered":"<p>Nike dyd\u017ei\u0173 lentel\u0117 Apskritai, dauguma Nike bat\u0173 atitinka standartinius dyd\u017eius (TTS), tod\u0117l paprastai galite rinktis t\u0105 dyd\u012f, kur\u012f \u012fprastai ne\u0161iojate. Vert\u0117t\u0173 pamin\u0117ti, kad \u201eNike\u201c si\u016blo kelias dyd\u017ei\u0173 pasirinkimo galimybes, \u012fskaitant unisex GS dyd\u017eius ir moterims skirtus (W) dyd\u017eius. \u0160ios galimyb\u0117s paprastai yra prieinamos nuo EU 36 iki 40 dyd\u017ei\u0173. Adidas dyd\u017ei\u0173 lentel\u0117 Nor\u0117dami pad\u0117ti jums [&hellip;]<\/p>\n","protected":false},"author":1,"featured_media":0,"parent":0,"menu_order":0,"comment_status":"closed","ping_status":"closed","template":"","meta":{"footnotes":""},"class_list":["post-36215","page","type-page","status-publish","hentry"],"yoast_head":"<!-- This site is optimized with the Yoast SEO plugin v26.8 - https:\/\/yoast.com\/product\/yoast-seo-wordpress\/ -->\n<title>Dyd\u017ei\u0173 pagalba - Shoe footprint<\/title>\n<meta name=\"robots\" content=\"index, follow, max-snippet:-1, max-image-preview:large, max-video-preview:-1\" \/>\n<link rel=\"canonical\" href=\"https:\/\/shoefootprint.com\/size-guide\/\" \/>\n<meta property=\"og:locale\" content=\"lt_LT\" \/>\n<meta property=\"og:type\" content=\"article\" \/>\n<meta property=\"og:title\" content=\"Dyd\u017ei\u0173 pagalba - Shoe footprint\" \/>\n<meta property=\"og:description\" content=\"Nike dyd\u017ei\u0173 lentel\u0117 Apskritai, dauguma Nike bat\u0173 atitinka standartinius dyd\u017eius (TTS), tod\u0117l paprastai galite rinktis t\u0105 dyd\u012f, kur\u012f \u012fprastai ne\u0161iojate. Vert\u0117t\u0173 pamin\u0117ti, kad \u201eNike\u201c si\u016blo kelias dyd\u017ei\u0173 pasirinkimo galimybes, \u012fskaitant unisex GS dyd\u017eius ir moterims skirtus (W) dyd\u017eius. \u0160ios galimyb\u0117s paprastai yra prieinamos nuo EU 36 iki 40 dyd\u017ei\u0173. Adidas dyd\u017ei\u0173 lentel\u0117 Nor\u0117dami pad\u0117ti jums [&hellip;]\" \/>\n<meta property=\"og:url\" content=\"https:\/\/shoefootprint.com\/size-guide\/\" \/>\n<meta property=\"og:site_name\" content=\"Shoe footprint\" \/>\n<meta property=\"article:modified_time\" content=\"2024-11-05T14:31:19+00:00\" \/>\n<meta property=\"og:image\" content=\"https:\/\/shoefootprint.com\/wp-content\/uploads\/2024\/11\/Screenshot-2024-11-05-162517.png\" \/>\n<meta name=\"twitter:card\" content=\"summary_large_image\" \/>\n<meta name=\"twitter:label1\" content=\"Est. reading time\" \/>\n\t<meta name=\"twitter:data1\" content=\"1 minut\u0117\" \/>\n<script type=\"application\/ld+json\" class=\"yoast-schema-graph\">{\"@context\":\"https:\/\/schema.org\",\"@graph\":[{\"@type\":\"WebPage\",\"@id\":\"https:\/\/shoefootprint.com\/size-guide\/\",\"url\":\"https:\/\/shoefootprint.com\/size-guide\/\",\"name\":\"Dyd\u017ei\u0173 pagalba - Shoe footprint\",\"isPartOf\":{\"@id\":\"https:\/\/shoefootprint.com\/#website\"},\"primaryImageOfPage\":{\"@id\":\"https:\/\/shoefootprint.com\/size-guide\/#primaryimage\"},\"image\":{\"@id\":\"https:\/\/shoefootprint.com\/size-guide\/#primaryimage\"},\"thumbnailUrl\":\"https:\/\/shoefootprint.com\/wp-content\/uploads\/2024\/11\/Screenshot-2024-11-05-162517.png\",\"datePublished\":\"2024-10-11T20:11:01+00:00\",\"dateModified\":\"2024-11-05T14:31:19+00:00\",\"breadcrumb\":{\"@id\":\"https:\/\/shoefootprint.com\/size-guide\/#breadcrumb\"},\"inLanguage\":\"lt-LT\",\"potentialAction\":[{\"@type\":\"ReadAction\",\"target\":[\"https:\/\/shoefootprint.com\/size-guide\/\"]}]},{\"@type\":\"ImageObject\",\"inLanguage\":\"lt-LT\",\"@id\":\"https:\/\/shoefootprint.com\/size-guide\/#primaryimage\",\"url\":\"https:\/\/shoefootprint.com\/wp-content\/uploads\/2024\/11\/Screenshot-2024-11-05-162517.png\",\"contentUrl\":\"https:\/\/shoefootprint.com\/wp-content\/uploads\/2024\/11\/Screenshot-2024-11-05-162517.png\"},{\"@type\":\"BreadcrumbList\",\"@id\":\"https:\/\/shoefootprint.com\/size-guide\/#breadcrumb\",\"itemListElement\":[{\"@type\":\"ListItem\",\"position\":1,\"name\":\"Home\",\"item\":\"https:\/\/shoefootprint.com\/\"},{\"@type\":\"ListItem\",\"position\":2,\"name\":\"Dyd\u017ei\u0173 pagalba\"}]},{\"@type\":\"WebSite\",\"@id\":\"https:\/\/shoefootprint.com\/#website\",\"url\":\"https:\/\/shoefootprint.com\/\",\"name\":\"Shoe footprint\",\"description\":\"\",\"potentialAction\":[{\"@type\":\"SearchAction\",\"target\":{\"@type\":\"EntryPoint\",\"urlTemplate\":\"https:\/\/shoefootprint.com\/?s={search_term_string}\"},\"query-input\":{\"@type\":\"PropertyValueSpecification\",\"valueRequired\":true,\"valueName\":\"search_term_string\"}}],\"inLanguage\":\"lt-LT\"}]}<\/script>\n<!-- \/ Yoast SEO plugin. -->","yoast_head_json":{"title":"Dyd\u017ei\u0173 pagalba - Shoe footprint","robots":{"index":"index","follow":"follow","max-snippet":"max-snippet:-1","max-image-preview":"max-image-preview:large","max-video-preview":"max-video-preview:-1"},"canonical":"https:\/\/shoefootprint.com\/size-guide\/","og_locale":"lt_LT","og_type":"article","og_title":"Dyd\u017ei\u0173 pagalba - Shoe footprint","og_description":"Nike dyd\u017ei\u0173 lentel\u0117 Apskritai, dauguma Nike bat\u0173 atitinka standartinius dyd\u017eius (TTS), tod\u0117l paprastai galite rinktis t\u0105 dyd\u012f, kur\u012f \u012fprastai ne\u0161iojate. Vert\u0117t\u0173 pamin\u0117ti, kad \u201eNike\u201c si\u016blo kelias dyd\u017ei\u0173 pasirinkimo galimybes, \u012fskaitant unisex GS dyd\u017eius ir moterims skirtus (W) dyd\u017eius. \u0160ios galimyb\u0117s paprastai yra prieinamos nuo EU 36 iki 40 dyd\u017ei\u0173. Adidas dyd\u017ei\u0173 lentel\u0117 Nor\u0117dami pad\u0117ti jums [&hellip;]","og_url":"https:\/\/shoefootprint.com\/size-guide\/","og_site_name":"Shoe footprint","article_modified_time":"2024-11-05T14:31:19+00:00","og_image":[{"url":"https:\/\/shoefootprint.com\/wp-content\/uploads\/2024\/11\/Screenshot-2024-11-05-162517.png","type":"","width":"","height":""}],"twitter_card":"summary_large_image","twitter_misc":{"Est. reading time":"1 minut\u0117"},"schema":{"@context":"https:\/\/schema.org","@graph":[{"@type":"WebPage","@id":"https:\/\/shoefootprint.com\/size-guide\/","url":"https:\/\/shoefootprint.com\/size-guide\/","name":"Dyd\u017ei\u0173 pagalba - Shoe footprint","isPartOf":{"@id":"https:\/\/shoefootprint.com\/#website"},"primaryImageOfPage":{"@id":"https:\/\/shoefootprint.com\/size-guide\/#primaryimage"},"image":{"@id":"https:\/\/shoefootprint.com\/size-guide\/#primaryimage"},"thumbnailUrl":"https:\/\/shoefootprint.com\/wp-content\/uploads\/2024\/11\/Screenshot-2024-11-05-162517.png","datePublished":"2024-10-11T20:11:01+00:00","dateModified":"2024-11-05T14:31:19+00:00","breadcrumb":{"@id":"https:\/\/shoefootprint.com\/size-guide\/#breadcrumb"},"inLanguage":"lt-LT","potentialAction":[{"@type":"ReadAction","target":["https:\/\/shoefootprint.com\/size-guide\/"]}]},{"@type":"ImageObject","inLanguage":"lt-LT","@id":"https:\/\/shoefootprint.com\/size-guide\/#primaryimage","url":"https:\/\/shoefootprint.com\/wp-content\/uploads\/2024\/11\/Screenshot-2024-11-05-162517.png","contentUrl":"https:\/\/shoefootprint.com\/wp-content\/uploads\/2024\/11\/Screenshot-2024-11-05-162517.png"},{"@type":"BreadcrumbList","@id":"https:\/\/shoefootprint.com\/size-guide\/#breadcrumb","itemListElement":[{"@type":"ListItem","position":1,"name":"Home","item":"https:\/\/shoefootprint.com\/"},{"@type":"ListItem","position":2,"name":"Dyd\u017ei\u0173 pagalba"}]},{"@type":"WebSite","@id":"https:\/\/shoefootprint.com\/#website","url":"https:\/\/shoefootprint.com\/","name":"Shoe footprint","description":"","potentialAction":[{"@type":"SearchAction","target":{"@type":"EntryPoint","urlTemplate":"https:\/\/shoefootprint.com\/?s={search_term_string}"},"query-input":{"@type":"PropertyValueSpecification","valueRequired":true,"valueName":"search_term_string"}}],"inLanguage":"lt-LT"}]}},"_links":{"self":[{"href":"https:\/\/shoefootprint.com\/lt\/wp-json\/wp\/v2\/pages\/36215","targetHints":{"allow":["GET"]}}],"collection":[{"href":"https:\/\/shoefootprint.com\/lt\/wp-json\/wp\/v2\/pages"}],"about":[{"href":"https:\/\/shoefootprint.com\/lt\/wp-json\/wp\/v2\/types\/page"}],"author":[{"embeddable":true,"href":"https:\/\/shoefootprint.com\/lt\/wp-json\/wp\/v2\/users\/1"}],"replies":[{"embeddable":true,"href":"https:\/\/shoefootprint.com\/lt\/wp-json\/wp\/v2\/comments?post=36215"}],"version-history":[{"count":4,"href":"https:\/\/shoefootprint.com\/lt\/wp-json\/wp\/v2\/pages\/36215\/revisions"}],"predecessor-version":[{"id":44752,"href":"https:\/\/shoefootprint.com\/lt\/wp-json\/wp\/v2\/pages\/36215\/revisions\/44752"}],"wp:attachment":[{"href":"https:\/\/shoefootprint.com\/lt\/wp-json\/wp\/v2\/media?parent=36215"}],"curies":[{"name":"wp","href":"https:\/\/api.w.org\/{rel}","templated":true}]}}