{"id":19105,"date":"2024-10-02T18:33:21","date_gmt":"2024-10-02T18:33:21","guid":{"rendered":"https:\/\/shoefootprint.com\/product\/suede-pack-misko-zalia\/"},"modified":"2024-10-02T18:33:21","modified_gmt":"2024-10-02T18:33:21","slug":"suede-pack-misko-zalia","status":"publish","type":"product","link":"https:\/\/shoefootprint.com\/lt\/product\/suede-pack-misko-zalia\/","title":{"rendered":"Suede Pack mi\u0161ko \u017ealia"},"content":{"rendered":"<p>Pristatymas ir gr\u0105\u017einimas<br \/>\nPristatymas<br \/>\nU\u017esakymo procesas gali u\u017etrukti iki 2-10 darbo dien\u0173, priklausomai nuo produkt\u0173, tod\u0117l, jei u\u017esakymas yra itin skubus, susisiekite su mumis prie\u0161 pateikdami u\u017esakym\u0105 ir mes jums nurodysime tiksli\u0105 pristatymo dat\u0105.<\/p>\n<p>Gr\u0105\u017eina<\/p>\n<p>Jei nesate patenkinti gautomis prek\u0117mis, galite jas gr\u0105\u017einti mums per 14 dien\u0173 nuo gavimo, jei jos yra originalios b\u016bkl\u0117s. Apie gr\u0105\u017einim\u0105 reikia prane\u0161ti el. pa\u0161tu Kai gr\u0105\u017einsite, tur\u0117site teis\u0119 gauti mainus arba gr\u0105\u017einam\u0105j\u0105 i\u0161mok\u0105, \u012f kuri\u0105 nebus \u012fskai\u010diuotos originalios pa\u0161to ir pakuot\u0117s i\u0161laidos. Mes negalime gr\u0105\u017einti ar pakeisti daikt\u0173, kurie atrodo susid\u0117v\u0117j\u0119, i\u0161plauti ar n\u0117ra originalios b\u016bkl\u0117s. <\/p>\n<p>Visos gr\u0105\u017einamos prek\u0117s turi b\u016bti ned\u0117v\u0117tos, neskalbtos, su originaliomis etiket\u0117mis ir (arba) pakuote, jei taikoma.<\/p>\n<p>Mes neatsakome u\u017e preki\u0173 gr\u0105\u017einimo i\u0161laidas.<\/p>\n<p>Visi daiktai turi b\u016bti originalios, tinkamos perparduoti b\u016bkl\u0117s.<\/p>\n<p>\u012esitikinkite, kad visos gr\u0105\u017einamos prek\u0117s yra gerai supakuotos, kad neb\u016bt\u0173 pa\u017eeistos siun\u010diant pa\u0161tu.<\/p>\n<p>Jei gr\u0105\u017einate avalyn\u0119, \u012fsitikinkite, kad d\u0117\u017eut\u0117 yra apsaugota i\u0161oriniu pakuot\u0117s sluoksniu. D\u0117\u017eut\u0117 yra gaminio dalis, tod\u0117l d\u0117l bet kokio pa\u017eeidimo gali b\u016bti atsisakyta gr\u0105\u017einti gamin\u012f. <\/p>\n<p>\u012esitikinkite, kad visos gr\u0105\u017einamos siuntos siun\u010diamos su atsekamomis ir apdraustomis paslaugomis.<\/p>\n<p>Negalime prisiimti atsakomyb\u0117s u\u017e prekes, sugadintas ar prarastas jas gabenant atgal.<\/p>\n<p>Daugiau informacijos apie gr\u0105\u017einim\u0105 rasite m\u016bs\u0173 s\u0105lygose ir nuostatose.<\/p>\n","protected":false},"excerpt":{"rendered":"<p>Produkto kodas: M2002RHB<br \/>\nI\u0161leidimo data : Sausis 2022<br \/>\nColorway : NIGHTWATCH GREEN\/GREY\/WHITE<\/p>\n","protected":false},"featured_media":14053,"comment_status":"open","ping_status":"closed","template":"","meta":[],"product_cat":[191],"product_tag":[],"class_list":{"0":"post-19105","1":"product","2":"type-product","3":"status-publish","4":"has-post-thumbnail","6":"product_brand-new-balance-lt-2","7":"product_cat-nb-2002r","9":"first","10":"instock","11":"shipping-taxable","12":"purchasable","13":"product-type-variable"},"yoast_head":"<!-- This site is optimized with the Yoast SEO plugin v26.8 - https:\/\/yoast.com\/product\/yoast-seo-wordpress\/ -->\n<title>Suede Pack mi\u0161ko \u017ealia - Shoe footprint<\/title>\n<meta name=\"robots\" content=\"index, follow, max-snippet:-1, max-image-preview:large, max-video-preview:-1\" \/>\n<link rel=\"canonical\" href=\"https:\/\/shoefootprint.com\/product\/new-balance-2002r-suede-pack-forest-green\/\" \/>\n<meta property=\"og:locale\" content=\"lt_LT\" \/>\n<meta property=\"og:type\" content=\"article\" \/>\n<meta property=\"og:title\" content=\"Suede Pack mi\u0161ko \u017ealia - Shoe footprint\" \/>\n<meta property=\"og:description\" content=\"Produkto kodas: M2002RHB I\u0161leidimo data : Sausis 2022 Colorway : NIGHTWATCH GREEN\/GREY\/WHITE\" \/>\n<meta property=\"og:url\" content=\"https:\/\/shoefootprint.com\/product\/new-balance-2002r-suede-pack-forest-green\/\" \/>\n<meta property=\"og:site_name\" content=\"Shoe footprint\" \/>\n<meta property=\"og:image\" content=\"https:\/\/shoefootprint.com\/wp-content\/uploads\/2024\/10\/new-balance-2002r-suede-pack-forest-green-sneakers-new-balance-sneaker-request-109480-1.webp\" \/>\n\t<meta property=\"og:image:width\" content=\"700\" \/>\n\t<meta property=\"og:image:height\" content=\"420\" \/>\n\t<meta property=\"og:image:type\" content=\"image\/webp\" \/>\n<meta name=\"twitter:card\" content=\"summary_large_image\" \/>\n<meta name=\"twitter:label1\" content=\"Est. reading time\" \/>\n\t<meta name=\"twitter:data1\" content=\"1 minut\u0117\" \/>\n<script type=\"application\/ld+json\" class=\"yoast-schema-graph\">{\"@context\":\"https:\/\/schema.org\",\"@graph\":[{\"@type\":\"WebPage\",\"@id\":\"https:\/\/shoefootprint.com\/product\/new-balance-2002r-suede-pack-forest-green\/\",\"url\":\"https:\/\/shoefootprint.com\/product\/new-balance-2002r-suede-pack-forest-green\/\",\"name\":\"Suede Pack mi\u0161ko \u017ealia - Shoe footprint\",\"isPartOf\":{\"@id\":\"https:\/\/shoefootprint.com\/#website\"},\"primaryImageOfPage\":{\"@id\":\"https:\/\/shoefootprint.com\/product\/new-balance-2002r-suede-pack-forest-green\/#primaryimage\"},\"image\":{\"@id\":\"https:\/\/shoefootprint.com\/product\/new-balance-2002r-suede-pack-forest-green\/#primaryimage\"},\"thumbnailUrl\":\"https:\/\/shoefootprint.com\/wp-content\/uploads\/2024\/10\/new-balance-2002r-suede-pack-forest-green-sneakers-new-balance-sneaker-request-109480-1.webp\",\"datePublished\":\"2024-10-02T18:33:21+00:00\",\"breadcrumb\":{\"@id\":\"https:\/\/shoefootprint.com\/product\/new-balance-2002r-suede-pack-forest-green\/#breadcrumb\"},\"inLanguage\":\"lt-LT\",\"potentialAction\":[{\"@type\":\"ReadAction\",\"target\":[\"https:\/\/shoefootprint.com\/product\/new-balance-2002r-suede-pack-forest-green\/\"]}]},{\"@type\":\"ImageObject\",\"inLanguage\":\"lt-LT\",\"@id\":\"https:\/\/shoefootprint.com\/product\/new-balance-2002r-suede-pack-forest-green\/#primaryimage\",\"url\":\"https:\/\/shoefootprint.com\/wp-content\/uploads\/2024\/10\/new-balance-2002r-suede-pack-forest-green-sneakers-new-balance-sneaker-request-109480-1.webp\",\"contentUrl\":\"https:\/\/shoefootprint.com\/wp-content\/uploads\/2024\/10\/new-balance-2002r-suede-pack-forest-green-sneakers-new-balance-sneaker-request-109480-1.webp\",\"width\":700,\"height\":420},{\"@type\":\"BreadcrumbList\",\"@id\":\"https:\/\/shoefootprint.com\/product\/new-balance-2002r-suede-pack-forest-green\/#breadcrumb\",\"itemListElement\":[{\"@type\":\"ListItem\",\"position\":1,\"name\":\"Home\",\"item\":\"https:\/\/shoefootprint.com\/\"},{\"@type\":\"ListItem\",\"position\":2,\"name\":\"Shop\",\"item\":\"https:\/\/shoefootprint.com\/shop\/\"},{\"@type\":\"ListItem\",\"position\":3,\"name\":\"Suede Pack mi\u0161ko \u017ealia\"}]},{\"@type\":\"WebSite\",\"@id\":\"https:\/\/shoefootprint.com\/#website\",\"url\":\"https:\/\/shoefootprint.com\/\",\"name\":\"Shoe footprint\",\"description\":\"\",\"potentialAction\":[{\"@type\":\"SearchAction\",\"target\":{\"@type\":\"EntryPoint\",\"urlTemplate\":\"https:\/\/shoefootprint.com\/?s={search_term_string}\"},\"query-input\":{\"@type\":\"PropertyValueSpecification\",\"valueRequired\":true,\"valueName\":\"search_term_string\"}}],\"inLanguage\":\"lt-LT\"}]}<\/script>\n<!-- \/ Yoast SEO plugin. -->","yoast_head_json":{"title":"Suede Pack mi\u0161ko \u017ealia - Shoe footprint","robots":{"index":"index","follow":"follow","max-snippet":"max-snippet:-1","max-image-preview":"max-image-preview:large","max-video-preview":"max-video-preview:-1"},"canonical":"https:\/\/shoefootprint.com\/product\/new-balance-2002r-suede-pack-forest-green\/","og_locale":"lt_LT","og_type":"article","og_title":"Suede Pack mi\u0161ko \u017ealia - Shoe footprint","og_description":"Produkto kodas: M2002RHB I\u0161leidimo data : Sausis 2022 Colorway : NIGHTWATCH GREEN\/GREY\/WHITE","og_url":"https:\/\/shoefootprint.com\/product\/new-balance-2002r-suede-pack-forest-green\/","og_site_name":"Shoe footprint","og_image":[{"width":700,"height":420,"url":"https:\/\/shoefootprint.com\/wp-content\/uploads\/2024\/10\/new-balance-2002r-suede-pack-forest-green-sneakers-new-balance-sneaker-request-109480-1.webp","type":"image\/webp"}],"twitter_card":"summary_large_image","twitter_misc":{"Est. reading time":"1 minut\u0117"},"schema":{"@context":"https:\/\/schema.org","@graph":[{"@type":"WebPage","@id":"https:\/\/shoefootprint.com\/product\/new-balance-2002r-suede-pack-forest-green\/","url":"https:\/\/shoefootprint.com\/product\/new-balance-2002r-suede-pack-forest-green\/","name":"Suede Pack mi\u0161ko \u017ealia - Shoe footprint","isPartOf":{"@id":"https:\/\/shoefootprint.com\/#website"},"primaryImageOfPage":{"@id":"https:\/\/shoefootprint.com\/product\/new-balance-2002r-suede-pack-forest-green\/#primaryimage"},"image":{"@id":"https:\/\/shoefootprint.com\/product\/new-balance-2002r-suede-pack-forest-green\/#primaryimage"},"thumbnailUrl":"https:\/\/shoefootprint.com\/wp-content\/uploads\/2024\/10\/new-balance-2002r-suede-pack-forest-green-sneakers-new-balance-sneaker-request-109480-1.webp","datePublished":"2024-10-02T18:33:21+00:00","breadcrumb":{"@id":"https:\/\/shoefootprint.com\/product\/new-balance-2002r-suede-pack-forest-green\/#breadcrumb"},"inLanguage":"lt-LT","potentialAction":[{"@type":"ReadAction","target":["https:\/\/shoefootprint.com\/product\/new-balance-2002r-suede-pack-forest-green\/"]}]},{"@type":"ImageObject","inLanguage":"lt-LT","@id":"https:\/\/shoefootprint.com\/product\/new-balance-2002r-suede-pack-forest-green\/#primaryimage","url":"https:\/\/shoefootprint.com\/wp-content\/uploads\/2024\/10\/new-balance-2002r-suede-pack-forest-green-sneakers-new-balance-sneaker-request-109480-1.webp","contentUrl":"https:\/\/shoefootprint.com\/wp-content\/uploads\/2024\/10\/new-balance-2002r-suede-pack-forest-green-sneakers-new-balance-sneaker-request-109480-1.webp","width":700,"height":420},{"@type":"BreadcrumbList","@id":"https:\/\/shoefootprint.com\/product\/new-balance-2002r-suede-pack-forest-green\/#breadcrumb","itemListElement":[{"@type":"ListItem","position":1,"name":"Home","item":"https:\/\/shoefootprint.com\/"},{"@type":"ListItem","position":2,"name":"Shop","item":"https:\/\/shoefootprint.com\/shop\/"},{"@type":"ListItem","position":3,"name":"Suede Pack mi\u0161ko \u017ealia"}]},{"@type":"WebSite","@id":"https:\/\/shoefootprint.com\/#website","url":"https:\/\/shoefootprint.com\/","name":"Shoe footprint","description":"","potentialAction":[{"@type":"SearchAction","target":{"@type":"EntryPoint","urlTemplate":"https:\/\/shoefootprint.com\/?s={search_term_string}"},"query-input":{"@type":"PropertyValueSpecification","valueRequired":true,"valueName":"search_term_string"}}],"inLanguage":"lt-LT"}]}},"_links":{"self":[{"href":"https:\/\/shoefootprint.com\/lt\/wp-json\/wp\/v2\/product\/19105","targetHints":{"allow":["GET"]}}],"collection":[{"href":"https:\/\/shoefootprint.com\/lt\/wp-json\/wp\/v2\/product"}],"about":[{"href":"https:\/\/shoefootprint.com\/lt\/wp-json\/wp\/v2\/types\/product"}],"replies":[{"embeddable":true,"href":"https:\/\/shoefootprint.com\/lt\/wp-json\/wp\/v2\/comments?post=19105"}],"wp:featuredmedia":[{"embeddable":true,"href":"https:\/\/shoefootprint.com\/lt\/wp-json\/wp\/v2\/media\/14053"}],"wp:attachment":[{"href":"https:\/\/shoefootprint.com\/lt\/wp-json\/wp\/v2\/media?parent=19105"}],"wp:term":[{"taxonomy":"product_cat","embeddable":true,"href":"https:\/\/shoefootprint.com\/lt\/wp-json\/wp\/v2\/product_cat?post=19105"},{"taxonomy":"product_tag","embeddable":true,"href":"https:\/\/shoefootprint.com\/lt\/wp-json\/wp\/v2\/product_tag?post=19105"}],"curies":[{"name":"wp","href":"https:\/\/api.w.org\/{rel}","templated":true}]}}