{"id":19192,"date":"2024-10-03T10:57:24","date_gmt":"2024-10-03T10:57:24","guid":{"rendered":"https:\/\/shoefootprint.com\/product\/4-retro-uzsaldytos-akimirkos\/"},"modified":"2024-10-24T03:00:36","modified_gmt":"2024-10-24T03:00:36","slug":"4-retro-uzsaldytos-akimirkos","status":"publish","type":"product","link":"https:\/\/shoefootprint.com\/lt\/product\/4-retro-uzsaldytos-akimirkos\/","title":{"rendered":"4 Retro Frozen Moments"},"content":{"rendered":"<h2 class=\"elementor-heading-title elementor-size-default\">Pristatymas ir gr\u0105\u017einimas<\/h2>\n<div class=\"elementor-element elementor-element-61326755 elementor-widget elementor-widget-text-editor\" data-id=\"61326755\" data-element_type=\"widget\" data-widget_type=\"text-editor.default\">\n<h3 class=\"elementor-widget-container\">Siuntima<\/h3>\n<div class=\"elementor-widget-container\">\n<div>U\u017esakymo procesas gali u\u017etrukti iki 2-10 darbo dien\u0173, priklausomai nuo produkt\u0173, tod\u0117l, jei u\u017esakymas yra labai skubus, susisiekite su mumis prie\u0161 pateikdami u\u017esakym\u0105 ir mes pateiksime tiksli\u0105 pristatymo ir pristatymo dat\u0105.<\/div>\n<div>\n<div><\/div>\n<h3>Gr\u0105\u017einimai<\/h3>\n<p>Jei nesate patenkinti gautomis prek\u0117mis, galite jas gr\u0105\u017einti per 14 dien\u0173 nuo gavimo, jei jos yra originalios b\u016bkl\u0117s. Apie gr\u0105\u017einim\u0105 reikia prane\u0161ti el. pa\u0161tu. Gr\u0105\u017einus prekes, tur\u0117site teis\u0119 gauti keitim\u0105 arba pinig\u0173 gr\u0105\u017einim\u0105, \u012f kur\u012f ne\u012feina pradin\u0117s siuntimo ir pakavimo i\u0161laidos. Negalime gr\u0105\u017einti pinig\u0173 ar pakeisti preki\u0173, kurios atrodo d\u0117v\u0117tos, skalbtos arba n\u0117ra originalios b\u016bkl\u0117s. <\/p>\n<ul>\n<li>Visos gr\u0105\u017einamos prek\u0117s turi b\u016bti ned\u0117v\u0117tos, neskalbtos, su originaliomis etiket\u0117mis ir (arba) pakuote, jei taikoma.<\/li>\n<li>Mes neatsakome u\u017e preki\u0173 gr\u0105\u017einimo i\u0161laidas.<\/li>\n<li>Visi daiktai turi b\u016bti originalios, tinkamos perparduoti b\u016bkl\u0117s.<\/li>\n<li>\u012esitikinkite, kad visos gr\u0105\u017einamos prek\u0117s yra gerai supakuotos, kad neb\u016bt\u0173 pa\u017eeistos siun\u010diant pa\u0161tu.<\/li>\n<li>Jei gr\u0105\u017einate batus, pra\u0161ome u\u017etikrinti, kad d\u0117\u017e\u0117 b\u016bt\u0173 apsaugota i\u0161orin\u0117s pakuot\u0117s sluoksniu. D\u0117\u017e\u0117 yra produkto dalis, tod\u0117l bet koks sugadinimas gali lemti, kad gr\u0105\u017einimas bus atmestas. <\/li>\n<li>\u012esitikinkite, kad visos gr\u0105\u017einamos siuntos siun\u010diamos su atsekamomis ir apdraustomis paslaugomis.<\/li>\n<li>Negalime prisiimti atsakomyb\u0117s u\u017e prekes, sugadintas ar prarastas jas gabenant atgal.<\/li>\n<li>Daugiau informacijos apie gr\u0105\u017einim\u0105 rasite m\u016bs\u0173 s\u0105lygose ir nuostatose.<\/li>\n<\/ul>\n<\/div>\n<\/div>\n<\/div>\n","protected":false},"excerpt":{"rendered":"<ul data-sourcepos=\"3:1-8:0\">\n<li data-sourcepos=\"3:1-3:87\">The Air Jordan 4 Retro Frozen Moments is a women&#8217;s shoe that debuted in August 2023.<\/li>\n<li data-sourcepos=\"4:1-4:90\">It features a light iron ore, sail, neutral grey, black, and metallic silver colorway.<\/li>\n<li data-sourcepos=\"5:1-5:71\">The upper is made of a mix of suede and leather for a premium look.<\/li>\n<li data-sourcepos=\"6:1-6:64\">Metallic silver accents are visible on the eyelets and wings.<\/li>\n<li data-sourcepos=\"7:1-8:0\">A white midsole and outsole completes the look.<\/li>\n<\/ul>\n<p><strong>Release Date<\/strong> : August 2023 <strong>Colorway<\/strong> : LIGHT IRON ORE\/SAIL-NEUTRAL GREY-BLACK-METALLIC SILVER<\/p>\n","protected":false},"featured_media":14078,"comment_status":"open","ping_status":"closed","template":"","meta":[],"product_cat":[254,253],"product_tag":[],"class_list":{"0":"post-19192","1":"product","2":"type-product","3":"status-publish","4":"has-post-thumbnail","6":"product_brand-nike-lt-2","7":"product_cat-aj","8":"product_cat-nike-lt","10":"first","11":"instock","12":"shipping-taxable","13":"purchasable","14":"product-type-variable"},"yoast_head":"<!-- This site is optimized with the Yoast SEO plugin v26.8 - https:\/\/yoast.com\/product\/yoast-seo-wordpress\/ -->\n<title>4 Retro Frozen Moments - Shoe footprint<\/title>\n<meta name=\"robots\" content=\"index, follow, max-snippet:-1, max-image-preview:large, max-video-preview:-1\" \/>\n<link rel=\"canonical\" href=\"https:\/\/shoefootprint.com\/product\/4-retro-frozen-moments\/\" \/>\n<meta property=\"og:locale\" content=\"lt_LT\" \/>\n<meta property=\"og:type\" content=\"article\" \/>\n<meta property=\"og:title\" content=\"4 Retro Frozen Moments - Shoe footprint\" \/>\n<meta property=\"og:description\" content=\"The Air Jordan 4 Retro Frozen Moments is a women&#039;s shoe that debuted in August 2023.  It features a light iron ore, sail, neutral grey, black, and metallic silver colorway.  The upper is made of a mix of suede and leather for a premium look.  Metallic silver accents are visible on the eyelets and wings.  A white midsole and outsole completes the look. Release Date : August 2023 Colorway : LIGHT IRON ORE\/SAIL-NEUTRAL GREY-BLACK-METALLIC SILVER\" \/>\n<meta property=\"og:url\" content=\"https:\/\/shoefootprint.com\/product\/4-retro-frozen-moments\/\" \/>\n<meta property=\"og:site_name\" content=\"Shoe footprint\" \/>\n<meta property=\"article:modified_time\" content=\"2024-10-24T03:00:36+00:00\" \/>\n<meta property=\"og:image\" content=\"https:\/\/shoefootprint.com\/wp-content\/uploads\/2024\/10\/air-jordan-4-retro-frozen-moments-sneakers-air-jordan-sneaker-request-142515-1.webp\" \/>\n\t<meta property=\"og:image:width\" content=\"700\" \/>\n\t<meta property=\"og:image:height\" content=\"420\" \/>\n\t<meta property=\"og:image:type\" content=\"image\/webp\" \/>\n<meta name=\"twitter:card\" content=\"summary_large_image\" \/>\n<meta name=\"twitter:label1\" content=\"Est. reading time\" \/>\n\t<meta name=\"twitter:data1\" content=\"1 minut\u0117\" \/>\n<script type=\"application\/ld+json\" class=\"yoast-schema-graph\">{\"@context\":\"https:\/\/schema.org\",\"@graph\":[{\"@type\":\"WebPage\",\"@id\":\"https:\/\/shoefootprint.com\/product\/4-retro-frozen-moments\/\",\"url\":\"https:\/\/shoefootprint.com\/product\/4-retro-frozen-moments\/\",\"name\":\"4 Retro Frozen Moments - Shoe footprint\",\"isPartOf\":{\"@id\":\"https:\/\/shoefootprint.com\/#website\"},\"primaryImageOfPage\":{\"@id\":\"https:\/\/shoefootprint.com\/product\/4-retro-frozen-moments\/#primaryimage\"},\"image\":{\"@id\":\"https:\/\/shoefootprint.com\/product\/4-retro-frozen-moments\/#primaryimage\"},\"thumbnailUrl\":\"https:\/\/shoefootprint.com\/wp-content\/uploads\/2024\/10\/air-jordan-4-retro-frozen-moments-sneakers-air-jordan-sneaker-request-142515-1.webp\",\"datePublished\":\"2024-10-03T10:57:24+00:00\",\"dateModified\":\"2024-10-24T03:00:36+00:00\",\"breadcrumb\":{\"@id\":\"https:\/\/shoefootprint.com\/product\/4-retro-frozen-moments\/#breadcrumb\"},\"inLanguage\":\"lt-LT\",\"potentialAction\":[{\"@type\":\"ReadAction\",\"target\":[\"https:\/\/shoefootprint.com\/product\/4-retro-frozen-moments\/\"]}]},{\"@type\":\"ImageObject\",\"inLanguage\":\"lt-LT\",\"@id\":\"https:\/\/shoefootprint.com\/product\/4-retro-frozen-moments\/#primaryimage\",\"url\":\"https:\/\/shoefootprint.com\/wp-content\/uploads\/2024\/10\/air-jordan-4-retro-frozen-moments-sneakers-air-jordan-sneaker-request-142515-1.webp\",\"contentUrl\":\"https:\/\/shoefootprint.com\/wp-content\/uploads\/2024\/10\/air-jordan-4-retro-frozen-moments-sneakers-air-jordan-sneaker-request-142515-1.webp\",\"width\":700,\"height\":420},{\"@type\":\"BreadcrumbList\",\"@id\":\"https:\/\/shoefootprint.com\/product\/4-retro-frozen-moments\/#breadcrumb\",\"itemListElement\":[{\"@type\":\"ListItem\",\"position\":1,\"name\":\"Home\",\"item\":\"https:\/\/shoefootprint.com\/\"},{\"@type\":\"ListItem\",\"position\":2,\"name\":\"Shop\",\"item\":\"https:\/\/shoefootprint.com\/shop\/\"},{\"@type\":\"ListItem\",\"position\":3,\"name\":\"4 Retro Frozen Moments\"}]},{\"@type\":\"WebSite\",\"@id\":\"https:\/\/shoefootprint.com\/#website\",\"url\":\"https:\/\/shoefootprint.com\/\",\"name\":\"Shoe footprint\",\"description\":\"\",\"potentialAction\":[{\"@type\":\"SearchAction\",\"target\":{\"@type\":\"EntryPoint\",\"urlTemplate\":\"https:\/\/shoefootprint.com\/?s={search_term_string}\"},\"query-input\":{\"@type\":\"PropertyValueSpecification\",\"valueRequired\":true,\"valueName\":\"search_term_string\"}}],\"inLanguage\":\"lt-LT\"}]}<\/script>\n<!-- \/ Yoast SEO plugin. -->","yoast_head_json":{"title":"4 Retro Frozen Moments - Shoe footprint","robots":{"index":"index","follow":"follow","max-snippet":"max-snippet:-1","max-image-preview":"max-image-preview:large","max-video-preview":"max-video-preview:-1"},"canonical":"https:\/\/shoefootprint.com\/product\/4-retro-frozen-moments\/","og_locale":"lt_LT","og_type":"article","og_title":"4 Retro Frozen Moments - Shoe footprint","og_description":"The Air Jordan 4 Retro Frozen Moments is a women's shoe that debuted in August 2023.  It features a light iron ore, sail, neutral grey, black, and metallic silver colorway.  The upper is made of a mix of suede and leather for a premium look.  Metallic silver accents are visible on the eyelets and wings.  A white midsole and outsole completes the look. Release Date : August 2023 Colorway : LIGHT IRON ORE\/SAIL-NEUTRAL GREY-BLACK-METALLIC SILVER","og_url":"https:\/\/shoefootprint.com\/product\/4-retro-frozen-moments\/","og_site_name":"Shoe footprint","article_modified_time":"2024-10-24T03:00:36+00:00","og_image":[{"width":700,"height":420,"url":"https:\/\/shoefootprint.com\/wp-content\/uploads\/2024\/10\/air-jordan-4-retro-frozen-moments-sneakers-air-jordan-sneaker-request-142515-1.webp","type":"image\/webp"}],"twitter_card":"summary_large_image","twitter_misc":{"Est. reading time":"1 minut\u0117"},"schema":{"@context":"https:\/\/schema.org","@graph":[{"@type":"WebPage","@id":"https:\/\/shoefootprint.com\/product\/4-retro-frozen-moments\/","url":"https:\/\/shoefootprint.com\/product\/4-retro-frozen-moments\/","name":"4 Retro Frozen Moments - Shoe footprint","isPartOf":{"@id":"https:\/\/shoefootprint.com\/#website"},"primaryImageOfPage":{"@id":"https:\/\/shoefootprint.com\/product\/4-retro-frozen-moments\/#primaryimage"},"image":{"@id":"https:\/\/shoefootprint.com\/product\/4-retro-frozen-moments\/#primaryimage"},"thumbnailUrl":"https:\/\/shoefootprint.com\/wp-content\/uploads\/2024\/10\/air-jordan-4-retro-frozen-moments-sneakers-air-jordan-sneaker-request-142515-1.webp","datePublished":"2024-10-03T10:57:24+00:00","dateModified":"2024-10-24T03:00:36+00:00","breadcrumb":{"@id":"https:\/\/shoefootprint.com\/product\/4-retro-frozen-moments\/#breadcrumb"},"inLanguage":"lt-LT","potentialAction":[{"@type":"ReadAction","target":["https:\/\/shoefootprint.com\/product\/4-retro-frozen-moments\/"]}]},{"@type":"ImageObject","inLanguage":"lt-LT","@id":"https:\/\/shoefootprint.com\/product\/4-retro-frozen-moments\/#primaryimage","url":"https:\/\/shoefootprint.com\/wp-content\/uploads\/2024\/10\/air-jordan-4-retro-frozen-moments-sneakers-air-jordan-sneaker-request-142515-1.webp","contentUrl":"https:\/\/shoefootprint.com\/wp-content\/uploads\/2024\/10\/air-jordan-4-retro-frozen-moments-sneakers-air-jordan-sneaker-request-142515-1.webp","width":700,"height":420},{"@type":"BreadcrumbList","@id":"https:\/\/shoefootprint.com\/product\/4-retro-frozen-moments\/#breadcrumb","itemListElement":[{"@type":"ListItem","position":1,"name":"Home","item":"https:\/\/shoefootprint.com\/"},{"@type":"ListItem","position":2,"name":"Shop","item":"https:\/\/shoefootprint.com\/shop\/"},{"@type":"ListItem","position":3,"name":"4 Retro Frozen Moments"}]},{"@type":"WebSite","@id":"https:\/\/shoefootprint.com\/#website","url":"https:\/\/shoefootprint.com\/","name":"Shoe footprint","description":"","potentialAction":[{"@type":"SearchAction","target":{"@type":"EntryPoint","urlTemplate":"https:\/\/shoefootprint.com\/?s={search_term_string}"},"query-input":{"@type":"PropertyValueSpecification","valueRequired":true,"valueName":"search_term_string"}}],"inLanguage":"lt-LT"}]}},"_links":{"self":[{"href":"https:\/\/shoefootprint.com\/lt\/wp-json\/wp\/v2\/product\/19192","targetHints":{"allow":["GET"]}}],"collection":[{"href":"https:\/\/shoefootprint.com\/lt\/wp-json\/wp\/v2\/product"}],"about":[{"href":"https:\/\/shoefootprint.com\/lt\/wp-json\/wp\/v2\/types\/product"}],"replies":[{"embeddable":true,"href":"https:\/\/shoefootprint.com\/lt\/wp-json\/wp\/v2\/comments?post=19192"}],"wp:featuredmedia":[{"embeddable":true,"href":"https:\/\/shoefootprint.com\/lt\/wp-json\/wp\/v2\/media\/14078"}],"wp:attachment":[{"href":"https:\/\/shoefootprint.com\/lt\/wp-json\/wp\/v2\/media?parent=19192"}],"wp:term":[{"taxonomy":"product_cat","embeddable":true,"href":"https:\/\/shoefootprint.com\/lt\/wp-json\/wp\/v2\/product_cat?post=19192"},{"taxonomy":"product_tag","embeddable":true,"href":"https:\/\/shoefootprint.com\/lt\/wp-json\/wp\/v2\/product_tag?post=19192"}],"curies":[{"name":"wp","href":"https:\/\/api.w.org\/{rel}","templated":true}]}}