{"id":30736,"date":"2024-10-22T16:42:03","date_gmt":"2024-10-22T16:42:03","guid":{"rendered":"https:\/\/shoefootprint.com\/?post_type=product&#038;p=30736"},"modified":"2024-10-23T09:12:12","modified_gmt":"2024-10-23T09:12:12","slug":"9060-lietaus-debesis-copy-copy-copy-copy-copy-copy-copy-copy-copy-copy-copy-copy-copy-copy-copy-copy-copy-copy-copy-copy-copy-copy-copy-copy-copy-cop-35","status":"publish","type":"product","link":"https:\/\/shoefootprint.com\/lt\/product\/9060-lietaus-debesis-copy-copy-copy-copy-copy-copy-copy-copy-copy-copy-copy-copy-copy-copy-copy-copy-copy-copy-copy-copy-copy-copy-copy-copy-copy-cop-35\/","title":{"rendered":"GEL-QUANTUM 360 VIII UTILITY CARBON"},"content":{"rendered":"<p>SKU : U9060GRY<br \/>\nI\u0161leidimo data : 2022 m. rugs\u0117jis<br \/>\nSpalvin\u0117 gama : RAIN CLOUD\/CASTLEROCK\/WHITE<\/p>\n","protected":false},"excerpt":{"rendered":"<p>SKU : U9060GRY I\u0161leidimo data : 2022 m. rugs\u0117jis Spalvin\u0117 gama : RAIN CLOUD\/CASTLEROCK\/WHITE<\/p>\n","protected":false},"featured_media":30776,"comment_status":"open","ping_status":"closed","template":"","meta":[],"product_cat":[405],"product_tag":[],"class_list":{"0":"post-30736","1":"product","2":"type-product","3":"status-publish","4":"has-post-thumbnail","6":"product_brand-asics-lt","7":"product_cat-asics-lt","9":"first","10":"instock","11":"shipping-taxable","12":"purchasable","13":"product-type-variable"},"yoast_head":"<!-- This site is optimized with the Yoast SEO plugin v26.8 - https:\/\/yoast.com\/product\/yoast-seo-wordpress\/ -->\n<title>GEL-QUANTUM 360 VIII UTILITY CARBON - Shoe footprint<\/title>\n<meta name=\"robots\" content=\"index, follow, max-snippet:-1, max-image-preview:large, max-video-preview:-1\" \/>\n<link rel=\"canonical\" href=\"https:\/\/shoefootprint.com\/product\/gel-quantum-360-viii-utility-grey-copy\/\" \/>\n<meta property=\"og:locale\" content=\"lt_LT\" \/>\n<meta property=\"og:type\" content=\"article\" \/>\n<meta property=\"og:title\" content=\"GEL-QUANTUM 360 VIII UTILITY CARBON - Shoe footprint\" \/>\n<meta property=\"og:description\" content=\"SKU : U9060GRY I\u0161leidimo data : 2022 m. rugs\u0117jis Spalvin\u0117 gama : RAIN CLOUD\/CASTLEROCK\/WHITE\" \/>\n<meta property=\"og:url\" content=\"https:\/\/shoefootprint.com\/product\/gel-quantum-360-viii-utility-grey-copy\/\" \/>\n<meta property=\"og:site_name\" content=\"Shoe footprint\" \/>\n<meta property=\"article:modified_time\" content=\"2024-10-23T09:12:12+00:00\" \/>\n<meta property=\"og:image\" content=\"https:\/\/shoefootprint.com\/wp-content\/uploads\/2024\/10\/ezgif-6-e01b34c43b-removebg-preview.png\" \/>\n\t<meta property=\"og:image:width\" content=\"416\" \/>\n\t<meta property=\"og:image:height\" content=\"600\" \/>\n\t<meta property=\"og:image:type\" content=\"image\/png\" \/>\n<meta name=\"twitter:card\" content=\"summary_large_image\" \/>\n<script type=\"application\/ld+json\" class=\"yoast-schema-graph\">{\"@context\":\"https:\/\/schema.org\",\"@graph\":[{\"@type\":\"WebPage\",\"@id\":\"https:\/\/shoefootprint.com\/product\/gel-quantum-360-viii-utility-grey-copy\/\",\"url\":\"https:\/\/shoefootprint.com\/product\/gel-quantum-360-viii-utility-grey-copy\/\",\"name\":\"GEL-QUANTUM 360 VIII UTILITY CARBON - Shoe footprint\",\"isPartOf\":{\"@id\":\"https:\/\/shoefootprint.com\/#website\"},\"primaryImageOfPage\":{\"@id\":\"https:\/\/shoefootprint.com\/product\/gel-quantum-360-viii-utility-grey-copy\/#primaryimage\"},\"image\":{\"@id\":\"https:\/\/shoefootprint.com\/product\/gel-quantum-360-viii-utility-grey-copy\/#primaryimage\"},\"thumbnailUrl\":\"https:\/\/shoefootprint.com\/wp-content\/uploads\/2024\/10\/ezgif-6-e01b34c43b-removebg-preview.png\",\"datePublished\":\"2024-10-22T16:42:03+00:00\",\"dateModified\":\"2024-10-23T09:12:12+00:00\",\"breadcrumb\":{\"@id\":\"https:\/\/shoefootprint.com\/product\/gel-quantum-360-viii-utility-grey-copy\/#breadcrumb\"},\"inLanguage\":\"lt-LT\",\"potentialAction\":[{\"@type\":\"ReadAction\",\"target\":[\"https:\/\/shoefootprint.com\/product\/gel-quantum-360-viii-utility-grey-copy\/\"]}]},{\"@type\":\"ImageObject\",\"inLanguage\":\"lt-LT\",\"@id\":\"https:\/\/shoefootprint.com\/product\/gel-quantum-360-viii-utility-grey-copy\/#primaryimage\",\"url\":\"https:\/\/shoefootprint.com\/wp-content\/uploads\/2024\/10\/ezgif-6-e01b34c43b-removebg-preview.png\",\"contentUrl\":\"https:\/\/shoefootprint.com\/wp-content\/uploads\/2024\/10\/ezgif-6-e01b34c43b-removebg-preview.png\",\"width\":416,\"height\":600},{\"@type\":\"BreadcrumbList\",\"@id\":\"https:\/\/shoefootprint.com\/product\/gel-quantum-360-viii-utility-grey-copy\/#breadcrumb\",\"itemListElement\":[{\"@type\":\"ListItem\",\"position\":1,\"name\":\"Home\",\"item\":\"https:\/\/shoefootprint.com\/\"},{\"@type\":\"ListItem\",\"position\":2,\"name\":\"Shop\",\"item\":\"https:\/\/shoefootprint.com\/shop\/\"},{\"@type\":\"ListItem\",\"position\":3,\"name\":\"GEL-QUANTUM 360 VIII UTILITY CARBON\"}]},{\"@type\":\"WebSite\",\"@id\":\"https:\/\/shoefootprint.com\/#website\",\"url\":\"https:\/\/shoefootprint.com\/\",\"name\":\"Shoe footprint\",\"description\":\"\",\"potentialAction\":[{\"@type\":\"SearchAction\",\"target\":{\"@type\":\"EntryPoint\",\"urlTemplate\":\"https:\/\/shoefootprint.com\/?s={search_term_string}\"},\"query-input\":{\"@type\":\"PropertyValueSpecification\",\"valueRequired\":true,\"valueName\":\"search_term_string\"}}],\"inLanguage\":\"lt-LT\"}]}<\/script>\n<!-- \/ Yoast SEO plugin. -->","yoast_head_json":{"title":"GEL-QUANTUM 360 VIII UTILITY CARBON - Shoe footprint","robots":{"index":"index","follow":"follow","max-snippet":"max-snippet:-1","max-image-preview":"max-image-preview:large","max-video-preview":"max-video-preview:-1"},"canonical":"https:\/\/shoefootprint.com\/product\/gel-quantum-360-viii-utility-grey-copy\/","og_locale":"lt_LT","og_type":"article","og_title":"GEL-QUANTUM 360 VIII UTILITY CARBON - Shoe footprint","og_description":"SKU : U9060GRY I\u0161leidimo data : 2022 m. rugs\u0117jis Spalvin\u0117 gama : RAIN CLOUD\/CASTLEROCK\/WHITE","og_url":"https:\/\/shoefootprint.com\/product\/gel-quantum-360-viii-utility-grey-copy\/","og_site_name":"Shoe footprint","article_modified_time":"2024-10-23T09:12:12+00:00","og_image":[{"width":416,"height":600,"url":"https:\/\/shoefootprint.com\/wp-content\/uploads\/2024\/10\/ezgif-6-e01b34c43b-removebg-preview.png","type":"image\/png"}],"twitter_card":"summary_large_image","schema":{"@context":"https:\/\/schema.org","@graph":[{"@type":"WebPage","@id":"https:\/\/shoefootprint.com\/product\/gel-quantum-360-viii-utility-grey-copy\/","url":"https:\/\/shoefootprint.com\/product\/gel-quantum-360-viii-utility-grey-copy\/","name":"GEL-QUANTUM 360 VIII UTILITY CARBON - Shoe footprint","isPartOf":{"@id":"https:\/\/shoefootprint.com\/#website"},"primaryImageOfPage":{"@id":"https:\/\/shoefootprint.com\/product\/gel-quantum-360-viii-utility-grey-copy\/#primaryimage"},"image":{"@id":"https:\/\/shoefootprint.com\/product\/gel-quantum-360-viii-utility-grey-copy\/#primaryimage"},"thumbnailUrl":"https:\/\/shoefootprint.com\/wp-content\/uploads\/2024\/10\/ezgif-6-e01b34c43b-removebg-preview.png","datePublished":"2024-10-22T16:42:03+00:00","dateModified":"2024-10-23T09:12:12+00:00","breadcrumb":{"@id":"https:\/\/shoefootprint.com\/product\/gel-quantum-360-viii-utility-grey-copy\/#breadcrumb"},"inLanguage":"lt-LT","potentialAction":[{"@type":"ReadAction","target":["https:\/\/shoefootprint.com\/product\/gel-quantum-360-viii-utility-grey-copy\/"]}]},{"@type":"ImageObject","inLanguage":"lt-LT","@id":"https:\/\/shoefootprint.com\/product\/gel-quantum-360-viii-utility-grey-copy\/#primaryimage","url":"https:\/\/shoefootprint.com\/wp-content\/uploads\/2024\/10\/ezgif-6-e01b34c43b-removebg-preview.png","contentUrl":"https:\/\/shoefootprint.com\/wp-content\/uploads\/2024\/10\/ezgif-6-e01b34c43b-removebg-preview.png","width":416,"height":600},{"@type":"BreadcrumbList","@id":"https:\/\/shoefootprint.com\/product\/gel-quantum-360-viii-utility-grey-copy\/#breadcrumb","itemListElement":[{"@type":"ListItem","position":1,"name":"Home","item":"https:\/\/shoefootprint.com\/"},{"@type":"ListItem","position":2,"name":"Shop","item":"https:\/\/shoefootprint.com\/shop\/"},{"@type":"ListItem","position":3,"name":"GEL-QUANTUM 360 VIII UTILITY CARBON"}]},{"@type":"WebSite","@id":"https:\/\/shoefootprint.com\/#website","url":"https:\/\/shoefootprint.com\/","name":"Shoe footprint","description":"","potentialAction":[{"@type":"SearchAction","target":{"@type":"EntryPoint","urlTemplate":"https:\/\/shoefootprint.com\/?s={search_term_string}"},"query-input":{"@type":"PropertyValueSpecification","valueRequired":true,"valueName":"search_term_string"}}],"inLanguage":"lt-LT"}]}},"_links":{"self":[{"href":"https:\/\/shoefootprint.com\/lt\/wp-json\/wp\/v2\/product\/30736","targetHints":{"allow":["GET"]}}],"collection":[{"href":"https:\/\/shoefootprint.com\/lt\/wp-json\/wp\/v2\/product"}],"about":[{"href":"https:\/\/shoefootprint.com\/lt\/wp-json\/wp\/v2\/types\/product"}],"replies":[{"embeddable":true,"href":"https:\/\/shoefootprint.com\/lt\/wp-json\/wp\/v2\/comments?post=30736"}],"wp:featuredmedia":[{"embeddable":true,"href":"https:\/\/shoefootprint.com\/lt\/wp-json\/wp\/v2\/media\/30776"}],"wp:attachment":[{"href":"https:\/\/shoefootprint.com\/lt\/wp-json\/wp\/v2\/media?parent=30736"}],"wp:term":[{"taxonomy":"product_cat","embeddable":true,"href":"https:\/\/shoefootprint.com\/lt\/wp-json\/wp\/v2\/product_cat?post=30736"},{"taxonomy":"product_tag","embeddable":true,"href":"https:\/\/shoefootprint.com\/lt\/wp-json\/wp\/v2\/product_tag?post=30736"}],"curies":[{"name":"wp","href":"https:\/\/api.w.org\/{rel}","templated":true}]}}