{"id":32076,"date":"2024-10-19T05:52:46","date_gmt":"2024-10-19T05:52:46","guid":{"rendered":"https:\/\/shoefootprint.com\/product\/air-jordan-4-og-military-blue\/"},"modified":"2024-10-19T05:52:46","modified_gmt":"2024-10-19T05:52:46","slug":"air-jordan-4-og-military-blue","status":"publish","type":"product","link":"https:\/\/shoefootprint.com\/lt\/product\/air-jordan-4-og-military-blue\/","title":{"rendered":"Air Jordan 4 OG Military Blue"},"content":{"rendered":"<h2 class=\"elementor-heading-title elementor-size-default\">Pristatymas ir Gr\u0105\u017einimai<\/h2>\n<p>U\u017esakymo procesas gali u\u017etrukti iki 2-10 darbo dien\u0173, priklausomai nuo produkt\u0173. Taigi, jei j\u016bs\u0173 u\u017esakymas yra ypa\u010d skubus, pra\u0161ome susisiekti su mumis prie\u0161 pateikdami u\u017esakym\u0105, ir mes suteiksime jums tiksli\u0105 siuntimo ir pristatymo dat\u0105.<\/p>\n<h3>Gr\u0105\u017einimai<\/h3>\n<p>Jei nesate patenkinti gautomis prek\u0117mis, galite jas gr\u0105\u017einti mums per 14 dien\u0173 nuo gavimo, jei jos yra originalioje b\u016bkl\u0117je. Gr\u0105\u017einimai turi b\u016bti prane\u0161ti el. pa\u0161tu adresu <a href=\"mailto:info@shoefootprint.com\">info@shoefootprint.com<\/a>. Kai prek\u0117s bus gr\u0105\u017eintos, tur\u0117site teis\u0119 gauti mainus arba gr\u0105\u017einim\u0105, kuris neapims originali\u0173 siuntimo ir pakavimo i\u0161laid\u0173. Mes negalime gr\u0105\u017einti ar pakeisti preki\u0173, kurios atrodo, kad buvo d\u0117vimos, plaunamos ar n\u0117ra originalioje b\u016bkl\u0117je.. <\/p>\n<ul>\n<li>Visos gr\u0105\u017einamos prek\u0117s turi b\u016bti nenaudotos, neplautos, su originaliomis etiket\u0117mis ir (arba) pakuote, jei tai taikoma.<\/li>\n<li>Mes nesame atsakingi u\u017e gr\u0105\u017einam\u0173 preki\u0173 siuntimo i\u0161laidas.<\/li>\n<li>Visos prek\u0117s turi b\u016bti originalioje, tinkamoje perpardavimui b\u016bkl\u0117je.<\/li>\n<li>Pra\u0161ome \u012fsitikinti, kad visos gr\u0105\u017einamos prek\u0117s yra gerai supakuotos, kad siuntimo metu neb\u016bt\u0173 sugadintos.<\/li>\n<li>Jei gr\u0105\u017einate batus, pra\u0161ome u\u017etikrinti, kad d\u0117\u017e\u0117 b\u016bt\u0173 apsaugota i\u0161orin\u0117s pakuot\u0117s sluoksniu. D\u0117\u017e\u0117 yra produkto dalis, tod\u0117l bet koks sugadinimas gali lemti, kad gr\u0105\u017einimas bus atmestas. <\/li>\n<li>Pra\u0161ome u\u017etikrinti, kad visos gr\u0105\u017einamos pakuot\u0117s b\u016bt\u0173 siun\u010diamos su sekimo numeriu, apdrausta paslauga.<\/li>\n<li>Mes negalime prisiimti atsakomyb\u0117s u\u017e prekes, sugadintas arba prarastas gr\u0105\u017einimo siuntos metu.<\/li>\n<li>Pra\u0161ome susipa\u017einti su m\u016bs\u0173 Taisykli\u0173 ir S\u0105lyg\u0173 dokumentu, kad gautum\u0117te daugiau informacijos apie gr\u0105\u017einimus.<\/li>\n<\/ul>\n","protected":false},"excerpt":{"rendered":"<div class=\"accordion__content\">\n<div class=\"prose\"><strong>SKU<\/strong> : FV5029 141<br \/>\n<strong>Release Date<\/strong>: May 2024<\/div>\n<\/div>\n","protected":false},"featured_media":20815,"comment_status":"open","ping_status":"closed","template":"","meta":[],"product_cat":[254,253],"product_tag":[],"class_list":{"0":"post-32076","1":"product","2":"type-product","3":"status-publish","4":"has-post-thumbnail","6":"product_brand-nike-lt-2","7":"product_cat-aj","8":"product_cat-nike-lt","10":"first","11":"instock","12":"shipping-taxable","13":"purchasable","14":"product-type-variable"},"yoast_head":"<!-- This site is optimized with the Yoast SEO plugin v26.8 - https:\/\/yoast.com\/product\/yoast-seo-wordpress\/ -->\n<title>Air Jordan 4 OG Military Blue - Shoe footprint<\/title>\n<meta name=\"robots\" content=\"index, follow, max-snippet:-1, max-image-preview:large, max-video-preview:-1\" \/>\n<link rel=\"canonical\" href=\"https:\/\/shoefootprint.com\/product\/air-jordan-4-og-military-blue\/\" \/>\n<meta property=\"og:locale\" content=\"lt_LT\" \/>\n<meta property=\"og:type\" content=\"article\" \/>\n<meta property=\"og:title\" content=\"Air Jordan 4 OG Military Blue - Shoe footprint\" \/>\n<meta property=\"og:description\" content=\"SKU : FV5029 141 Release Date: May 2024\" \/>\n<meta property=\"og:url\" content=\"https:\/\/shoefootprint.com\/product\/air-jordan-4-og-military-blue\/\" \/>\n<meta property=\"og:site_name\" content=\"Shoe footprint\" \/>\n<meta property=\"og:image\" content=\"https:\/\/shoefootprint.com\/wp-content\/uploads\/2024\/10\/jordan-air-jordan-4-og-military-blue_23534298_49083570_2048.webp\" \/>\n\t<meta property=\"og:image:width\" content=\"2048\" \/>\n\t<meta property=\"og:image:height\" content=\"1229\" \/>\n\t<meta property=\"og:image:type\" content=\"image\/webp\" \/>\n<meta name=\"twitter:card\" content=\"summary_large_image\" \/>\n<meta name=\"twitter:label1\" content=\"Est. reading time\" \/>\n\t<meta name=\"twitter:data1\" content=\"1 minut\u0117\" \/>\n<script type=\"application\/ld+json\" class=\"yoast-schema-graph\">{\"@context\":\"https:\/\/schema.org\",\"@graph\":[{\"@type\":\"WebPage\",\"@id\":\"https:\/\/shoefootprint.com\/product\/air-jordan-4-og-military-blue\/\",\"url\":\"https:\/\/shoefootprint.com\/product\/air-jordan-4-og-military-blue\/\",\"name\":\"Air Jordan 4 OG Military Blue - Shoe footprint\",\"isPartOf\":{\"@id\":\"https:\/\/shoefootprint.com\/#website\"},\"primaryImageOfPage\":{\"@id\":\"https:\/\/shoefootprint.com\/product\/air-jordan-4-og-military-blue\/#primaryimage\"},\"image\":{\"@id\":\"https:\/\/shoefootprint.com\/product\/air-jordan-4-og-military-blue\/#primaryimage\"},\"thumbnailUrl\":\"https:\/\/shoefootprint.com\/wp-content\/uploads\/2024\/10\/jordan-air-jordan-4-og-military-blue_23534298_49083570_2048.webp\",\"datePublished\":\"2024-10-19T05:52:46+00:00\",\"breadcrumb\":{\"@id\":\"https:\/\/shoefootprint.com\/product\/air-jordan-4-og-military-blue\/#breadcrumb\"},\"inLanguage\":\"lt-LT\",\"potentialAction\":[{\"@type\":\"ReadAction\",\"target\":[\"https:\/\/shoefootprint.com\/product\/air-jordan-4-og-military-blue\/\"]}]},{\"@type\":\"ImageObject\",\"inLanguage\":\"lt-LT\",\"@id\":\"https:\/\/shoefootprint.com\/product\/air-jordan-4-og-military-blue\/#primaryimage\",\"url\":\"https:\/\/shoefootprint.com\/wp-content\/uploads\/2024\/10\/jordan-air-jordan-4-og-military-blue_23534298_49083570_2048.webp\",\"contentUrl\":\"https:\/\/shoefootprint.com\/wp-content\/uploads\/2024\/10\/jordan-air-jordan-4-og-military-blue_23534298_49083570_2048.webp\",\"width\":2048,\"height\":1229},{\"@type\":\"BreadcrumbList\",\"@id\":\"https:\/\/shoefootprint.com\/product\/air-jordan-4-og-military-blue\/#breadcrumb\",\"itemListElement\":[{\"@type\":\"ListItem\",\"position\":1,\"name\":\"Home\",\"item\":\"https:\/\/shoefootprint.com\/\"},{\"@type\":\"ListItem\",\"position\":2,\"name\":\"Shop\",\"item\":\"https:\/\/shoefootprint.com\/shop\/\"},{\"@type\":\"ListItem\",\"position\":3,\"name\":\"Air Jordan 4 OG Military Blue\"}]},{\"@type\":\"WebSite\",\"@id\":\"https:\/\/shoefootprint.com\/#website\",\"url\":\"https:\/\/shoefootprint.com\/\",\"name\":\"Shoe footprint\",\"description\":\"\",\"potentialAction\":[{\"@type\":\"SearchAction\",\"target\":{\"@type\":\"EntryPoint\",\"urlTemplate\":\"https:\/\/shoefootprint.com\/?s={search_term_string}\"},\"query-input\":{\"@type\":\"PropertyValueSpecification\",\"valueRequired\":true,\"valueName\":\"search_term_string\"}}],\"inLanguage\":\"lt-LT\"}]}<\/script>\n<!-- \/ Yoast SEO plugin. -->","yoast_head_json":{"title":"Air Jordan 4 OG Military Blue - Shoe footprint","robots":{"index":"index","follow":"follow","max-snippet":"max-snippet:-1","max-image-preview":"max-image-preview:large","max-video-preview":"max-video-preview:-1"},"canonical":"https:\/\/shoefootprint.com\/product\/air-jordan-4-og-military-blue\/","og_locale":"lt_LT","og_type":"article","og_title":"Air Jordan 4 OG Military Blue - Shoe footprint","og_description":"SKU : FV5029 141 Release Date: May 2024","og_url":"https:\/\/shoefootprint.com\/product\/air-jordan-4-og-military-blue\/","og_site_name":"Shoe footprint","og_image":[{"width":2048,"height":1229,"url":"https:\/\/shoefootprint.com\/wp-content\/uploads\/2024\/10\/jordan-air-jordan-4-og-military-blue_23534298_49083570_2048.webp","type":"image\/webp"}],"twitter_card":"summary_large_image","twitter_misc":{"Est. reading time":"1 minut\u0117"},"schema":{"@context":"https:\/\/schema.org","@graph":[{"@type":"WebPage","@id":"https:\/\/shoefootprint.com\/product\/air-jordan-4-og-military-blue\/","url":"https:\/\/shoefootprint.com\/product\/air-jordan-4-og-military-blue\/","name":"Air Jordan 4 OG Military Blue - Shoe footprint","isPartOf":{"@id":"https:\/\/shoefootprint.com\/#website"},"primaryImageOfPage":{"@id":"https:\/\/shoefootprint.com\/product\/air-jordan-4-og-military-blue\/#primaryimage"},"image":{"@id":"https:\/\/shoefootprint.com\/product\/air-jordan-4-og-military-blue\/#primaryimage"},"thumbnailUrl":"https:\/\/shoefootprint.com\/wp-content\/uploads\/2024\/10\/jordan-air-jordan-4-og-military-blue_23534298_49083570_2048.webp","datePublished":"2024-10-19T05:52:46+00:00","breadcrumb":{"@id":"https:\/\/shoefootprint.com\/product\/air-jordan-4-og-military-blue\/#breadcrumb"},"inLanguage":"lt-LT","potentialAction":[{"@type":"ReadAction","target":["https:\/\/shoefootprint.com\/product\/air-jordan-4-og-military-blue\/"]}]},{"@type":"ImageObject","inLanguage":"lt-LT","@id":"https:\/\/shoefootprint.com\/product\/air-jordan-4-og-military-blue\/#primaryimage","url":"https:\/\/shoefootprint.com\/wp-content\/uploads\/2024\/10\/jordan-air-jordan-4-og-military-blue_23534298_49083570_2048.webp","contentUrl":"https:\/\/shoefootprint.com\/wp-content\/uploads\/2024\/10\/jordan-air-jordan-4-og-military-blue_23534298_49083570_2048.webp","width":2048,"height":1229},{"@type":"BreadcrumbList","@id":"https:\/\/shoefootprint.com\/product\/air-jordan-4-og-military-blue\/#breadcrumb","itemListElement":[{"@type":"ListItem","position":1,"name":"Home","item":"https:\/\/shoefootprint.com\/"},{"@type":"ListItem","position":2,"name":"Shop","item":"https:\/\/shoefootprint.com\/shop\/"},{"@type":"ListItem","position":3,"name":"Air Jordan 4 OG Military Blue"}]},{"@type":"WebSite","@id":"https:\/\/shoefootprint.com\/#website","url":"https:\/\/shoefootprint.com\/","name":"Shoe footprint","description":"","potentialAction":[{"@type":"SearchAction","target":{"@type":"EntryPoint","urlTemplate":"https:\/\/shoefootprint.com\/?s={search_term_string}"},"query-input":{"@type":"PropertyValueSpecification","valueRequired":true,"valueName":"search_term_string"}}],"inLanguage":"lt-LT"}]}},"_links":{"self":[{"href":"https:\/\/shoefootprint.com\/lt\/wp-json\/wp\/v2\/product\/32076","targetHints":{"allow":["GET"]}}],"collection":[{"href":"https:\/\/shoefootprint.com\/lt\/wp-json\/wp\/v2\/product"}],"about":[{"href":"https:\/\/shoefootprint.com\/lt\/wp-json\/wp\/v2\/types\/product"}],"replies":[{"embeddable":true,"href":"https:\/\/shoefootprint.com\/lt\/wp-json\/wp\/v2\/comments?post=32076"}],"wp:featuredmedia":[{"embeddable":true,"href":"https:\/\/shoefootprint.com\/lt\/wp-json\/wp\/v2\/media\/20815"}],"wp:attachment":[{"href":"https:\/\/shoefootprint.com\/lt\/wp-json\/wp\/v2\/media?parent=32076"}],"wp:term":[{"taxonomy":"product_cat","embeddable":true,"href":"https:\/\/shoefootprint.com\/lt\/wp-json\/wp\/v2\/product_cat?post=32076"},{"taxonomy":"product_tag","embeddable":true,"href":"https:\/\/shoefootprint.com\/lt\/wp-json\/wp\/v2\/product_tag?post=32076"}],"curies":[{"name":"wp","href":"https:\/\/api.w.org\/{rel}","templated":true}]}}