{"id":19175,"date":"2024-10-03T10:57:24","date_gmt":"2024-10-03T10:57:24","guid":{"rendered":"https:\/\/shoefootprint.com\/product\/4-retro-bevroren-momenten\/"},"modified":"2024-10-24T05:11:43","modified_gmt":"2024-10-24T05:11:43","slug":"4-retro-bevroren-momenten","status":"publish","type":"product","link":"https:\/\/shoefootprint.com\/nl\/product\/4-retro-bevroren-momenten\/","title":{"rendered":"4 Retro Frozen Moments"},"content":{"rendered":"<h2 class=\"elementor-heading-title elementor-size-default\">Verzending en Retourneren<\/h2>\n<div class=\"elementor-element elementor-element-61326755 elementor-widget elementor-widget-text-editor\" data-id=\"61326755\" data-element_type=\"widget\" data-widget_type=\"text-editor.default\">\n<h3 class=\"elementor-widget-container\">Verzending&#8221;<\/h3>\n<div class=\"elementor-widget-container\">\n<div>Het bestelproces kan 2 tot 10 werkdagen duren, afhankelijk van de producten. Als uw bestelling zeer urgent is, neem dan alstublieft contact met ons op voordat u uw bestelling plaatst, en wij zullen u een exacte verzend- en leveringsdatum geven.<\/div>\n<div>\n<div><\/div>\n<h3>Retourneren<\/h3>\n<p>Wenn Sie mit der erhaltenen Ware nicht zufrieden sind, k\u00f6nnen Sie diese innerhalb von 14 Tagen nach Erhalt an uns zur\u00fccksenden, sofern sie sich im Originalzustand befindet. R\u00fccksendungen m\u00fcssen per E-Mail an info@shoefootprint.com Nach der R\u00fccksendung haben Sie Anspruch auf einen Umtausch oder eine R\u00fcckerstattung, die die Kosten f\u00fcr das Originalporto und die Verpackung nicht beinhaltet. Wir sind nicht in der Lage, Artikel zu erstatten oder umzutauschen, die anscheinend getragen, gewaschen oder nicht im Originalzustand sind. <\/p>\n<ul>\n<li>Alle geretourneerde artikelen moeten ongedragen, ongewassen en compleet met de originele labels en\/of verpakking zijn, indien van toepassing.<\/li>\n<li>Wij zijn niet verantwoordelijk voor de retourverzendkosten van de artikelen.<\/li>\n<li>Alle artikelen moeten in originele, verkoopbare staat zijn.<\/li>\n<li>Zorg ervoor dat alle geretourneerde artikelen goed verpakt zijn, zodat ze tijdens het verzenden niet beschadigd raken.<\/li>\n<li>Als u schoenen retourneert, zorg er dan voor dat de doos is beschermd met een extra verpakkingslaag. De doos is een onderdeel van het product, dus eventuele schade kan ertoe leiden dat de retourzending wordt geweigerd. <\/li>\n<li>Zorg ervoor dat alle retourpakketten worden verzonden met een traceerbare en verzekerde service.<\/li>\n<li>Wij kunnen geen verantwoordelijkheid nemen voor artikelen die beschadigd of verloren zijn tijdens de retourzending.<\/li>\n<li>Raadpleeg onze Algemene Voorwaarden voor meer informatie over retourzendingen.<\/li>\n<\/ul>\n<\/div>\n<\/div>\n<\/div>\n","protected":false},"excerpt":{"rendered":"<ul data-sourcepos=\"3:1-8:0\">\n<li data-sourcepos=\"3:1-3:87\">The Air Jordan 4 Retro Frozen Moments is a women&#8217;s shoe that debuted in August 2023.<\/li>\n<li data-sourcepos=\"4:1-4:90\">It features a light iron ore, sail, neutral grey, black, and metallic silver colorway.<\/li>\n<li data-sourcepos=\"5:1-5:71\">The upper is made of a mix of suede and leather for a premium look.<\/li>\n<li data-sourcepos=\"6:1-6:64\">Metallic silver accents are visible on the eyelets and wings.<\/li>\n<li data-sourcepos=\"7:1-8:0\">A white midsole and outsole completes the look.<\/li>\n<\/ul>\n<p><strong>Release Date<\/strong> : August 2023 <strong>Colorway<\/strong> : LIGHT IRON ORE\/SAIL-NEUTRAL GREY-BLACK-METALLIC SILVER<\/p>\n","protected":false},"featured_media":14075,"comment_status":"open","ping_status":"closed","template":"","meta":[],"product_cat":[238,237],"product_tag":[],"class_list":{"0":"post-19175","1":"product","2":"type-product","3":"status-publish","4":"has-post-thumbnail","6":"product_brand-nike-nl-2","7":"product_cat-air-jordan","8":"product_cat-nike-nl","10":"first","11":"instock","12":"shipping-taxable","13":"purchasable","14":"product-type-variable"},"yoast_head":"<!-- This site is optimized with the Yoast SEO plugin v26.8 - https:\/\/yoast.com\/product\/yoast-seo-wordpress\/ -->\n<title>4 Retro Frozen Moments - Shoe footprint<\/title>\n<meta name=\"robots\" content=\"index, follow, max-snippet:-1, max-image-preview:large, max-video-preview:-1\" \/>\n<link rel=\"canonical\" href=\"https:\/\/shoefootprint.com\/product\/4-retro-frozen-moments\/\" \/>\n<meta property=\"og:locale\" content=\"nl_NL\" \/>\n<meta property=\"og:type\" content=\"article\" \/>\n<meta property=\"og:title\" content=\"4 Retro Frozen Moments - Shoe footprint\" \/>\n<meta property=\"og:description\" content=\"The Air Jordan 4 Retro Frozen Moments is a women&#039;s shoe that debuted in August 2023.  It features a light iron ore, sail, neutral grey, black, and metallic silver colorway.  The upper is made of a mix of suede and leather for a premium look.  Metallic silver accents are visible on the eyelets and wings.  A white midsole and outsole completes the look. Release Date : August 2023 Colorway : LIGHT IRON ORE\/SAIL-NEUTRAL GREY-BLACK-METALLIC SILVER\" \/>\n<meta property=\"og:url\" content=\"https:\/\/shoefootprint.com\/product\/4-retro-frozen-moments\/\" \/>\n<meta property=\"og:site_name\" content=\"Shoe footprint\" \/>\n<meta property=\"article:modified_time\" content=\"2024-10-24T05:11:43+00:00\" \/>\n<meta property=\"og:image\" content=\"https:\/\/shoefootprint.com\/wp-content\/uploads\/2024\/10\/air-jordan-4-retro-frozen-moments-sneakers-air-jordan-sneaker-request-142515-1.webp\" \/>\n\t<meta property=\"og:image:width\" content=\"700\" \/>\n\t<meta property=\"og:image:height\" content=\"420\" \/>\n\t<meta property=\"og:image:type\" content=\"image\/webp\" \/>\n<meta name=\"twitter:card\" content=\"summary_large_image\" \/>\n<meta name=\"twitter:label1\" content=\"Geschatte leestijd\" \/>\n\t<meta name=\"twitter:data1\" content=\"1 minuut\" \/>\n<script type=\"application\/ld+json\" class=\"yoast-schema-graph\">{\"@context\":\"https:\/\/schema.org\",\"@graph\":[{\"@type\":\"WebPage\",\"@id\":\"https:\/\/shoefootprint.com\/product\/4-retro-frozen-moments\/\",\"url\":\"https:\/\/shoefootprint.com\/product\/4-retro-frozen-moments\/\",\"name\":\"4 Retro Frozen Moments - Shoe footprint\",\"isPartOf\":{\"@id\":\"https:\/\/shoefootprint.com\/#website\"},\"primaryImageOfPage\":{\"@id\":\"https:\/\/shoefootprint.com\/product\/4-retro-frozen-moments\/#primaryimage\"},\"image\":{\"@id\":\"https:\/\/shoefootprint.com\/product\/4-retro-frozen-moments\/#primaryimage\"},\"thumbnailUrl\":\"https:\/\/shoefootprint.com\/wp-content\/uploads\/2024\/10\/air-jordan-4-retro-frozen-moments-sneakers-air-jordan-sneaker-request-142515-1.webp\",\"datePublished\":\"2024-10-03T10:57:24+00:00\",\"dateModified\":\"2024-10-24T05:11:43+00:00\",\"breadcrumb\":{\"@id\":\"https:\/\/shoefootprint.com\/product\/4-retro-frozen-moments\/#breadcrumb\"},\"inLanguage\":\"nl-NL\",\"potentialAction\":[{\"@type\":\"ReadAction\",\"target\":[\"https:\/\/shoefootprint.com\/product\/4-retro-frozen-moments\/\"]}]},{\"@type\":\"ImageObject\",\"inLanguage\":\"nl-NL\",\"@id\":\"https:\/\/shoefootprint.com\/product\/4-retro-frozen-moments\/#primaryimage\",\"url\":\"https:\/\/shoefootprint.com\/wp-content\/uploads\/2024\/10\/air-jordan-4-retro-frozen-moments-sneakers-air-jordan-sneaker-request-142515-1.webp\",\"contentUrl\":\"https:\/\/shoefootprint.com\/wp-content\/uploads\/2024\/10\/air-jordan-4-retro-frozen-moments-sneakers-air-jordan-sneaker-request-142515-1.webp\",\"width\":700,\"height\":420},{\"@type\":\"BreadcrumbList\",\"@id\":\"https:\/\/shoefootprint.com\/product\/4-retro-frozen-moments\/#breadcrumb\",\"itemListElement\":[{\"@type\":\"ListItem\",\"position\":1,\"name\":\"Home\",\"item\":\"https:\/\/shoefootprint.com\/\"},{\"@type\":\"ListItem\",\"position\":2,\"name\":\"Winkel\",\"item\":\"https:\/\/shoefootprint.com\/shop\/\"},{\"@type\":\"ListItem\",\"position\":3,\"name\":\"4 Retro Frozen Moments\"}]},{\"@type\":\"WebSite\",\"@id\":\"https:\/\/shoefootprint.com\/#website\",\"url\":\"https:\/\/shoefootprint.com\/\",\"name\":\"Shoe footprint\",\"description\":\"\",\"potentialAction\":[{\"@type\":\"SearchAction\",\"target\":{\"@type\":\"EntryPoint\",\"urlTemplate\":\"https:\/\/shoefootprint.com\/?s={search_term_string}\"},\"query-input\":{\"@type\":\"PropertyValueSpecification\",\"valueRequired\":true,\"valueName\":\"search_term_string\"}}],\"inLanguage\":\"nl-NL\"}]}<\/script>\n<!-- \/ Yoast SEO plugin. -->","yoast_head_json":{"title":"4 Retro Frozen Moments - Shoe footprint","robots":{"index":"index","follow":"follow","max-snippet":"max-snippet:-1","max-image-preview":"max-image-preview:large","max-video-preview":"max-video-preview:-1"},"canonical":"https:\/\/shoefootprint.com\/product\/4-retro-frozen-moments\/","og_locale":"nl_NL","og_type":"article","og_title":"4 Retro Frozen Moments - Shoe footprint","og_description":"The Air Jordan 4 Retro Frozen Moments is a women's shoe that debuted in August 2023.  It features a light iron ore, sail, neutral grey, black, and metallic silver colorway.  The upper is made of a mix of suede and leather for a premium look.  Metallic silver accents are visible on the eyelets and wings.  A white midsole and outsole completes the look. Release Date : August 2023 Colorway : LIGHT IRON ORE\/SAIL-NEUTRAL GREY-BLACK-METALLIC SILVER","og_url":"https:\/\/shoefootprint.com\/product\/4-retro-frozen-moments\/","og_site_name":"Shoe footprint","article_modified_time":"2024-10-24T05:11:43+00:00","og_image":[{"width":700,"height":420,"url":"https:\/\/shoefootprint.com\/wp-content\/uploads\/2024\/10\/air-jordan-4-retro-frozen-moments-sneakers-air-jordan-sneaker-request-142515-1.webp","type":"image\/webp"}],"twitter_card":"summary_large_image","twitter_misc":{"Geschatte leestijd":"1 minuut"},"schema":{"@context":"https:\/\/schema.org","@graph":[{"@type":"WebPage","@id":"https:\/\/shoefootprint.com\/product\/4-retro-frozen-moments\/","url":"https:\/\/shoefootprint.com\/product\/4-retro-frozen-moments\/","name":"4 Retro Frozen Moments - Shoe footprint","isPartOf":{"@id":"https:\/\/shoefootprint.com\/#website"},"primaryImageOfPage":{"@id":"https:\/\/shoefootprint.com\/product\/4-retro-frozen-moments\/#primaryimage"},"image":{"@id":"https:\/\/shoefootprint.com\/product\/4-retro-frozen-moments\/#primaryimage"},"thumbnailUrl":"https:\/\/shoefootprint.com\/wp-content\/uploads\/2024\/10\/air-jordan-4-retro-frozen-moments-sneakers-air-jordan-sneaker-request-142515-1.webp","datePublished":"2024-10-03T10:57:24+00:00","dateModified":"2024-10-24T05:11:43+00:00","breadcrumb":{"@id":"https:\/\/shoefootprint.com\/product\/4-retro-frozen-moments\/#breadcrumb"},"inLanguage":"nl-NL","potentialAction":[{"@type":"ReadAction","target":["https:\/\/shoefootprint.com\/product\/4-retro-frozen-moments\/"]}]},{"@type":"ImageObject","inLanguage":"nl-NL","@id":"https:\/\/shoefootprint.com\/product\/4-retro-frozen-moments\/#primaryimage","url":"https:\/\/shoefootprint.com\/wp-content\/uploads\/2024\/10\/air-jordan-4-retro-frozen-moments-sneakers-air-jordan-sneaker-request-142515-1.webp","contentUrl":"https:\/\/shoefootprint.com\/wp-content\/uploads\/2024\/10\/air-jordan-4-retro-frozen-moments-sneakers-air-jordan-sneaker-request-142515-1.webp","width":700,"height":420},{"@type":"BreadcrumbList","@id":"https:\/\/shoefootprint.com\/product\/4-retro-frozen-moments\/#breadcrumb","itemListElement":[{"@type":"ListItem","position":1,"name":"Home","item":"https:\/\/shoefootprint.com\/"},{"@type":"ListItem","position":2,"name":"Winkel","item":"https:\/\/shoefootprint.com\/shop\/"},{"@type":"ListItem","position":3,"name":"4 Retro Frozen Moments"}]},{"@type":"WebSite","@id":"https:\/\/shoefootprint.com\/#website","url":"https:\/\/shoefootprint.com\/","name":"Shoe footprint","description":"","potentialAction":[{"@type":"SearchAction","target":{"@type":"EntryPoint","urlTemplate":"https:\/\/shoefootprint.com\/?s={search_term_string}"},"query-input":{"@type":"PropertyValueSpecification","valueRequired":true,"valueName":"search_term_string"}}],"inLanguage":"nl-NL"}]}},"_links":{"self":[{"href":"https:\/\/shoefootprint.com\/nl\/wp-json\/wp\/v2\/product\/19175","targetHints":{"allow":["GET"]}}],"collection":[{"href":"https:\/\/shoefootprint.com\/nl\/wp-json\/wp\/v2\/product"}],"about":[{"href":"https:\/\/shoefootprint.com\/nl\/wp-json\/wp\/v2\/types\/product"}],"replies":[{"embeddable":true,"href":"https:\/\/shoefootprint.com\/nl\/wp-json\/wp\/v2\/comments?post=19175"}],"wp:featuredmedia":[{"embeddable":true,"href":"https:\/\/shoefootprint.com\/nl\/wp-json\/wp\/v2\/media\/14075"}],"wp:attachment":[{"href":"https:\/\/shoefootprint.com\/nl\/wp-json\/wp\/v2\/media?parent=19175"}],"wp:term":[{"taxonomy":"product_cat","embeddable":true,"href":"https:\/\/shoefootprint.com\/nl\/wp-json\/wp\/v2\/product_cat?post=19175"},{"taxonomy":"product_tag","embeddable":true,"href":"https:\/\/shoefootprint.com\/nl\/wp-json\/wp\/v2\/product_tag?post=19175"}],"curies":[{"name":"wp","href":"https:\/\/api.w.org\/{rel}","templated":true}]}}